{"id":983,"date":"2023-12-12T17:14:57","date_gmt":"2023-12-12T16:14:57","guid":{"rendered":"https:\/\/mpfred.com\/?post_type=product&#038;p=983"},"modified":"2025-08-01T10:50:10","modified_gmt":"2025-08-01T09:50:10","slug":"wts","status":"publish","type":"product","link":"https:\/\/mpfred.com\/es\/producte\/wts\/","title":{"rendered":"WTS"},"content":{"rendered":"<ul>\n<li>Estaciones de agua\/aguaLas estaciones de refrigeraci\u00f3n de agua WTS han sido dise\u00f1adas espec\u00edficamente para aquellas aplicaciones en las que se requiere unidades plug and ply. Estas unidades est\u00e1n equipadas con todo el refrigerante y los componentes hidr\u00e1ulicos necesarios para producir agua fr\u00eda para aplicaciones comerciales e industriales.<\/li>\n<\/ul>\n<p><a href=\"https:\/\/mpfred.com\/wp-content\/uploads\/2023\/12\/WTS_compressed.pdf\" target=\"_blank\" rel=\"noopener\"><img loading=\"lazy\" decoding=\"async\" class=\"alignnone wp-image-355 size-full\" src=\"https:\/\/mpfred.com\/wp-content\/uploads\/2023\/11\/pdf.png\" alt=\"\" width=\"64\" height=\"64\" \/><\/a><\/p>\n<p style=\"text-align: left;\">\u00a0 \u00a0 \u00a0 \u00a0 <a href=\"https:\/\/mpfred.com\/wp-content\/uploads\/2023\/12\/WTS_compressed.pdf\" target=\"_blank\" rel=\"noopener\">Cat\u00e0leg PDF<\/a><\/p>\n","protected":false},"excerpt":{"rendered":"<p>Estaciones de agua\/aguaLas estaciones de refrigeraci\u00f3n de agua WTS han sido dise\u00f1adas espec\u00edficamente para aquellas aplicaciones en las que se requiere unidades plug and ply. Estas unidades est\u00e1n equipadas con todo el refrigerante y los componentes hidr\u00e1ulicos necesarios para producir agua fr\u00eda para aplicaciones comerciales e industriales. \u00a0 \u00a0 \u00a0 \u00a0 Cat\u00e0leg PDF<\/p>\n","protected":false},"featured_media":1491,"template":"","meta":{"_seopress_robots_primary_cat":"none","_seopress_titles_title":"","_seopress_titles_desc":"","_seopress_robots_index":""},"product_brand":[135],"product_cat":[72,73],"product_tag":[],"class_list":{"0":"post-983","1":"product","2":"type-product","3":"status-publish","4":"has-post-thumbnail","6":"product_brand-hidros","7":"product_cat-refredadors-i-bombes-calor","8":"product_cat-refrigeradors","10":"first","11":"instock","12":"featured","13":"shipping-taxable","14":"product-type-simple"},"_links":{"self":[{"href":"https:\/\/mpfred.com\/es\/wp-json\/wp\/v2\/product\/983","targetHints":{"allow":["GET"]}}],"collection":[{"href":"https:\/\/mpfred.com\/es\/wp-json\/wp\/v2\/product"}],"about":[{"href":"https:\/\/mpfred.com\/es\/wp-json\/wp\/v2\/types\/product"}],"wp:featuredmedia":[{"embeddable":true,"href":"https:\/\/mpfred.com\/es\/wp-json\/wp\/v2\/media\/1491"}],"wp:attachment":[{"href":"https:\/\/mpfred.com\/es\/wp-json\/wp\/v2\/media?parent=983"}],"wp:term":[{"taxonomy":"product_brand","embeddable":true,"href":"https:\/\/mpfred.com\/es\/wp-json\/wp\/v2\/product_brand?post=983"},{"taxonomy":"product_cat","embeddable":true,"href":"https:\/\/mpfred.com\/es\/wp-json\/wp\/v2\/product_cat?post=983"},{"taxonomy":"product_tag","embeddable":true,"href":"https:\/\/mpfred.com\/es\/wp-json\/wp\/v2\/product_tag?post=983"}],"curies":[{"name":"wp","href":"https:\/\/api.w.org\/{rel}","templated":true}]}}