{"id":973,"date":"2023-12-12T17:08:17","date_gmt":"2023-12-12T16:08:17","guid":{"rendered":"https:\/\/mpfred.com\/?post_type=product&#038;p=973"},"modified":"2025-08-01T10:50:10","modified_gmt":"2025-08-01T09:50:10","slug":"lda","status":"publish","type":"product","link":"https:\/\/mpfred.com\/es\/producte\/lda\/","title":{"rendered":"LDA"},"content":{"rendered":"<ul>\n<li>Enfriadora de agua aire\/agua (ventiladores axiales)<br \/>\n19 \u00f7 400 kW<br \/>\nLa serie LDA es un producto eficiente y silencioso, fiable y vers\u00e1til en las aplicaciones, destinado a la climatizaci\u00f3n de ambientes de uso comercial y terciario de dimensiones medianamente grandes.<\/li>\n<\/ul>\n<p><a href=\"https:\/\/mpfred.com\/wp-content\/uploads\/2023\/12\/LDA_compressed.pdf\" target=\"_blank\" rel=\"noopener\"><img loading=\"lazy\" decoding=\"async\" class=\"alignnone wp-image-355 size-full\" src=\"https:\/\/mpfred.com\/wp-content\/uploads\/2023\/11\/pdf.png\" alt=\"\" width=\"64\" height=\"64\" \/><\/a><\/p>\n<p style=\"text-align: left;\">\u00a0 \u00a0 \u00a0 \u00a0 <a href=\"https:\/\/mpfred.com\/wp-content\/uploads\/2023\/12\/LDA_compressed.pdf\" target=\"_blank\" rel=\"noopener\">Cat\u00e0leg PDF<\/a><\/p>\n","protected":false},"excerpt":{"rendered":"<p>Enfriadora de agua aire\/agua (ventiladores axiales) 19 \u00f7 400 kW La serie LDA es un producto eficiente y silencioso, fiable y vers\u00e1til en las aplicaciones, destinado a la climatizaci\u00f3n de ambientes de uso comercial y terciario de dimensiones medianamente grandes. \u00a0 \u00a0 \u00a0 \u00a0 Cat\u00e0leg PDF<\/p>\n","protected":false},"featured_media":974,"template":"","meta":{"_seopress_robots_primary_cat":"none","_seopress_titles_title":"","_seopress_titles_desc":"","_seopress_robots_index":""},"product_brand":[135],"product_cat":[72,73],"product_tag":[],"class_list":{"0":"post-973","1":"product","2":"type-product","3":"status-publish","4":"has-post-thumbnail","6":"product_brand-hidros","7":"product_cat-refredadors-i-bombes-calor","8":"product_cat-refrigeradors","10":"first","11":"instock","12":"featured","13":"shipping-taxable","14":"product-type-simple"},"_links":{"self":[{"href":"https:\/\/mpfred.com\/es\/wp-json\/wp\/v2\/product\/973","targetHints":{"allow":["GET"]}}],"collection":[{"href":"https:\/\/mpfred.com\/es\/wp-json\/wp\/v2\/product"}],"about":[{"href":"https:\/\/mpfred.com\/es\/wp-json\/wp\/v2\/types\/product"}],"wp:featuredmedia":[{"embeddable":true,"href":"https:\/\/mpfred.com\/es\/wp-json\/wp\/v2\/media\/974"}],"wp:attachment":[{"href":"https:\/\/mpfred.com\/es\/wp-json\/wp\/v2\/media?parent=973"}],"wp:term":[{"taxonomy":"product_brand","embeddable":true,"href":"https:\/\/mpfred.com\/es\/wp-json\/wp\/v2\/product_brand?post=973"},{"taxonomy":"product_cat","embeddable":true,"href":"https:\/\/mpfred.com\/es\/wp-json\/wp\/v2\/product_cat?post=973"},{"taxonomy":"product_tag","embeddable":true,"href":"https:\/\/mpfred.com\/es\/wp-json\/wp\/v2\/product_tag?post=973"}],"curies":[{"name":"wp","href":"https:\/\/api.w.org\/{rel}","templated":true}]}}