{"id":968,"date":"2023-12-11T18:00:39","date_gmt":"2023-12-11T17:00:39","guid":{"rendered":"https:\/\/mpfred.com\/?post_type=product&#038;p=968"},"modified":"2025-08-01T10:50:11","modified_gmt":"2025-08-01T09:50:11","slug":"fhe","status":"publish","type":"product","link":"https:\/\/mpfred.com\/es\/producte\/fhe\/","title":{"rendered":"FHE"},"content":{"rendered":"<ul>\n<li>Deshumidificadores con recuperador de calor de alt\u00edsima eficiencia<br \/>\n30 l\/24h<br \/>\nLos deshumidificadores con recuperador de calor de alt\u00edsima eficiencia de la serie FHE han sido dise\u00f1ados para garantizar la deshumidificaci\u00f3n y la renovaci\u00f3n del aire en ambientes residenciales con una elevad\u00edsima eficiencia energ\u00e9tica, en combinaci\u00f3n con sistemas de refrescamiento radiante<\/li>\n<\/ul>\n<p><a href=\"https:\/\/mpfred.com\/wp-content\/uploads\/2023\/12\/FHE_ESP_compressed.pdf\" target=\"_blank\" rel=\"noopener\"><img loading=\"lazy\" decoding=\"async\" class=\"alignnone wp-image-355 size-full\" src=\"https:\/\/mpfred.com\/wp-content\/uploads\/2023\/11\/pdf.png\" alt=\"\" width=\"64\" height=\"64\" \/><\/a><\/p>\n<p style=\"text-align: left;\">\u00a0 \u00a0 \u00a0 \u00a0 <a href=\"https:\/\/mpfred.com\/wp-content\/uploads\/2023\/12\/FHE_ESP_compressed.pdf\" target=\"_blank\" rel=\"noopener\">Cat\u00e0leg PDF<\/a><\/p>\n","protected":false},"excerpt":{"rendered":"<p>Deshumidificadores con recuperador de calor de alt\u00edsima eficiencia 30 l\/24h Los deshumidificadores con recuperador de calor de alt\u00edsima eficiencia de la serie FHE han sido dise\u00f1ados para garantizar la deshumidificaci\u00f3n y la renovaci\u00f3n del aire en ambientes residenciales con una elevad\u00edsima eficiencia energ\u00e9tica, en combinaci\u00f3n con sistemas de refrescamiento radiante \u00a0 \u00a0 \u00a0 \u00a0 Cat\u00e0leg [&hellip;]<\/p>\n","protected":false},"featured_media":971,"template":"","meta":{"_seopress_robots_primary_cat":"none","_seopress_titles_title":"","_seopress_titles_desc":"","_seopress_robots_index":""},"product_brand":[135],"product_cat":[68,71],"product_tag":[],"class_list":{"0":"post-968","1":"product","2":"type-product","3":"status-publish","4":"has-post-thumbnail","6":"product_brand-hidros","7":"product_cat-deshumidificadors","8":"product_cat-deshumidificadors-per-a-installacions-amb-panells-radiants","10":"first","11":"instock","12":"featured","13":"shipping-taxable","14":"product-type-simple"},"_links":{"self":[{"href":"https:\/\/mpfred.com\/es\/wp-json\/wp\/v2\/product\/968","targetHints":{"allow":["GET"]}}],"collection":[{"href":"https:\/\/mpfred.com\/es\/wp-json\/wp\/v2\/product"}],"about":[{"href":"https:\/\/mpfred.com\/es\/wp-json\/wp\/v2\/types\/product"}],"wp:featuredmedia":[{"embeddable":true,"href":"https:\/\/mpfred.com\/es\/wp-json\/wp\/v2\/media\/971"}],"wp:attachment":[{"href":"https:\/\/mpfred.com\/es\/wp-json\/wp\/v2\/media?parent=968"}],"wp:term":[{"taxonomy":"product_brand","embeddable":true,"href":"https:\/\/mpfred.com\/es\/wp-json\/wp\/v2\/product_brand?post=968"},{"taxonomy":"product_cat","embeddable":true,"href":"https:\/\/mpfred.com\/es\/wp-json\/wp\/v2\/product_cat?post=968"},{"taxonomy":"product_tag","embeddable":true,"href":"https:\/\/mpfred.com\/es\/wp-json\/wp\/v2\/product_tag?post=968"}],"curies":[{"name":"wp","href":"https:\/\/api.w.org\/{rel}","templated":true}]}}