{"id":943,"date":"2023-12-11T17:43:26","date_gmt":"2023-12-11T16:43:26","guid":{"rendered":"https:\/\/mpfred.com\/?post_type=product&#038;p=943"},"modified":"2025-08-01T10:50:11","modified_gmt":"2025-08-01T09:50:11","slug":"nsa","status":"publish","type":"product","link":"https:\/\/mpfred.com\/es\/producte\/nsa\/","title":{"rendered":"NSA"},"content":{"rendered":"<ul>\n<li>Deshumidificadores para piscina<br \/>\n260 &#8211; 940 l\/24h<br \/>\nLos deshumidificadores NSA son aparatos de elevado rendimiento dise\u00f1ados especialmente para piscinas donde sea necesario controlar el grado de humedad, previniendo el fen\u00f3meno de la condensaci\u00f3n y el deterioro de las instalaciones, y para garantizar un \u00f3ptimo confort ambiental. Indicado para peque\u00f1as piscinas \u00f3 locales de hidromasaje<\/li>\n<\/ul>\n<p><a href=\"https:\/\/mpfred.com\/wp-content\/uploads\/2023\/12\/NSA_ESP_compressed.pdf\" target=\"_blank\" rel=\"noopener\"><img loading=\"lazy\" decoding=\"async\" class=\"alignnone wp-image-355 size-full\" src=\"https:\/\/mpfred.com\/wp-content\/uploads\/2023\/11\/pdf.png\" alt=\"\" width=\"64\" height=\"64\" \/><\/a><\/p>\n<p style=\"text-align: left;\">\u00a0 \u00a0 \u00a0 \u00a0 <a href=\"https:\/\/mpfred.com\/wp-content\/uploads\/2023\/12\/NSA_ESP_compressed.pdf\" target=\"_blank\" rel=\"noopener\">Cat\u00e0leg PDF<\/a><\/p>\n","protected":false},"excerpt":{"rendered":"<p>Deshumidificadores para piscina 260 &#8211; 940 l\/24h Los deshumidificadores NSA son aparatos de elevado rendimiento dise\u00f1ados especialmente para piscinas donde sea necesario controlar el grado de humedad, previniendo el fen\u00f3meno de la condensaci\u00f3n y el deterioro de las instalaciones, y para garantizar un \u00f3ptimo confort ambiental. Indicado para peque\u00f1as piscinas \u00f3 locales de hidromasaje \u00a0 [&hellip;]<\/p>\n","protected":false},"featured_media":946,"template":"","meta":{"_seopress_robots_primary_cat":"none","_seopress_titles_title":"","_seopress_titles_desc":"","_seopress_robots_index":""},"product_brand":[135],"product_cat":[68,70],"product_tag":[],"class_list":{"0":"post-943","1":"product","2":"type-product","3":"status-publish","4":"has-post-thumbnail","6":"product_brand-hidros","7":"product_cat-deshumidificadors","8":"product_cat-deshumidificadors-per-a-piscines","10":"first","11":"instock","12":"featured","13":"shipping-taxable","14":"product-type-simple"},"_links":{"self":[{"href":"https:\/\/mpfred.com\/es\/wp-json\/wp\/v2\/product\/943","targetHints":{"allow":["GET"]}}],"collection":[{"href":"https:\/\/mpfred.com\/es\/wp-json\/wp\/v2\/product"}],"about":[{"href":"https:\/\/mpfred.com\/es\/wp-json\/wp\/v2\/types\/product"}],"wp:featuredmedia":[{"embeddable":true,"href":"https:\/\/mpfred.com\/es\/wp-json\/wp\/v2\/media\/946"}],"wp:attachment":[{"href":"https:\/\/mpfred.com\/es\/wp-json\/wp\/v2\/media?parent=943"}],"wp:term":[{"taxonomy":"product_brand","embeddable":true,"href":"https:\/\/mpfred.com\/es\/wp-json\/wp\/v2\/product_brand?post=943"},{"taxonomy":"product_cat","embeddable":true,"href":"https:\/\/mpfred.com\/es\/wp-json\/wp\/v2\/product_cat?post=943"},{"taxonomy":"product_tag","embeddable":true,"href":"https:\/\/mpfred.com\/es\/wp-json\/wp\/v2\/product_tag?post=943"}],"curies":[{"name":"wp","href":"https:\/\/api.w.org\/{rel}","templated":true}]}}