{"id":938,"date":"2023-12-11T17:40:58","date_gmt":"2023-12-11T16:40:58","guid":{"rendered":"https:\/\/mpfred.com\/?post_type=product&#038;p=938"},"modified":"2025-08-01T10:50:11","modified_gmt":"2025-08-01T09:50:11","slug":"sda","status":"publish","type":"product","link":"https:\/\/mpfred.com\/es\/producte\/sda\/","title":{"rendered":"SDA"},"content":{"rendered":"<ul>\n<li>Deshumidificadores para piscina<br \/>\n73 &#8211; 200 l\/24h<br \/>\nLos deshumidificadores SBA son aparatos de elevado rendimiento dise\u00f1ados especialmente para piscinas donde sea necesario controlar el grado de humedad, previniendo el fen\u00f3meno de la condensaci\u00f3n y garantizando un \u00f3ptimo confort ambiental, evitando el deterioro de las instalaciones. Indicado para peque\u00f1as piscinas, spas, gimnasios \u00f3 locales de hidromasaje.<\/li>\n<\/ul>\n<p><a href=\"https:\/\/mpfred.com\/wp-content\/uploads\/2023\/12\/SDA_ESP_compressed.pdf\" target=\"_blank\" rel=\"noopener\"><img loading=\"lazy\" decoding=\"async\" class=\"alignnone wp-image-355 size-full\" src=\"https:\/\/mpfred.com\/wp-content\/uploads\/2023\/11\/pdf.png\" alt=\"\" width=\"64\" height=\"64\" \/><\/a><\/p>\n<p style=\"text-align: left;\">\u00a0 \u00a0 \u00a0 \u00a0 <a href=\"https:\/\/mpfred.com\/wp-content\/uploads\/2023\/12\/SDA_ESP_compressed.pdf\" target=\"_blank\" rel=\"noopener\">Cat\u00e0leg PDF<\/a><\/p>\n","protected":false},"excerpt":{"rendered":"<p>Deshumidificadores para piscina 73 &#8211; 200 l\/24h Los deshumidificadores SBA son aparatos de elevado rendimiento dise\u00f1ados especialmente para piscinas donde sea necesario controlar el grado de humedad, previniendo el fen\u00f3meno de la condensaci\u00f3n y garantizando un \u00f3ptimo confort ambiental, evitando el deterioro de las instalaciones. Indicado para peque\u00f1as piscinas, spas, gimnasios \u00f3 locales de hidromasaje. [&hellip;]<\/p>\n","protected":false},"featured_media":939,"template":"","meta":{"_seopress_robots_primary_cat":"none","_seopress_titles_title":"","_seopress_titles_desc":"","_seopress_robots_index":""},"product_brand":[135],"product_cat":[68,70],"product_tag":[],"class_list":{"0":"post-938","1":"product","2":"type-product","3":"status-publish","4":"has-post-thumbnail","6":"product_brand-hidros","7":"product_cat-deshumidificadors","8":"product_cat-deshumidificadors-per-a-piscines","10":"first","11":"instock","12":"featured","13":"shipping-taxable","14":"product-type-simple"},"_links":{"self":[{"href":"https:\/\/mpfred.com\/es\/wp-json\/wp\/v2\/product\/938","targetHints":{"allow":["GET"]}}],"collection":[{"href":"https:\/\/mpfred.com\/es\/wp-json\/wp\/v2\/product"}],"about":[{"href":"https:\/\/mpfred.com\/es\/wp-json\/wp\/v2\/types\/product"}],"wp:featuredmedia":[{"embeddable":true,"href":"https:\/\/mpfred.com\/es\/wp-json\/wp\/v2\/media\/939"}],"wp:attachment":[{"href":"https:\/\/mpfred.com\/es\/wp-json\/wp\/v2\/media?parent=938"}],"wp:term":[{"taxonomy":"product_brand","embeddable":true,"href":"https:\/\/mpfred.com\/es\/wp-json\/wp\/v2\/product_brand?post=938"},{"taxonomy":"product_cat","embeddable":true,"href":"https:\/\/mpfred.com\/es\/wp-json\/wp\/v2\/product_cat?post=938"},{"taxonomy":"product_tag","embeddable":true,"href":"https:\/\/mpfred.com\/es\/wp-json\/wp\/v2\/product_tag?post=938"}],"curies":[{"name":"wp","href":"https:\/\/api.w.org\/{rel}","templated":true}]}}