{"id":884,"date":"2023-12-07T17:08:23","date_gmt":"2023-12-07T16:08:23","guid":{"rendered":"https:\/\/mpfred.com\/?post_type=product&#038;p=884"},"modified":"2025-08-01T10:50:11","modified_gmt":"2025-08-01T09:50:11","slug":"scand","status":"publish","type":"product","link":"https:\/\/mpfred.com\/es\/producte\/scand\/","title":{"rendered":"SCAND"},"content":{"rendered":"<ul>\n<li>Cortina de aire curvada de gran eficiencia energ\u00e9tica para puertas giratorias.\n<p>&nbsp;<\/li>\n<li>Scand es una cortina de aire vertical especialmente dise\u00f1ada para puertas giratorias, con un dise\u00f1o curvado que se integra en la puerta como si fuera parte de ella. La cortina de aire se adapta a las necesidades del cliente y est\u00e1 equipada con motores EC de gran eficiencia energ\u00e9tica que permiten el control progresivo del caudal de aire. Junto con el inteligente sistema de control FC, la cortina de aire le permite optimizar f\u00e1cilmente su confort y ahorrar energ\u00eda.\n<p><a href=\"https:\/\/mpfred.com\/wp-content\/uploads\/2023\/12\/CAT_FRICO_SCAND_ES_210120_compressed.pdf\" target=\"_blank\" rel=\"noopener\"><img loading=\"lazy\" decoding=\"async\" class=\"alignnone wp-image-355 size-full\" src=\"https:\/\/mpfred.com\/wp-content\/uploads\/2023\/11\/pdf.png\" alt=\"\" width=\"64\" height=\"64\" \/><\/a><\/li>\n<\/ul>\n<p style=\"text-align: left;\">\u00a0 \u00a0\u00a0 \u00a0\u00a0 <a href=\"https:\/\/mpfred.com\/wp-content\/uploads\/2023\/12\/CAT_FRICO_SCAND_ES_210120_compressed.pdf\" target=\"_blank\" rel=\"noopener\">Cat\u00e0leg PDF<\/a><\/p>\n","protected":false},"excerpt":{"rendered":"<p>Cortina de aire curvada de gran eficiencia energ\u00e9tica para puertas giratorias. &nbsp; Scand es una cortina de aire vertical especialmente dise\u00f1ada para puertas giratorias, con un dise\u00f1o curvado que se integra en la puerta como si fuera parte de ella. La cortina de aire se adapta a las necesidades del cliente y est\u00e1 equipada con [&hellip;]<\/p>\n","protected":false},"featured_media":887,"template":"","meta":{"_seopress_robots_primary_cat":"none","_seopress_titles_title":"","_seopress_titles_desc":"","_seopress_robots_index":""},"product_brand":[134],"product_cat":[67],"product_tag":[],"class_list":{"0":"post-884","1":"product","2":"type-product","3":"status-publish","4":"has-post-thumbnail","6":"product_brand-frico","7":"product_cat-cortines-daire-portes-giratories","9":"first","10":"instock","11":"featured","12":"shipping-taxable","13":"product-type-simple"},"_links":{"self":[{"href":"https:\/\/mpfred.com\/es\/wp-json\/wp\/v2\/product\/884","targetHints":{"allow":["GET"]}}],"collection":[{"href":"https:\/\/mpfred.com\/es\/wp-json\/wp\/v2\/product"}],"about":[{"href":"https:\/\/mpfred.com\/es\/wp-json\/wp\/v2\/types\/product"}],"wp:featuredmedia":[{"embeddable":true,"href":"https:\/\/mpfred.com\/es\/wp-json\/wp\/v2\/media\/887"}],"wp:attachment":[{"href":"https:\/\/mpfred.com\/es\/wp-json\/wp\/v2\/media?parent=884"}],"wp:term":[{"taxonomy":"product_brand","embeddable":true,"href":"https:\/\/mpfred.com\/es\/wp-json\/wp\/v2\/product_brand?post=884"},{"taxonomy":"product_cat","embeddable":true,"href":"https:\/\/mpfred.com\/es\/wp-json\/wp\/v2\/product_cat?post=884"},{"taxonomy":"product_tag","embeddable":true,"href":"https:\/\/mpfred.com\/es\/wp-json\/wp\/v2\/product_tag?post=884"}],"curies":[{"name":"wp","href":"https:\/\/api.w.org\/{rel}","templated":true}]}}