{"id":869,"date":"2023-12-07T16:54:19","date_gmt":"2023-12-07T15:54:19","guid":{"rendered":"https:\/\/mpfred.com\/?post_type=product&#038;p=869"},"modified":"2025-08-01T10:50:11","modified_gmt":"2025-08-01T09:50:11","slug":"pamir5000","status":"publish","type":"product","link":"https:\/\/mpfred.com\/es\/producte\/pamir5000\/","title":{"rendered":"PAMIR5000"},"content":{"rendered":"<ul>\n<li>Elegante cortina de aire de gran eficiencia energ\u00e9tica para naves industriales.\n<p>&nbsp;<\/li>\n<li>Pamir 5000 tiene una altura de instalaci\u00f3n recomendada de 5 m y est\u00e1 equipada con motores EC de gran eficiencia energ\u00e9tica que permiten el control progresivo del caudal de aire. La cortina de aire junto con el inteligente sistema de control FC le permite optimizar con facilidad el confort y ahorrar energ\u00eda.\n<p>&nbsp;<\/li>\n<li>Hay modelos para instalaci\u00f3n en horizontal, en vertical y en falso techo. Pamir 5000 tiene una anchura de instalaci\u00f3n recomendada de 7 m con cortinas de aire montadas a ambos lados del hueco de entrada.\n<p><a href=\"https:\/\/mpfred.com\/wp-content\/uploads\/2023\/12\/CAT_FRICO_PAMIR5000_ES_210120_compressed.pdf\" target=\"_blank\" rel=\"noopener\"><img loading=\"lazy\" decoding=\"async\" class=\"alignnone wp-image-355 size-full\" src=\"https:\/\/mpfred.com\/wp-content\/uploads\/2023\/11\/pdf.png\" alt=\"\" width=\"64\" height=\"64\" \/><\/a><\/li>\n<\/ul>\n<p style=\"text-align: left;\">\u00a0 \u00a0\u00a0 \u00a0\u00a0 <a href=\"https:\/\/mpfred.com\/wp-content\/uploads\/2023\/12\/CAT_FRICO_PAMIR5000_ES_210120_compressed.pdf\" target=\"_blank\" rel=\"noopener\">Cat\u00e0leg PDF<\/a><\/p>\n","protected":false},"excerpt":{"rendered":"<p>Elegante cortina de aire de gran eficiencia energ\u00e9tica para naves industriales. &nbsp; Pamir 5000 tiene una altura de instalaci\u00f3n recomendada de 5 m y est\u00e1 equipada con motores EC de gran eficiencia energ\u00e9tica que permiten el control progresivo del caudal de aire. La cortina de aire junto con el inteligente sistema de control FC le [&hellip;]<\/p>\n","protected":false},"featured_media":870,"template":"","meta":{"_seopress_robots_primary_cat":"none","_seopress_titles_title":"","_seopress_titles_desc":"","_seopress_robots_index":""},"product_brand":[134],"product_cat":[66],"product_tag":[],"class_list":{"0":"post-869","1":"product","2":"type-product","3":"status-publish","4":"has-post-thumbnail","6":"product_brand-frico","7":"product_cat-cortines-daire-industria","9":"first","10":"instock","11":"featured","12":"shipping-taxable","13":"product-type-simple"},"_links":{"self":[{"href":"https:\/\/mpfred.com\/es\/wp-json\/wp\/v2\/product\/869","targetHints":{"allow":["GET"]}}],"collection":[{"href":"https:\/\/mpfred.com\/es\/wp-json\/wp\/v2\/product"}],"about":[{"href":"https:\/\/mpfred.com\/es\/wp-json\/wp\/v2\/types\/product"}],"wp:featuredmedia":[{"embeddable":true,"href":"https:\/\/mpfred.com\/es\/wp-json\/wp\/v2\/media\/870"}],"wp:attachment":[{"href":"https:\/\/mpfred.com\/es\/wp-json\/wp\/v2\/media?parent=869"}],"wp:term":[{"taxonomy":"product_brand","embeddable":true,"href":"https:\/\/mpfred.com\/es\/wp-json\/wp\/v2\/product_brand?post=869"},{"taxonomy":"product_cat","embeddable":true,"href":"https:\/\/mpfred.com\/es\/wp-json\/wp\/v2\/product_cat?post=869"},{"taxonomy":"product_tag","embeddable":true,"href":"https:\/\/mpfred.com\/es\/wp-json\/wp\/v2\/product_tag?post=869"}],"curies":[{"name":"wp","href":"https:\/\/api.w.org\/{rel}","templated":true}]}}