{"id":864,"date":"2023-12-07T16:43:43","date_gmt":"2023-12-07T15:43:43","guid":{"rendered":"https:\/\/mpfred.com\/?post_type=product&#038;p=864"},"modified":"2025-08-01T10:50:11","modified_gmt":"2025-08-01T09:50:11","slug":"pa1508","status":"publish","type":"product","link":"https:\/\/mpfred.com\/es\/producte\/pa1508\/","title":{"rendered":"PA1508"},"content":{"rendered":"<ul>\n<li>Cortinas de aire para aberturas peque\u00f1as\n<p>\u2022 Montaje horizontal<br \/>\n\u2022 Longitud: 0,8 m<br \/>\nPA1508 est\u00e1 destinada principalmente para peque\u00f1as aberturas, como quioscos, ventanas mostrador y asientos de cajeros en los que se requiere un flujo de aire largo y estrecho. Genera una barrera de aire de separaci\u00f3n de temperaturas que impide la entrada de aire fr\u00edo y la salida de aire caliente. PA1508 tambi\u00e9n proporciona calor adicional y de esta forma mejora el entorno de trabajo.<\/p>\n<p><a href=\"https:\/\/mpfred.com\/wp-content\/uploads\/2023\/12\/CAT_FRICO_PA1508_ES_20200120_compressed.pdf\" target=\"_blank\" rel=\"noopener\"><img loading=\"lazy\" decoding=\"async\" class=\"alignnone wp-image-355 size-full\" src=\"https:\/\/mpfred.com\/wp-content\/uploads\/2023\/11\/pdf.png\" alt=\"\" width=\"64\" height=\"64\" \/><\/a><\/li>\n<\/ul>\n<p style=\"text-align: left;\">\u00a0 \u00a0\u00a0 \u00a0\u00a0 <a href=\"https:\/\/mpfred.com\/wp-content\/uploads\/2023\/12\/CAT_FRICO_PA1508_ES_20200120_compressed.pdf\" target=\"_blank\" rel=\"noopener\">Cat\u00e0leg PDF<\/a><\/p>\n","protected":false},"excerpt":{"rendered":"<p>Cortinas de aire para aberturas peque\u00f1as \u2022 Montaje horizontal \u2022 Longitud: 0,8 m PA1508 est\u00e1 destinada principalmente para peque\u00f1as aberturas, como quioscos, ventanas mostrador y asientos de cajeros en los que se requiere un flujo de aire largo y estrecho. Genera una barrera de aire de separaci\u00f3n de temperaturas que impide la entrada de aire [&hellip;]<\/p>\n","protected":false},"featured_media":867,"template":"","meta":{"_seopress_robots_primary_cat":"none","_seopress_titles_title":"","_seopress_titles_desc":"","_seopress_robots_index":""},"product_brand":[134],"product_cat":[65],"product_tag":[],"class_list":{"0":"post-864","1":"product","2":"type-product","3":"status-publish","4":"has-post-thumbnail","6":"product_brand-frico","7":"product_cat-cortines-daire-obertures-petites","9":"first","10":"instock","11":"featured","12":"shipping-taxable","13":"product-type-simple"},"_links":{"self":[{"href":"https:\/\/mpfred.com\/es\/wp-json\/wp\/v2\/product\/864","targetHints":{"allow":["GET"]}}],"collection":[{"href":"https:\/\/mpfred.com\/es\/wp-json\/wp\/v2\/product"}],"about":[{"href":"https:\/\/mpfred.com\/es\/wp-json\/wp\/v2\/types\/product"}],"wp:featuredmedia":[{"embeddable":true,"href":"https:\/\/mpfred.com\/es\/wp-json\/wp\/v2\/media\/867"}],"wp:attachment":[{"href":"https:\/\/mpfred.com\/es\/wp-json\/wp\/v2\/media?parent=864"}],"wp:term":[{"taxonomy":"product_brand","embeddable":true,"href":"https:\/\/mpfred.com\/es\/wp-json\/wp\/v2\/product_brand?post=864"},{"taxonomy":"product_cat","embeddable":true,"href":"https:\/\/mpfred.com\/es\/wp-json\/wp\/v2\/product_cat?post=864"},{"taxonomy":"product_tag","embeddable":true,"href":"https:\/\/mpfred.com\/es\/wp-json\/wp\/v2\/product_tag?post=864"}],"curies":[{"name":"wp","href":"https:\/\/api.w.org\/{rel}","templated":true}]}}