{"id":849,"date":"2023-12-07T16:25:11","date_gmt":"2023-12-07T15:25:11","guid":{"rendered":"https:\/\/mpfred.com\/?post_type=product&#038;p=849"},"modified":"2025-08-01T10:50:11","modified_gmt":"2025-08-01T09:50:11","slug":"ar200","status":"publish","type":"product","link":"https:\/\/mpfred.com\/es\/producte\/ar200\/","title":{"rendered":"AR200"},"content":{"rendered":"<ul>\n<li>Cortina de aire empotrada para entradas peque\u00f1as\n<p>\u2022 Altura de instalaci\u00f3n recomendada 2,5 m*<br \/>\n\u2022 Instalaci\u00f3n empotrada<br \/>\n\u2022 Longitudes: 1, 1,5 y 2 m<br \/>\nAR200 es una cortina de aire compacta muy adecuada para la mayor\u00eda de las entradas peque\u00f1as. Su baja altura permite instalar el AR200 donde el espacio en el techo es muy limitado. La instalaci\u00f3n empotrada y el reducido nivel de ruido hacen de la AR200 una cortina de aire muy discreta.<\/li>\n<\/ul>\n<p><a href=\"https:\/\/mpfred.com\/wp-content\/uploads\/2023\/12\/CAT_FRICO_AR200_ES_170629_compressed.pdf\" target=\"_blank\" rel=\"noopener\"><img loading=\"lazy\" decoding=\"async\" class=\"alignnone wp-image-355 size-full\" src=\"https:\/\/mpfred.com\/wp-content\/uploads\/2023\/11\/pdf.png\" alt=\"\" width=\"64\" height=\"64\" \/><\/a><br \/>\n<a href=\"https:\/\/mpfred.com\/wp-content\/uploads\/2023\/12\/CAT_FRICO_AR200_ES_170629_compressed.pdf\" target=\"_blank\" rel=\"noopener\">Cat\u00e0leg PDF<\/a><\/p>\n","protected":false},"excerpt":{"rendered":"<p>Cortina de aire empotrada para entradas peque\u00f1as \u2022 Altura de instalaci\u00f3n recomendada 2,5 m* \u2022 Instalaci\u00f3n empotrada \u2022 Longitudes: 1, 1,5 y 2 m AR200 es una cortina de aire compacta muy adecuada para la mayor\u00eda de las entradas peque\u00f1as. Su baja altura permite instalar el AR200 donde el espacio en el techo es muy [&hellip;]<\/p>\n","protected":false},"featured_media":852,"template":"","meta":{"_seopress_robots_primary_cat":"none","_seopress_titles_title":"","_seopress_titles_desc":"","_seopress_robots_index":""},"product_brand":[134],"product_cat":[64],"product_tag":[],"class_list":{"0":"post-849","1":"product","2":"type-product","3":"status-publish","4":"has-post-thumbnail","6":"product_brand-frico","7":"product_cat-cortines-daire-entrada","9":"first","10":"instock","11":"featured","12":"shipping-taxable","13":"product-type-simple"},"_links":{"self":[{"href":"https:\/\/mpfred.com\/es\/wp-json\/wp\/v2\/product\/849","targetHints":{"allow":["GET"]}}],"collection":[{"href":"https:\/\/mpfred.com\/es\/wp-json\/wp\/v2\/product"}],"about":[{"href":"https:\/\/mpfred.com\/es\/wp-json\/wp\/v2\/types\/product"}],"wp:featuredmedia":[{"embeddable":true,"href":"https:\/\/mpfred.com\/es\/wp-json\/wp\/v2\/media\/852"}],"wp:attachment":[{"href":"https:\/\/mpfred.com\/es\/wp-json\/wp\/v2\/media?parent=849"}],"wp:term":[{"taxonomy":"product_brand","embeddable":true,"href":"https:\/\/mpfred.com\/es\/wp-json\/wp\/v2\/product_brand?post=849"},{"taxonomy":"product_cat","embeddable":true,"href":"https:\/\/mpfred.com\/es\/wp-json\/wp\/v2\/product_cat?post=849"},{"taxonomy":"product_tag","embeddable":true,"href":"https:\/\/mpfred.com\/es\/wp-json\/wp\/v2\/product_tag?post=849"}],"curies":[{"name":"wp","href":"https:\/\/api.w.org\/{rel}","templated":true}]}}