{"id":844,"date":"2023-12-07T16:22:03","date_gmt":"2023-12-07T15:22:03","guid":{"rendered":"https:\/\/mpfred.com\/?post_type=product&#038;p=844"},"modified":"2025-08-01T10:50:11","modified_gmt":"2025-08-01T09:50:11","slug":"pamir2500","status":"publish","type":"product","link":"https:\/\/mpfred.com\/es\/producte\/pamir2500\/","title":{"rendered":"PAMIR2500"},"content":{"rendered":"<ul>\n<li>Fina cortina de aire para entradas, con control de eficiencia energ\u00e9tica.\n<p>Pamir 2500 tiene una altura de instalaci\u00f3n recomendada de 2,5 m y est\u00e1 dise\u00f1ada para su montaje en horizontal en tiendas, oficinas y locales p\u00fablicos. La cortina de aire junto con el inteligente sistema de control FC le permite optimizar con facilidad el confort y ahorrar energ\u00eda<\/li>\n<\/ul>\n<p><a href=\"https:\/\/mpfred.com\/wp-content\/uploads\/2023\/12\/CAT_FRICO_PAMIR2500_ES_210120_compressed.pdf\" target=\"_blank\" rel=\"noopener\"><img loading=\"lazy\" decoding=\"async\" class=\"alignnone wp-image-355 size-full\" src=\"https:\/\/mpfred.com\/wp-content\/uploads\/2023\/11\/pdf.png\" alt=\"\" width=\"64\" height=\"64\" \/><\/a><br \/>\n<a href=\"https:\/\/mpfred.com\/wp-content\/uploads\/2023\/12\/CAT_FRICO_PAMIR2500_ES_210120_compressed.pdf\" target=\"_blank\" rel=\"noopener\">Cat\u00e0leg PDF<\/a><\/p>\n","protected":false},"excerpt":{"rendered":"<p>Fina cortina de aire para entradas, con control de eficiencia energ\u00e9tica. Pamir 2500 tiene una altura de instalaci\u00f3n recomendada de 2,5 m y est\u00e1 dise\u00f1ada para su montaje en horizontal en tiendas, oficinas y locales p\u00fablicos. La cortina de aire junto con el inteligente sistema de control FC le permite optimizar con facilidad el confort [&hellip;]<\/p>\n","protected":false},"featured_media":847,"template":"","meta":{"_seopress_robots_primary_cat":"none","_seopress_titles_title":"","_seopress_titles_desc":"","_seopress_robots_index":""},"product_brand":[134],"product_cat":[64],"product_tag":[],"class_list":{"0":"post-844","1":"product","2":"type-product","3":"status-publish","4":"has-post-thumbnail","6":"product_brand-frico","7":"product_cat-cortines-daire-entrada","9":"first","10":"instock","11":"featured","12":"shipping-taxable","13":"product-type-simple"},"_links":{"self":[{"href":"https:\/\/mpfred.com\/es\/wp-json\/wp\/v2\/product\/844","targetHints":{"allow":["GET"]}}],"collection":[{"href":"https:\/\/mpfred.com\/es\/wp-json\/wp\/v2\/product"}],"about":[{"href":"https:\/\/mpfred.com\/es\/wp-json\/wp\/v2\/types\/product"}],"wp:featuredmedia":[{"embeddable":true,"href":"https:\/\/mpfred.com\/es\/wp-json\/wp\/v2\/media\/847"}],"wp:attachment":[{"href":"https:\/\/mpfred.com\/es\/wp-json\/wp\/v2\/media?parent=844"}],"wp:term":[{"taxonomy":"product_brand","embeddable":true,"href":"https:\/\/mpfred.com\/es\/wp-json\/wp\/v2\/product_brand?post=844"},{"taxonomy":"product_cat","embeddable":true,"href":"https:\/\/mpfred.com\/es\/wp-json\/wp\/v2\/product_cat?post=844"},{"taxonomy":"product_tag","embeddable":true,"href":"https:\/\/mpfred.com\/es\/wp-json\/wp\/v2\/product_tag?post=844"}],"curies":[{"name":"wp","href":"https:\/\/api.w.org\/{rel}","templated":true}]}}