{"id":835,"date":"2023-12-07T16:13:10","date_gmt":"2023-12-07T15:13:10","guid":{"rendered":"https:\/\/mpfred.com\/?post_type=product&#038;p=835"},"modified":"2025-08-01T10:50:11","modified_gmt":"2025-08-01T09:50:11","slug":"pa2200c","status":"publish","type":"product","link":"https:\/\/mpfred.com\/es\/producte\/pa2200c\/","title":{"rendered":"PA2200C"},"content":{"rendered":"<ul>\n<li>Elegante cortina de aire para entradas, con control remoto e integrado\n<p>\u2022 Altura de instalaci\u00f3n recomendada 2,2 m*<br \/>\n\u2022 Montaje horizontal<br \/>\n\u2022 Longitudes: 1, 1,5 y 2 m<br \/>\nPA2200C es una cortina de aire compacta muy adecuada para la mayor\u00eda de las entradas peque\u00f1as. La cortina de aire tiene un sistema de control integrado y tambi\u00e9n puede controlarse a distancia, lo que hace que sea muy f\u00e1cil de utilizar.<\/li>\n<\/ul>\n<p><a href=\"https:\/\/mpfred.com\/wp-content\/uploads\/2023\/12\/CAT_FRICO_PA2200C_ES_170629_compressed-1.pdf\" target=\"_blank\" rel=\"noopener\"><img loading=\"lazy\" decoding=\"async\" class=\"alignnone wp-image-355 size-full\" src=\"https:\/\/mpfred.com\/wp-content\/uploads\/2023\/11\/pdf.png\" alt=\"\" width=\"64\" height=\"64\" \/><\/a><br \/>\n<a href=\"https:\/\/mpfred.com\/wp-content\/uploads\/2023\/12\/CAT_FRICO_PA2200C_ES_170629_compressed-1.pdf\" target=\"_blank\" rel=\"noopener\">Cat\u00e0leg PDF<\/a><\/p>\n","protected":false},"excerpt":{"rendered":"<p>Elegante cortina de aire para entradas, con control remoto e integrado \u2022 Altura de instalaci\u00f3n recomendada 2,2 m* \u2022 Montaje horizontal \u2022 Longitudes: 1, 1,5 y 2 m PA2200C es una cortina de aire compacta muy adecuada para la mayor\u00eda de las entradas peque\u00f1as. La cortina de aire tiene un sistema de control integrado y [&hellip;]<\/p>\n","protected":false},"featured_media":842,"template":"","meta":{"_seopress_robots_primary_cat":"none","_seopress_titles_title":"","_seopress_titles_desc":"","_seopress_robots_index":""},"product_brand":[134],"product_cat":[64],"product_tag":[],"class_list":{"0":"post-835","1":"product","2":"type-product","3":"status-publish","4":"has-post-thumbnail","6":"product_brand-frico","7":"product_cat-cortines-daire-entrada","9":"first","10":"instock","11":"featured","12":"shipping-taxable","13":"product-type-simple"},"_links":{"self":[{"href":"https:\/\/mpfred.com\/es\/wp-json\/wp\/v2\/product\/835","targetHints":{"allow":["GET"]}}],"collection":[{"href":"https:\/\/mpfred.com\/es\/wp-json\/wp\/v2\/product"}],"about":[{"href":"https:\/\/mpfred.com\/es\/wp-json\/wp\/v2\/types\/product"}],"wp:featuredmedia":[{"embeddable":true,"href":"https:\/\/mpfred.com\/es\/wp-json\/wp\/v2\/media\/842"}],"wp:attachment":[{"href":"https:\/\/mpfred.com\/es\/wp-json\/wp\/v2\/media?parent=835"}],"wp:term":[{"taxonomy":"product_brand","embeddable":true,"href":"https:\/\/mpfred.com\/es\/wp-json\/wp\/v2\/product_brand?post=835"},{"taxonomy":"product_cat","embeddable":true,"href":"https:\/\/mpfred.com\/es\/wp-json\/wp\/v2\/product_cat?post=835"},{"taxonomy":"product_tag","embeddable":true,"href":"https:\/\/mpfred.com\/es\/wp-json\/wp\/v2\/product_tag?post=835"}],"curies":[{"name":"wp","href":"https:\/\/api.w.org\/{rel}","templated":true}]}}