{"id":790,"date":"2023-12-05T17:48:27","date_gmt":"2023-12-05T16:48:27","guid":{"rendered":"https:\/\/mpfred.com\/?post_type=product&#038;p=790"},"modified":"2025-08-01T10:50:12","modified_gmt":"2025-08-01T09:50:12","slug":"paec2500","status":"publish","type":"product","link":"https:\/\/mpfred.com\/es\/producte\/paec2500\/","title":{"rendered":"PAEC2500"},"content":{"rendered":"<ul>\n<li>Elegante cortina de aire con motor EC y controles integrados para c\u00e1maras frigor\u00edficas y entradas\n<p>\u2022 Altura de instalaci\u00f3n recomendada en c\u00e1maras frigor\u00edficas: hasta 4 m*<br \/>\n\u2022 Altura de instalaci\u00f3n recomendada en entradas: 2,5 m*<br \/>\n\u2022 Montaje horizontal<br \/>\n\u2022 Longitudes: 1, 1,5 y 2 m<br \/>\nPAEC2500 protege las c\u00e1maras frigor\u00edficas y congeladoras de forma muy eficiente y con un bajo coste de explotaci\u00f3n, pudiendo conseguir un ahorro energ\u00e9tico de hasta el 85 %. La regulaci\u00f3n progresiva permite una mayor precisi\u00f3n de ajuste, lo que significa que PAEC es la opci\u00f3n ideal para aplicaciones de c\u00e1maras frigor\u00edficas y congeladoras y tambi\u00e9n para su uso en recintos con aire acondicionado, por ejemplo para separar el exterior del interior.<\/li>\n<\/ul>\n<p><a href=\"https:\/\/mpfred.com\/wp-content\/uploads\/2023\/12\/CAT_FRICO_PAEC2500_ES_210922_compressed.pdf\" target=\"_blank\" rel=\"noopener\"><img loading=\"lazy\" decoding=\"async\" class=\"alignnone wp-image-355 size-full\" src=\"https:\/\/mpfred.com\/wp-content\/uploads\/2023\/11\/pdf.png\" alt=\"\" width=\"64\" height=\"64\" \/><\/a><br \/>\n<a href=\"https:\/\/mpfred.com\/wp-content\/uploads\/2023\/12\/CAT_FRICO_PAEC2500_ES_210922_compressed.pdf\" target=\"_blank\" rel=\"noopener\">Cat\u00e0leg PDF<\/a><\/p>\n","protected":false},"excerpt":{"rendered":"<p>Elegante cortina de aire con motor EC y controles integrados para c\u00e1maras frigor\u00edficas y entradas \u2022 Altura de instalaci\u00f3n recomendada en c\u00e1maras frigor\u00edficas: hasta 4 m* \u2022 Altura de instalaci\u00f3n recomendada en entradas: 2,5 m* \u2022 Montaje horizontal \u2022 Longitudes: 1, 1,5 y 2 m PAEC2500 protege las c\u00e1maras frigor\u00edficas y congeladoras de forma muy [&hellip;]<\/p>\n","protected":false},"featured_media":793,"template":"","meta":{"_seopress_robots_primary_cat":"none","_seopress_titles_title":"","_seopress_titles_desc":"","_seopress_robots_index":""},"product_brand":[134],"product_cat":[62],"product_tag":[],"class_list":{"0":"post-790","1":"product","2":"type-product","3":"status-publish","4":"has-post-thumbnail","6":"product_brand-frico","7":"product_cat-cortines-daire-cambres-frigorifiques","9":"first","10":"instock","11":"featured","12":"shipping-taxable","13":"product-type-simple"},"_links":{"self":[{"href":"https:\/\/mpfred.com\/es\/wp-json\/wp\/v2\/product\/790","targetHints":{"allow":["GET"]}}],"collection":[{"href":"https:\/\/mpfred.com\/es\/wp-json\/wp\/v2\/product"}],"about":[{"href":"https:\/\/mpfred.com\/es\/wp-json\/wp\/v2\/types\/product"}],"wp:featuredmedia":[{"embeddable":true,"href":"https:\/\/mpfred.com\/es\/wp-json\/wp\/v2\/media\/793"}],"wp:attachment":[{"href":"https:\/\/mpfred.com\/es\/wp-json\/wp\/v2\/media?parent=790"}],"wp:term":[{"taxonomy":"product_brand","embeddable":true,"href":"https:\/\/mpfred.com\/es\/wp-json\/wp\/v2\/product_brand?post=790"},{"taxonomy":"product_cat","embeddable":true,"href":"https:\/\/mpfred.com\/es\/wp-json\/wp\/v2\/product_cat?post=790"},{"taxonomy":"product_tag","embeddable":true,"href":"https:\/\/mpfred.com\/es\/wp-json\/wp\/v2\/product_tag?post=790"}],"curies":[{"name":"wp","href":"https:\/\/api.w.org\/{rel}","templated":true}]}}