{"id":780,"date":"2023-12-05T17:36:26","date_gmt":"2023-12-05T16:36:26","guid":{"rendered":"https:\/\/mpfred.com\/?post_type=product&#038;p=780"},"modified":"2025-08-01T10:50:12","modified_gmt":"2025-08-01T09:50:12","slug":"ada-cool","status":"publish","type":"product","link":"https:\/\/mpfred.com\/es\/producte\/ada-cool\/","title":{"rendered":"ADA COOL"},"content":{"rendered":"<ul>\n<li>Cortina de aire para c\u00e1maras frigor\u00edficas\u2022 Altura de instalaci\u00f3n para almacenes frigor\u00edficos hasta 2,5 m*<br \/>\n\u2022 Montaje horizontal<br \/>\n\u2022 Longitud: 0,9 y 1,2 m<\/li>\n<li>ADA Cool impide las fugas de aire fr\u00edo de las c\u00e1maras frigor\u00edficas, lo que hace posible eliminar las puertas en este tipo de recintos. Los gastos en refrigeraci\u00f3n se reducen significativamente y el aire fr\u00edo en el interior se mantiene estable. ADA Cool reduce la formaci\u00f3n de hielo y condensaci\u00f3n en la entrada y mejora la visibilidad en comparaci\u00f3n con las tiras de pl\u00e1stico y las puertas plegables r\u00e1pidas.<\/li>\n<\/ul>\n<p><a href=\"https:\/\/mpfred.com\/wp-content\/uploads\/2023\/12\/CAT_FRICO_ADA_ES_170629_compressed.pdf\" target=\"_blank\" rel=\"noopener\"><img loading=\"lazy\" decoding=\"async\" class=\"alignnone wp-image-355 size-full\" src=\"https:\/\/mpfred.com\/wp-content\/uploads\/2023\/11\/pdf.png\" alt=\"\" width=\"64\" height=\"64\" \/><\/a><br \/>\n<a href=\"https:\/\/mpfred.com\/wp-content\/uploads\/2023\/12\/CAT_FRICO_ADA_ES_170629_compressed.pdf\" target=\"_blank\" rel=\"noopener\">Cat\u00e0leg PDF<\/a><\/p>\n","protected":false},"excerpt":{"rendered":"<p>Cortina de aire para c\u00e1maras frigor\u00edficas\u2022 Altura de instalaci\u00f3n para almacenes frigor\u00edficos hasta 2,5 m* \u2022 Montaje horizontal \u2022 Longitud: 0,9 y 1,2 m ADA Cool impide las fugas de aire fr\u00edo de las c\u00e1maras frigor\u00edficas, lo que hace posible eliminar las puertas en este tipo de recintos. Los gastos en refrigeraci\u00f3n se reducen significativamente [&hellip;]<\/p>\n","protected":false},"featured_media":781,"template":"","meta":{"_seopress_robots_primary_cat":"none","_seopress_titles_title":"","_seopress_titles_desc":"","_seopress_robots_index":""},"product_brand":[134],"product_cat":[62],"product_tag":[],"class_list":{"0":"post-780","1":"product","2":"type-product","3":"status-publish","4":"has-post-thumbnail","6":"product_brand-frico","7":"product_cat-cortines-daire-cambres-frigorifiques","9":"first","10":"instock","11":"featured","12":"shipping-taxable","13":"product-type-simple"},"_links":{"self":[{"href":"https:\/\/mpfred.com\/es\/wp-json\/wp\/v2\/product\/780","targetHints":{"allow":["GET"]}}],"collection":[{"href":"https:\/\/mpfred.com\/es\/wp-json\/wp\/v2\/product"}],"about":[{"href":"https:\/\/mpfred.com\/es\/wp-json\/wp\/v2\/types\/product"}],"wp:featuredmedia":[{"embeddable":true,"href":"https:\/\/mpfred.com\/es\/wp-json\/wp\/v2\/media\/781"}],"wp:attachment":[{"href":"https:\/\/mpfred.com\/es\/wp-json\/wp\/v2\/media?parent=780"}],"wp:term":[{"taxonomy":"product_brand","embeddable":true,"href":"https:\/\/mpfred.com\/es\/wp-json\/wp\/v2\/product_brand?post=780"},{"taxonomy":"product_cat","embeddable":true,"href":"https:\/\/mpfred.com\/es\/wp-json\/wp\/v2\/product_cat?post=780"},{"taxonomy":"product_tag","embeddable":true,"href":"https:\/\/mpfred.com\/es\/wp-json\/wp\/v2\/product_tag?post=780"}],"curies":[{"name":"wp","href":"https:\/\/api.w.org\/{rel}","templated":true}]}}