{"id":771,"date":"2023-12-05T17:01:35","date_gmt":"2023-12-05T16:01:35","guid":{"rendered":"https:\/\/mpfred.com\/?post_type=product&#038;p=771"},"modified":"2025-08-01T10:50:12","modified_gmt":"2025-08-01T09:50:12","slug":"rwc","status":"publish","type":"product","link":"https:\/\/mpfred.com\/es\/producte\/rwc\/","title":{"rendered":"RWC"},"content":{"rendered":"<ul>\n<li>Enfriadora agua-agua, compresores Drushless de levitaci\u00f3n magn\u00e9tica<br \/>\n16 \u00f7 600 kW<\/li>\n<li>Enfriadoras de agua monobloque, de muy alta eficiencia energ\u00e9tica, con compresores centr\u00edfugos de levitaci\u00f3n magn\u00e9tica y evaporador tubular en la versi\u00f3n condensada por agua.<\/li>\n<\/ul>\n<p><a href=\"https:\/\/mpfred.com\/wp-content\/uploads\/2023\/12\/RWC_compressed.pdf\" target=\"_blank\" rel=\"noopener\"><img loading=\"lazy\" decoding=\"async\" class=\"alignnone wp-image-355 size-full\" src=\"https:\/\/mpfred.com\/wp-content\/uploads\/2023\/11\/pdf.png\" alt=\"\" width=\"64\" height=\"64\" \/><\/a><br \/>\n<a href=\"https:\/\/mpfred.com\/wp-content\/uploads\/2023\/12\/RWC_compressed.pdf\" target=\"_blank\" rel=\"noopener\">Cat\u00e0leg PDF<\/a><\/p>\n","protected":false},"excerpt":{"rendered":"<p>Enfriadora agua-agua, compresores Drushless de levitaci\u00f3n magn\u00e9tica 16 \u00f7 600 kW Enfriadoras de agua monobloque, de muy alta eficiencia energ\u00e9tica, con compresores centr\u00edfugos de levitaci\u00f3n magn\u00e9tica y evaporador tubular en la versi\u00f3n condensada por agua. Cat\u00e0leg PDF<\/p>\n","protected":false},"featured_media":772,"template":"","meta":{"_seopress_robots_primary_cat":"none","_seopress_titles_title":"","_seopress_titles_desc":"","_seopress_robots_index":""},"product_brand":[132],"product_cat":[61],"product_tag":[],"class_list":{"0":"post-771","1":"product","2":"type-product","3":"status-publish","4":"has-post-thumbnail","6":"product_brand-emicom","7":"product_cat-refredadores","9":"first","10":"instock","11":"featured","12":"shipping-taxable","13":"product-type-simple"},"_links":{"self":[{"href":"https:\/\/mpfred.com\/es\/wp-json\/wp\/v2\/product\/771","targetHints":{"allow":["GET"]}}],"collection":[{"href":"https:\/\/mpfred.com\/es\/wp-json\/wp\/v2\/product"}],"about":[{"href":"https:\/\/mpfred.com\/es\/wp-json\/wp\/v2\/types\/product"}],"wp:featuredmedia":[{"embeddable":true,"href":"https:\/\/mpfred.com\/es\/wp-json\/wp\/v2\/media\/772"}],"wp:attachment":[{"href":"https:\/\/mpfred.com\/es\/wp-json\/wp\/v2\/media?parent=771"}],"wp:term":[{"taxonomy":"product_brand","embeddable":true,"href":"https:\/\/mpfred.com\/es\/wp-json\/wp\/v2\/product_brand?post=771"},{"taxonomy":"product_cat","embeddable":true,"href":"https:\/\/mpfred.com\/es\/wp-json\/wp\/v2\/product_cat?post=771"},{"taxonomy":"product_tag","embeddable":true,"href":"https:\/\/mpfred.com\/es\/wp-json\/wp\/v2\/product_tag?post=771"}],"curies":[{"name":"wp","href":"https:\/\/api.w.org\/{rel}","templated":true}]}}