{"id":751,"date":"2023-12-05T16:36:01","date_gmt":"2023-12-05T15:36:01","guid":{"rendered":"https:\/\/mpfred.com\/?post_type=product&#038;p=751"},"modified":"2025-08-01T10:50:12","modified_gmt":"2025-08-01T09:50:12","slug":"rwe-rwh","status":"publish","type":"product","link":"https:\/\/mpfred.com\/es\/producte\/rwe-rwh\/","title":{"rendered":"RWE\/RWH"},"content":{"rendered":"<ul>\n<li>Unidades agua-agua y bombas de calor agua-agua, disponibles con\u00a01 o 2 circuitos frigor\u00edficos<br \/>\n30 \u00f7 1200 kW<\/li>\n<li>Enfriadoras monobloque, con condensaci\u00f3n por agua subterr\u00e1nea o torre evaporativa, dise\u00f1adas para realizar la instalaci\u00f3n en el interior.<\/li>\n<\/ul>\n<p><a href=\"https:\/\/mpfred.com\/wp-content\/uploads\/2023\/12\/RWE-RWH_compressed.pdf\" target=\"_blank\" rel=\"noopener\"><img loading=\"lazy\" decoding=\"async\" class=\"alignnone wp-image-355 size-full\" src=\"https:\/\/mpfred.com\/wp-content\/uploads\/2023\/11\/pdf.png\" alt=\"\" width=\"64\" height=\"64\" \/><\/a><br \/>\n<a href=\"https:\/\/mpfred.com\/wp-content\/uploads\/2023\/12\/RWE-RWH_compressed.pdf\" target=\"_blank\" rel=\"noopener\">Cat\u00e0leg PDF<\/a><\/p>\n","protected":false},"excerpt":{"rendered":"<p>Unidades agua-agua y bombas de calor agua-agua, disponibles con\u00a01 o 2 circuitos frigor\u00edficos 30 \u00f7 1200 kW Enfriadoras monobloque, con condensaci\u00f3n por agua subterr\u00e1nea o torre evaporativa, dise\u00f1adas para realizar la instalaci\u00f3n en el interior. Cat\u00e0leg PDF<\/p>\n","protected":false},"featured_media":752,"template":"","meta":{"_seopress_robots_primary_cat":"none","_seopress_titles_title":"","_seopress_titles_desc":"","_seopress_robots_index":""},"product_brand":[132],"product_cat":[60,61],"product_tag":[],"class_list":{"0":"post-751","1":"product","2":"type-product","3":"status-publish","4":"has-post-thumbnail","6":"product_brand-emicom","7":"product_cat-bombes-de-calor","8":"product_cat-refredadores","10":"first","11":"instock","12":"featured","13":"shipping-taxable","14":"product-type-simple"},"_links":{"self":[{"href":"https:\/\/mpfred.com\/es\/wp-json\/wp\/v2\/product\/751","targetHints":{"allow":["GET"]}}],"collection":[{"href":"https:\/\/mpfred.com\/es\/wp-json\/wp\/v2\/product"}],"about":[{"href":"https:\/\/mpfred.com\/es\/wp-json\/wp\/v2\/types\/product"}],"wp:featuredmedia":[{"embeddable":true,"href":"https:\/\/mpfred.com\/es\/wp-json\/wp\/v2\/media\/752"}],"wp:attachment":[{"href":"https:\/\/mpfred.com\/es\/wp-json\/wp\/v2\/media?parent=751"}],"wp:term":[{"taxonomy":"product_brand","embeddable":true,"href":"https:\/\/mpfred.com\/es\/wp-json\/wp\/v2\/product_brand?post=751"},{"taxonomy":"product_cat","embeddable":true,"href":"https:\/\/mpfred.com\/es\/wp-json\/wp\/v2\/product_cat?post=751"},{"taxonomy":"product_tag","embeddable":true,"href":"https:\/\/mpfred.com\/es\/wp-json\/wp\/v2\/product_tag?post=751"}],"curies":[{"name":"wp","href":"https:\/\/api.w.org\/{rel}","templated":true}]}}