{"id":746,"date":"2023-12-05T16:28:29","date_gmt":"2023-12-05T15:28:29","guid":{"rendered":"https:\/\/mpfred.com\/?post_type=product&#038;p=746"},"modified":"2025-08-01T10:50:12","modified_gmt":"2025-08-01T09:50:12","slug":"ras-kp","status":"publish","type":"product","link":"https:\/\/mpfred.com\/es\/producte\/ras-kp\/","title":{"rendered":"RAS KP"},"content":{"rendered":"<ul>\n<li>Enfriadoras de agua-aire,\u00a0compresores de pist\u00f3n semiherm\u00e9ticos y ventiladores axiales. Refrigerante PROPANO R290.<br \/>\n20 \u00f7 420 kW<\/li>\n<li>Enfriadoras de agua\u00a0condensadas por aire, monobloque, con compresores semiherm\u00e9ticos y ventiladores axiales, para instalaciones al exterior, que funcionan con refrigerante natural Propano (R290), disponibles en configuraci\u00f3n solo fr\u00edo (RAS) o reversible con bomba de calor (PAS).<\/li>\n<\/ul>\n<p><a href=\"https:\/\/mpfred.com\/wp-content\/uploads\/2023\/12\/RAS_compressed.pdf\" target=\"_blank\" rel=\"noopener\"><img loading=\"lazy\" decoding=\"async\" class=\"alignnone wp-image-355 size-full\" src=\"https:\/\/mpfred.com\/wp-content\/uploads\/2023\/11\/pdf.png\" alt=\"\" width=\"64\" height=\"64\" \/><\/a><br \/>\n<a href=\"https:\/\/mpfred.com\/wp-content\/uploads\/2023\/12\/RAS_compressed.pdf\" target=\"_blank\" rel=\"noopener\">Cat\u00e0leg PDF<\/a><\/p>\n","protected":false},"excerpt":{"rendered":"<p>Enfriadoras de agua-aire,\u00a0compresores de pist\u00f3n semiherm\u00e9ticos y ventiladores axiales. Refrigerante PROPANO R290. 20 \u00f7 420 kW Enfriadoras de agua\u00a0condensadas por aire, monobloque, con compresores semiherm\u00e9ticos y ventiladores axiales, para instalaciones al exterior, que funcionan con refrigerante natural Propano (R290), disponibles en configuraci\u00f3n solo fr\u00edo (RAS) o reversible con bomba de calor (PAS). Cat\u00e0leg PDF<\/p>\n","protected":false},"featured_media":747,"template":"","meta":{"_seopress_robots_primary_cat":"none","_seopress_titles_title":"","_seopress_titles_desc":"","_seopress_robots_index":""},"product_brand":[132],"product_cat":[60,61],"product_tag":[],"class_list":{"0":"post-746","1":"product","2":"type-product","3":"status-publish","4":"has-post-thumbnail","6":"product_brand-emicom","7":"product_cat-bombes-de-calor","8":"product_cat-refredadores","10":"first","11":"instock","12":"featured","13":"shipping-taxable","14":"product-type-simple"},"_links":{"self":[{"href":"https:\/\/mpfred.com\/es\/wp-json\/wp\/v2\/product\/746","targetHints":{"allow":["GET"]}}],"collection":[{"href":"https:\/\/mpfred.com\/es\/wp-json\/wp\/v2\/product"}],"about":[{"href":"https:\/\/mpfred.com\/es\/wp-json\/wp\/v2\/types\/product"}],"wp:featuredmedia":[{"embeddable":true,"href":"https:\/\/mpfred.com\/es\/wp-json\/wp\/v2\/media\/747"}],"wp:attachment":[{"href":"https:\/\/mpfred.com\/es\/wp-json\/wp\/v2\/media?parent=746"}],"wp:term":[{"taxonomy":"product_brand","embeddable":true,"href":"https:\/\/mpfred.com\/es\/wp-json\/wp\/v2\/product_brand?post=746"},{"taxonomy":"product_cat","embeddable":true,"href":"https:\/\/mpfred.com\/es\/wp-json\/wp\/v2\/product_cat?post=746"},{"taxonomy":"product_tag","embeddable":true,"href":"https:\/\/mpfred.com\/es\/wp-json\/wp\/v2\/product_tag?post=746"}],"curies":[{"name":"wp","href":"https:\/\/api.w.org\/{rel}","templated":true}]}}