{"id":742,"date":"2023-12-04T17:29:23","date_gmt":"2023-12-04T16:29:23","guid":{"rendered":"https:\/\/mpfred.com\/?post_type=product&#038;p=742"},"modified":"2025-08-01T10:38:29","modified_gmt":"2025-08-01T09:38:29","slug":"sistemas-y-conectividad","status":"publish","type":"product","link":"https:\/\/mpfred.com\/es\/producte\/sistemas-y-conectividad\/","title":{"rendered":"SISTEMAS Y CONECTIVIDAD"},"content":{"rendered":"<ul>\n<li>Sistemas supervisi\u00f3n TELEVIS IN \u2013 TELEVIS OUT<\/li>\n<li>Sondas temperatura inal\u00e1mbricas EWSense<\/li>\n<li>Supervisi\u00f3n y control instalaciones con PC TELEVIS 60<\/li>\n<li>Monitorizaci\u00f3n de instalaciones peque\u00f1as FACILITY EXPERT<\/li>\n<li>Control y gesti\u00f3n remota de instalaciones COMPACT TOUCH \u2013 COMPACT BOX<\/li>\n<li>Gesti\u00f3n integral BMS ECOStruxure<\/li>\n<li>Central alarmas integrado en sistema Eliwell TELEVIS TWIN<\/li>\n<\/ul>\n<p><a href=\"https:\/\/mpfred.com\/wp-content\/uploads\/2023\/12\/Sistemas-y-Conectividad_compressed.pdf\" target=\"_blank\" rel=\"noopener\"><img loading=\"lazy\" decoding=\"async\" class=\"alignnone wp-image-355 size-full\" src=\"https:\/\/mpfred.com\/wp-content\/uploads\/2023\/11\/pdf.png\" alt=\"\" width=\"64\" height=\"64\" \/><\/a><br \/>\n<a href=\"https:\/\/mpfred.com\/wp-content\/uploads\/2023\/12\/Sistemas-y-Conectividad_compressed.pdf\" target=\"_blank\" rel=\"noopener\">Cat\u00e0leg PDF<\/a><\/p>\n","protected":false},"excerpt":{"rendered":"<p>Sistemas supervisi\u00f3n TELEVIS IN \u2013 TELEVIS OUT Sondas temperatura inal\u00e1mbricas EWSense Supervisi\u00f3n y control instalaciones con PC TELEVIS 60 Monitorizaci\u00f3n de instalaciones peque\u00f1as FACILITY EXPERT Control y gesti\u00f3n remota de instalaciones COMPACT TOUCH \u2013 COMPACT BOX Gesti\u00f3n integral BMS ECOStruxure Central alarmas integrado en sistema Eliwell TELEVIS TWIN Cat\u00e0leg PDF<\/p>\n","protected":false},"featured_media":1458,"template":"","meta":{"_seopress_robots_primary_cat":"none","_seopress_titles_title":"","_seopress_titles_desc":"","_seopress_robots_index":""},"product_brand":[131],"product_cat":[59],"product_tag":[],"class_list":{"0":"post-742","1":"product","2":"type-product","3":"status-publish","4":"has-post-thumbnail","6":"product_brand-eliwell","7":"product_cat-sistemes-i-connectivitat","9":"first","10":"instock","11":"featured","12":"shipping-taxable","13":"product-type-simple"},"_links":{"self":[{"href":"https:\/\/mpfred.com\/es\/wp-json\/wp\/v2\/product\/742","targetHints":{"allow":["GET"]}}],"collection":[{"href":"https:\/\/mpfred.com\/es\/wp-json\/wp\/v2\/product"}],"about":[{"href":"https:\/\/mpfred.com\/es\/wp-json\/wp\/v2\/types\/product"}],"wp:featuredmedia":[{"embeddable":true,"href":"https:\/\/mpfred.com\/es\/wp-json\/wp\/v2\/media\/1458"}],"wp:attachment":[{"href":"https:\/\/mpfred.com\/es\/wp-json\/wp\/v2\/media?parent=742"}],"wp:term":[{"taxonomy":"product_brand","embeddable":true,"href":"https:\/\/mpfred.com\/es\/wp-json\/wp\/v2\/product_brand?post=742"},{"taxonomy":"product_cat","embeddable":true,"href":"https:\/\/mpfred.com\/es\/wp-json\/wp\/v2\/product_cat?post=742"},{"taxonomy":"product_tag","embeddable":true,"href":"https:\/\/mpfred.com\/es\/wp-json\/wp\/v2\/product_tag?post=742"}],"curies":[{"name":"wp","href":"https:\/\/api.w.org\/{rel}","templated":true}]}}