{"id":739,"date":"2023-12-04T17:21:28","date_gmt":"2023-12-04T16:21:28","guid":{"rendered":"https:\/\/mpfred.com\/?post_type=product&#038;p=739"},"modified":"2025-08-01T10:38:30","modified_gmt":"2025-08-01T09:38:30","slug":"refrigeracion-comercial","status":"publish","type":"product","link":"https:\/\/mpfred.com\/es\/producte\/refrigeracion-comercial\/","title":{"rendered":"REFRIGERACION COMERCIAL"},"content":{"rendered":"<ul>\n<li>Term\u00f3metrosA bater\u00eda\/solares EWTL300 \u2013 EWTL 310 \u2013 DST30<br \/>\nHomilogados metrol\u00f3gicos EM300 LX NTC ESP<\/p>\n<p>&nbsp;<\/li>\n<li>TermostatosPared fr\u00edo\/calor WM961 \u2013 WM971<br \/>\nSencillos panel 74&#215;32 IDW961 \u2013 IDW 974<br \/>\nOEM multifunci\u00f3n panel 74&#215;32 EWPLUS 961 \u2013 971 \u2013 974 \u2013 978<br \/>\nOEM multifunci\u00f3n panel 74&#215;32 EWPLUS EO 961 \u2013 971 \u2013 974<br \/>\nOEM multifunci\u00f3n panel 74&#215;32 EWPLUS EO LVD 961 \u2013 971 \u2013 974<br \/>\nOEM multifunci\u00f3n panel 74&#215;32 EWPLUS EO SMART CONTROL 974<\/p>\n<p>&nbsp;<\/li>\n<li>RegistradoresDe datos USB DATALOGGER HT4 \u2013 HT6<br \/>\nHomologados metrol\u00f3gicos MEMORY NT<\/li>\n<li>ControlesRefrigeraci\u00f3n IDNext 902 \u2013 961 \u2013 971 \u2013 974 \u2013 978<br \/>\nC\u00e1maras frigor\u00edficas COLDFACE EWRC300NT \u2013 500NY\/HT \u2013 5000NT<br \/>\nC\u00e1maras con v\u00e0lvula expansi\u00f3n electr\u00f3nica CONTROLES KDX<br \/>\nC\u00e1maras con v\u00e0lvula expansi\u00f3n termost\u00e0tica CONTROLES COLDFACE<br \/>\nCajas control evaporador CAJASEVA<br \/>\nCajas control condensadora y evaporador CAJAS TMM \u2013 TTM \u2013 TTT<\/p>\n<p>&nbsp;<\/li>\n<li>ConectividadInterfaz usuario con dongle Bluetooth y APP TELEVIS AIR<br \/>\nApp Eliwell AIR<\/p>\n<p>&nbsp;<\/li>\n<li>Se\u00f1alizaci\u00f3nCumplimiento reglamento instal. Frigor\u00edficas ALARMA FRE\u00d3N<br \/>\nC\u00e1maras seg\u00fan reglamento instal. Frigor\u00edficas ALARMA RD 552\/109<\/li>\n<\/ul>\n<p><a href=\"https:\/\/mpfred.com\/wp-content\/uploads\/2023\/12\/Refrigeracion-comercial_compressed.pdf\" target=\"_blank\" rel=\"noopener\"><img loading=\"lazy\" decoding=\"async\" class=\"alignnone wp-image-355 size-full\" src=\"https:\/\/mpfred.com\/wp-content\/uploads\/2023\/11\/pdf.png\" alt=\"\" width=\"64\" height=\"64\" \/><\/a><br \/>\n<a href=\"https:\/\/mpfred.com\/wp-content\/uploads\/2023\/12\/Refrigeracion-comercial_compressed.pdf\" target=\"_blank\" rel=\"noopener\">Cat\u00e0leg PDF<\/a><\/p>\n","protected":false},"excerpt":{"rendered":"<p>Term\u00f3metrosA bater\u00eda\/solares EWTL300 \u2013 EWTL 310 \u2013 DST30 Homilogados metrol\u00f3gicos EM300 LX NTC ESP &nbsp; TermostatosPared fr\u00edo\/calor WM961 \u2013 WM971 Sencillos panel 74&#215;32 IDW961 \u2013 IDW 974 OEM multifunci\u00f3n panel 74&#215;32 EWPLUS 961 \u2013 971 \u2013 974 \u2013 978 OEM multifunci\u00f3n panel 74&#215;32 EWPLUS EO 961 \u2013 971 \u2013 974 OEM multifunci\u00f3n panel 74&#215;32 EWPLUS [&hellip;]<\/p>\n","protected":false},"featured_media":1456,"template":"","meta":{"_seopress_robots_primary_cat":"none","_seopress_titles_title":"","_seopress_titles_desc":"","_seopress_robots_index":""},"product_brand":[131],"product_cat":[58],"product_tag":[],"class_list":{"0":"post-739","1":"product","2":"type-product","3":"status-publish","4":"has-post-thumbnail","6":"product_brand-eliwell","7":"product_cat-refrigeracio-comercial","9":"first","10":"instock","11":"featured","12":"shipping-taxable","13":"product-type-simple"},"_links":{"self":[{"href":"https:\/\/mpfred.com\/es\/wp-json\/wp\/v2\/product\/739","targetHints":{"allow":["GET"]}}],"collection":[{"href":"https:\/\/mpfred.com\/es\/wp-json\/wp\/v2\/product"}],"about":[{"href":"https:\/\/mpfred.com\/es\/wp-json\/wp\/v2\/types\/product"}],"wp:featuredmedia":[{"embeddable":true,"href":"https:\/\/mpfred.com\/es\/wp-json\/wp\/v2\/media\/1456"}],"wp:attachment":[{"href":"https:\/\/mpfred.com\/es\/wp-json\/wp\/v2\/media?parent=739"}],"wp:term":[{"taxonomy":"product_brand","embeddable":true,"href":"https:\/\/mpfred.com\/es\/wp-json\/wp\/v2\/product_brand?post=739"},{"taxonomy":"product_cat","embeddable":true,"href":"https:\/\/mpfred.com\/es\/wp-json\/wp\/v2\/product_cat?post=739"},{"taxonomy":"product_tag","embeddable":true,"href":"https:\/\/mpfred.com\/es\/wp-json\/wp\/v2\/product_tag?post=739"}],"curies":[{"name":"wp","href":"https:\/\/api.w.org\/{rel}","templated":true}]}}