{"id":736,"date":"2023-12-04T17:15:48","date_gmt":"2023-12-04T16:15:48","guid":{"rendered":"https:\/\/mpfred.com\/?post_type=product&#038;p=736"},"modified":"2025-08-01T10:38:30","modified_gmt":"2025-08-01T09:38:30","slug":"refrigeracion-c02","status":"publish","type":"product","link":"https:\/\/mpfred.com\/es\/producte\/refrigeracion-c02\/","title":{"rendered":"REFRIGERACION C02"},"content":{"rendered":"<ul>\n<li>ControlesC\u00e1maras con v\u00e0lvula expansi\u00f3n electr\u00f3nica KDX800<br \/>\nDe gesti\u00f3n V.E.E. Pulsos y algoritmos ahorro energ\u00e9tico RTX 600\/V DOMINO ZERO<br \/>\nDe gesti\u00f3n V.E.E. Paso-paso y algoritmos ahorro energ\u00e9tico RTX 600\/VS DOMINO ZERO<br \/>\nTeclados para series RTX-RTD-RTN KDE \u2013 KDW \u2013 KDT \u2013 KDX \u2013 ECHO<br \/>\nSoluciones con aplicaci\u00f3n CO2 EWCM 9000 PRO<br \/>\nInyecci\u00f3n l\u00edquido en sistemas de cascada V910<\/p>\n<p>&nbsp;<\/li>\n<li>DetectoresDe fugas CO2 LKD CO2\n<p>&nbsp;<\/li>\n<li>Se\u00f1alizaci\u00f3n y alarmasCajas de alarma para CO2 ALARMAS CO2<br \/>\nSe\u00f1alizaci\u00f3n para c\u00e1maras seg\u00fan reglamento instal.frigor\u00edficas Cajas de alarma RD552\/2019 CO2<\/p>\n<p>&nbsp;<\/li>\n<li>V\u00e1lvulasExpansi\u00f3n electr\u00f3nica pulsos PXV<br \/>\nExpansi\u00f3n electr\u00f3nica pulsos \/ pasos SER \/ GC \/ FGB<\/li>\n<\/ul>\n<p><a href=\"https:\/\/mpfred.com\/wp-content\/uploads\/2023\/12\/Refrigeracion-CO2_compressed.pdf\" target=\"_blank\" rel=\"noopener\"><img loading=\"lazy\" decoding=\"async\" class=\"alignnone wp-image-355 size-full\" src=\"https:\/\/mpfred.com\/wp-content\/uploads\/2023\/11\/pdf.png\" alt=\"\" width=\"64\" height=\"64\" \/><\/a><br \/>\n<a href=\"https:\/\/mpfred.com\/wp-content\/uploads\/2023\/12\/Refrigeracion-CO2_compressed.pdf\" target=\"_blank\" rel=\"noopener\">Cat\u00e0leg PDF<\/a><\/p>\n","protected":false},"excerpt":{"rendered":"<p>ControlesC\u00e1maras con v\u00e0lvula expansi\u00f3n electr\u00f3nica KDX800 De gesti\u00f3n V.E.E. Pulsos y algoritmos ahorro energ\u00e9tico RTX 600\/V DOMINO ZERO De gesti\u00f3n V.E.E. Paso-paso y algoritmos ahorro energ\u00e9tico RTX 600\/VS DOMINO ZERO Teclados para series RTX-RTD-RTN KDE \u2013 KDW \u2013 KDT \u2013 KDX \u2013 ECHO Soluciones con aplicaci\u00f3n CO2 EWCM 9000 PRO Inyecci\u00f3n l\u00edquido en sistemas de [&hellip;]<\/p>\n","protected":false},"featured_media":1452,"template":"","meta":{"_seopress_robots_primary_cat":"none","_seopress_titles_title":"","_seopress_titles_desc":"","_seopress_robots_index":""},"product_brand":[131],"product_cat":[57],"product_tag":[],"class_list":{"0":"post-736","1":"product","2":"type-product","3":"status-publish","4":"has-post-thumbnail","6":"product_brand-eliwell","7":"product_cat-refrigeracio-c02","9":"first","10":"instock","11":"featured","12":"shipping-taxable","13":"product-type-simple"},"_links":{"self":[{"href":"https:\/\/mpfred.com\/es\/wp-json\/wp\/v2\/product\/736","targetHints":{"allow":["GET"]}}],"collection":[{"href":"https:\/\/mpfred.com\/es\/wp-json\/wp\/v2\/product"}],"about":[{"href":"https:\/\/mpfred.com\/es\/wp-json\/wp\/v2\/types\/product"}],"wp:featuredmedia":[{"embeddable":true,"href":"https:\/\/mpfred.com\/es\/wp-json\/wp\/v2\/media\/1452"}],"wp:attachment":[{"href":"https:\/\/mpfred.com\/es\/wp-json\/wp\/v2\/media?parent=736"}],"wp:term":[{"taxonomy":"product_brand","embeddable":true,"href":"https:\/\/mpfred.com\/es\/wp-json\/wp\/v2\/product_brand?post=736"},{"taxonomy":"product_cat","embeddable":true,"href":"https:\/\/mpfred.com\/es\/wp-json\/wp\/v2\/product_cat?post=736"},{"taxonomy":"product_tag","embeddable":true,"href":"https:\/\/mpfred.com\/es\/wp-json\/wp\/v2\/product_tag?post=736"}],"curies":[{"name":"wp","href":"https:\/\/api.w.org\/{rel}","templated":true}]}}