{"id":733,"date":"2023-12-04T17:10:39","date_gmt":"2023-12-04T16:10:39","guid":{"rendered":"https:\/\/mpfred.com\/?post_type=product&#038;p=733"},"modified":"2025-08-01T10:38:30","modified_gmt":"2025-08-01T09:38:30","slug":"refrigeracion-avanzada","status":"publish","type":"product","link":"https:\/\/mpfred.com\/es\/producte\/refrigeracion-avanzada\/","title":{"rendered":"REFRIGERACION AVANZADA"},"content":{"rendered":"<ul>\n<li>TermostatosAvanzados carril DIN EWDR 981 \u2013 983 &#8211; 984 \u2013 985<br \/>\nAvanzados partidos IWP 985 &#8211; IWK<br \/>\nAvanzados panel 74&#215;32 ID 983LX \u2013 ID 985 (E\/CK\/LX)<br \/>\nAvanzados panel 74&#215;32 ID 985LX\/V\/S\/E\/CK (LX\/MB)<\/p>\n<p>&nbsp;<\/li>\n<li>V\u00e1lvulasExpansi\u00f3n electr\u00f3nica pulsos PXV<br \/>\nExpansi\u00f3n electr\u00f3nica paso-paso SER \/ SERI \/ SEHI<\/p>\n<p>&nbsp;<\/li>\n<li>ControlesV.E.E. Pulsos V800<br \/>\nV.E.E. Pulsos y algoritmos ahorro energ\u00e9tico RTX 600\/V DOMINO ZERO<br \/>\nV.E.E. Paso-paso XVD 420 \u2013 OPEN<br \/>\nV.E.E. Paso-paso y algoritmos ahorro energ\u00e9tico RXT 600\/VS DOMINO ZERO<br \/>\nTeclados para series RTX-RTD-RTN KDE \u2013 KDW \u2013 KDT \u2013 KDX \u2013 ECHO<br \/>\nCompactos para centrales frigor\u00edficas EWCM 400 PRO \/ A-STD<br \/>\nCompactos para compresores EWCM 436D PRO \/ A-CRII<br \/>\nCompactos para compresores EWCM EO 8900 \u2013 9100 \u2013 9900<br \/>\nAvanzados V.E.E. paso-paso V910<\/li>\n<\/ul>\n<p><a href=\"https:\/\/mpfred.com\/wp-content\/uploads\/2023\/12\/Refrigeracion-avanzada_compressed.pdf\" target=\"_blank\" rel=\"noopener\"><img loading=\"lazy\" decoding=\"async\" class=\"alignnone wp-image-355 size-full\" src=\"https:\/\/mpfred.com\/wp-content\/uploads\/2023\/11\/pdf.png\" alt=\"\" width=\"64\" height=\"64\" \/><\/a><br \/>\n<a href=\"https:\/\/mpfred.com\/wp-content\/uploads\/2023\/12\/Refrigeracion-avanzada_compressed.pdf\" target=\"_blank\" rel=\"noopener\">Cat\u00e0leg PDF<\/a><\/p>\n","protected":false},"excerpt":{"rendered":"<p>TermostatosAvanzados carril DIN EWDR 981 \u2013 983 &#8211; 984 \u2013 985 Avanzados partidos IWP 985 &#8211; IWK Avanzados panel 74&#215;32 ID 983LX \u2013 ID 985 (E\/CK\/LX) Avanzados panel 74&#215;32 ID 985LX\/V\/S\/E\/CK (LX\/MB) &nbsp; V\u00e1lvulasExpansi\u00f3n electr\u00f3nica pulsos PXV Expansi\u00f3n electr\u00f3nica paso-paso SER \/ SERI \/ SEHI &nbsp; ControlesV.E.E. Pulsos V800 V.E.E. Pulsos y algoritmos ahorro energ\u00e9tico [&hellip;]<\/p>\n","protected":false},"featured_media":1450,"template":"","meta":{"_seopress_robots_primary_cat":"none","_seopress_titles_title":"","_seopress_titles_desc":"","_seopress_robots_index":""},"product_brand":[131],"product_cat":[56],"product_tag":[],"class_list":{"0":"post-733","1":"product","2":"type-product","3":"status-publish","4":"has-post-thumbnail","6":"product_brand-eliwell","7":"product_cat-refrigeracio-avancada","9":"first","10":"instock","11":"featured","12":"shipping-taxable","13":"product-type-simple"},"_links":{"self":[{"href":"https:\/\/mpfred.com\/es\/wp-json\/wp\/v2\/product\/733","targetHints":{"allow":["GET"]}}],"collection":[{"href":"https:\/\/mpfred.com\/es\/wp-json\/wp\/v2\/product"}],"about":[{"href":"https:\/\/mpfred.com\/es\/wp-json\/wp\/v2\/types\/product"}],"wp:featuredmedia":[{"embeddable":true,"href":"https:\/\/mpfred.com\/es\/wp-json\/wp\/v2\/media\/1450"}],"wp:attachment":[{"href":"https:\/\/mpfred.com\/es\/wp-json\/wp\/v2\/media?parent=733"}],"wp:term":[{"taxonomy":"product_brand","embeddable":true,"href":"https:\/\/mpfred.com\/es\/wp-json\/wp\/v2\/product_brand?post=733"},{"taxonomy":"product_cat","embeddable":true,"href":"https:\/\/mpfred.com\/es\/wp-json\/wp\/v2\/product_cat?post=733"},{"taxonomy":"product_tag","embeddable":true,"href":"https:\/\/mpfred.com\/es\/wp-json\/wp\/v2\/product_tag?post=733"}],"curies":[{"name":"wp","href":"https:\/\/api.w.org\/{rel}","templated":true}]}}