{"id":730,"date":"2023-12-04T17:06:17","date_gmt":"2023-12-04T16:06:17","guid":{"rendered":"https:\/\/mpfred.com\/?post_type=product&#038;p=730"},"modified":"2025-08-01T10:38:30","modified_gmt":"2025-08-01T09:38:30","slug":"programables-y-confort","status":"publish","type":"product","link":"https:\/\/mpfred.com\/es\/producte\/programables-y-confort\/","title":{"rendered":"PROGRAMABLES Y CONFORT"},"content":{"rendered":"<ul>\n<li>Aut\u00f3matasFREE SMART 12-24V SMP \u2013 SMD<br \/>\nFREE SMART 230V SMD \u2013 SME<br \/>\nPantallas teclados FREE SMART SKP &#8211; SKW<br \/>\nFREE EVOLUTION EVP \u2013 EVC \u2013 EVD \u2013 EVE<br \/>\nFREE ADVANCE AVD84 \u2013 AVD12 \u2013 AVD6 \u2013 AVD3<br \/>\nPantallas aut\u00f3matas FREE<br \/>\nPantallas dispositivos WEBSERVER<br \/>\nM\u00f3dulo comunicaci\u00f3n FREE<br \/>\nAplicaciones FREE<\/p>\n<p>&nbsp;<\/li>\n<li>ControlesC\u00e1maras industriales modular COLDFACE INDUSTRY<br \/>\nProcesos de temperatura \u2013 humedad EVOHT \u2013 EWHT<br \/>\nMonitorizar y controlar calidad aire interior SMART AMBIENT<br \/>\nPanel con 2 reguladores independientes FREETWICE<br \/>\nFermentaci\u00f3n de pan SMACPAN<br \/>\nHvac universales hasta 2 circuitos ENERGY FLEX SB655 \u2013 SC655 \u2013 SD655<br \/>\nAccesorios sistemas Free y Energy Flex FREE \u2013 FLEX<\/p>\n<p>&nbsp;<\/li>\n<li>Termostatos&nbsp;<\/li>\n<li>Digitales para fan-coil TC907 \u2013 TC903<\/li>\n<\/ul>\n<p><a href=\"https:\/\/mpfred.com\/wp-content\/uploads\/2023\/12\/Programables-y-confort_compressed.pdf\" target=\"_blank\" rel=\"noopener\"><img loading=\"lazy\" decoding=\"async\" class=\"alignnone wp-image-355 size-full\" src=\"https:\/\/mpfred.com\/wp-content\/uploads\/2023\/11\/pdf.png\" alt=\"\" width=\"64\" height=\"64\" \/><\/a><br \/>\n<a href=\"https:\/\/mpfred.com\/wp-content\/uploads\/2023\/12\/Programables-y-confort_compressed.pdf\" target=\"_blank\" rel=\"noopener\">Cat\u00e0leg PDF<\/a><\/p>\n","protected":false},"excerpt":{"rendered":"<p>Aut\u00f3matasFREE SMART 12-24V SMP \u2013 SMD FREE SMART 230V SMD \u2013 SME Pantallas teclados FREE SMART SKP &#8211; SKW FREE EVOLUTION EVP \u2013 EVC \u2013 EVD \u2013 EVE FREE ADVANCE AVD84 \u2013 AVD12 \u2013 AVD6 \u2013 AVD3 Pantallas aut\u00f3matas FREE Pantallas dispositivos WEBSERVER M\u00f3dulo comunicaci\u00f3n FREE Aplicaciones FREE &nbsp; ControlesC\u00e1maras industriales modular COLDFACE INDUSTRY Procesos [&hellip;]<\/p>\n","protected":false},"featured_media":1448,"template":"","meta":{"_seopress_robots_primary_cat":"none","_seopress_titles_title":"","_seopress_titles_desc":"","_seopress_robots_index":""},"product_brand":[131],"product_cat":[55],"product_tag":[],"class_list":{"0":"post-730","1":"product","2":"type-product","3":"status-publish","4":"has-post-thumbnail","6":"product_brand-eliwell","7":"product_cat-programables-i-confort","9":"first","10":"instock","11":"featured","12":"shipping-taxable","13":"product-type-simple"},"_links":{"self":[{"href":"https:\/\/mpfred.com\/es\/wp-json\/wp\/v2\/product\/730","targetHints":{"allow":["GET"]}}],"collection":[{"href":"https:\/\/mpfred.com\/es\/wp-json\/wp\/v2\/product"}],"about":[{"href":"https:\/\/mpfred.com\/es\/wp-json\/wp\/v2\/types\/product"}],"wp:featuredmedia":[{"embeddable":true,"href":"https:\/\/mpfred.com\/es\/wp-json\/wp\/v2\/media\/1448"}],"wp:attachment":[{"href":"https:\/\/mpfred.com\/es\/wp-json\/wp\/v2\/media?parent=730"}],"wp:term":[{"taxonomy":"product_brand","embeddable":true,"href":"https:\/\/mpfred.com\/es\/wp-json\/wp\/v2\/product_brand?post=730"},{"taxonomy":"product_cat","embeddable":true,"href":"https:\/\/mpfred.com\/es\/wp-json\/wp\/v2\/product_cat?post=730"},{"taxonomy":"product_tag","embeddable":true,"href":"https:\/\/mpfred.com\/es\/wp-json\/wp\/v2\/product_tag?post=730"}],"curies":[{"name":"wp","href":"https:\/\/api.w.org\/{rel}","templated":true}]}}