{"id":727,"date":"2023-12-04T17:02:20","date_gmt":"2023-12-04T16:02:20","guid":{"rendered":"https:\/\/mpfred.com\/?post_type=product&#038;p=727"},"modified":"2025-08-01T10:38:30","modified_gmt":"2025-08-01T09:38:30","slug":"procesos-industriales","status":"publish","type":"product","link":"https:\/\/mpfred.com\/es\/producte\/procesos-industriales\/","title":{"rendered":"PROCESOS INDUSTRIALES"},"content":{"rendered":"<ul>\n<li>ControlesUniversal 1 rel\u00e9, panel de 74&#215;32 IC PLUS 902<br \/>\nUniversal 2 rel\u00e9, panel de 74&#215;32 IC PLUS 915<br \/>\nIndicador, panel de 74&#215;32 EM PLUS 600<br \/>\nUniversal carril DIN DR4020 \u2013 DR4022<br \/>\nIndustrial regulaci\u00f3n de procesos, panel 48&#215;48 EW4820 \u2013 EW4821 \u2013 EW4822<br \/>\nIndustrial regulaci\u00f3n de procesos, panel de 72&#215;72 EW7210 \u2013 EW7220 \u2013 EW7221 \u2013 EW7222<br \/>\nTemporizador programable 74&#215;32 EWTS PLUS 990<br \/>\nEnerg\u00eda para l\u00edneas monof\u00e1sicas y trif\u00e1sicas IEM3255<br \/>\nAn\u00e1lisis calidad de energ\u00eda medida monof\u00e1sicas y trif\u00e1sicas PM5330<br \/>\nRegulador de velocidad monof\u00e1sicos FASEC<br \/>\nBase enchufe OCTAL<\/li>\n<\/ul>\n<p><a href=\"https:\/\/mpfred.com\/wp-content\/uploads\/2023\/12\/Procesos-industriales_compressed.pdf\" target=\"_blank\" rel=\"noopener\"><img loading=\"lazy\" decoding=\"async\" class=\"alignnone wp-image-355 size-full\" src=\"https:\/\/mpfred.com\/wp-content\/uploads\/2023\/11\/pdf.png\" alt=\"\" width=\"64\" height=\"64\" \/><\/a><br \/>\n<a href=\"https:\/\/mpfred.com\/wp-content\/uploads\/2023\/12\/Procesos-industriales_compressed.pdf\" target=\"_blank\" rel=\"noopener\">Cat\u00e0leg PDF<\/a><\/p>\n","protected":false},"excerpt":{"rendered":"<p>ControlesUniversal 1 rel\u00e9, panel de 74&#215;32 IC PLUS 902 Universal 2 rel\u00e9, panel de 74&#215;32 IC PLUS 915 Indicador, panel de 74&#215;32 EM PLUS 600 Universal carril DIN DR4020 \u2013 DR4022 Industrial regulaci\u00f3n de procesos, panel 48&#215;48 EW4820 \u2013 EW4821 \u2013 EW4822 Industrial regulaci\u00f3n de procesos, panel de 72&#215;72 EW7210 \u2013 EW7220 \u2013 EW7221 \u2013 [&hellip;]<\/p>\n","protected":false},"featured_media":1446,"template":"","meta":{"_seopress_robots_primary_cat":"none","_seopress_titles_title":"","_seopress_titles_desc":"","_seopress_robots_index":""},"product_brand":[131],"product_cat":[54],"product_tag":[],"class_list":{"0":"post-727","1":"product","2":"type-product","3":"status-publish","4":"has-post-thumbnail","6":"product_brand-eliwell","7":"product_cat-processos-industrials","9":"first","10":"instock","11":"featured","12":"shipping-taxable","13":"product-type-simple"},"_links":{"self":[{"href":"https:\/\/mpfred.com\/es\/wp-json\/wp\/v2\/product\/727","targetHints":{"allow":["GET"]}}],"collection":[{"href":"https:\/\/mpfred.com\/es\/wp-json\/wp\/v2\/product"}],"about":[{"href":"https:\/\/mpfred.com\/es\/wp-json\/wp\/v2\/types\/product"}],"wp:featuredmedia":[{"embeddable":true,"href":"https:\/\/mpfred.com\/es\/wp-json\/wp\/v2\/media\/1446"}],"wp:attachment":[{"href":"https:\/\/mpfred.com\/es\/wp-json\/wp\/v2\/media?parent=727"}],"wp:term":[{"taxonomy":"product_brand","embeddable":true,"href":"https:\/\/mpfred.com\/es\/wp-json\/wp\/v2\/product_brand?post=727"},{"taxonomy":"product_cat","embeddable":true,"href":"https:\/\/mpfred.com\/es\/wp-json\/wp\/v2\/product_cat?post=727"},{"taxonomy":"product_tag","embeddable":true,"href":"https:\/\/mpfred.com\/es\/wp-json\/wp\/v2\/product_tag?post=727"}],"curies":[{"name":"wp","href":"https:\/\/api.w.org\/{rel}","templated":true}]}}