{"id":724,"date":"2023-12-04T16:57:47","date_gmt":"2023-12-04T15:57:47","guid":{"rendered":"https:\/\/mpfred.com\/?post_type=product&#038;p=724"},"modified":"2025-08-01T10:39:05","modified_gmt":"2025-08-01T09:39:05","slug":"controles-mecanicos","status":"publish","type":"product","link":"https:\/\/mpfred.com\/es\/producte\/controles-mecanicos\/","title":{"rendered":"CONTROLES MEC\u00c1NICOS"},"content":{"rendered":"<ul>\n<li>Termostatos electromec\u00e1nicos K TERMOSTATO Y ACCESORIOS<\/li>\n<li>Termostatos electromec\u00e1nicos universales VARIFIX<\/li>\n<li>Presostatos diferenciales presi\u00f3n P30<\/li>\n<li>Micropresostatos NSD<\/li>\n<li>Mini presostatos G60 \u2013 G63<\/li>\n<li>Termostatos electromec\u00e1nicos W35<\/li>\n<li>Termostatos electromec\u00e1nicos O16<\/li>\n<li>Presostatos electromec\u00e1nicos O16 \u2013 O17<\/li>\n<li>V\u00e1lvulas de inversi\u00f3n 4 v\u00edas RV<\/li>\n<\/ul>\n<p><a href=\"https:\/\/mpfred.com\/wp-content\/uploads\/2023\/12\/Controles-mecanicos_compressed.pdf\" target=\"_blank\" rel=\"noopener\"><img loading=\"lazy\" decoding=\"async\" class=\"alignnone wp-image-355 size-full\" src=\"https:\/\/mpfred.com\/wp-content\/uploads\/2023\/11\/pdf.png\" alt=\"\" width=\"64\" height=\"64\" \/><\/a><br \/>\n<a href=\"https:\/\/mpfred.com\/wp-content\/uploads\/2023\/12\/Controles-mecanicos_compressed.pdf\" target=\"_blank\" rel=\"noopener\">Cat\u00e0leg PDF<\/a><\/p>\n","protected":false},"excerpt":{"rendered":"<p>Termostatos electromec\u00e1nicos K TERMOSTATO Y ACCESORIOS Termostatos electromec\u00e1nicos universales VARIFIX Presostatos diferenciales presi\u00f3n P30 Micropresostatos NSD Mini presostatos G60 \u2013 G63 Termostatos electromec\u00e1nicos W35 Termostatos electromec\u00e1nicos O16 Presostatos electromec\u00e1nicos O16 \u2013 O17 V\u00e1lvulas de inversi\u00f3n 4 v\u00edas RV Cat\u00e0leg PDF<\/p>\n","protected":false},"featured_media":1444,"template":"","meta":{"_seopress_robots_primary_cat":"none","_seopress_titles_title":"","_seopress_titles_desc":"","_seopress_robots_index":""},"product_brand":[131],"product_cat":[53],"product_tag":[],"class_list":{"0":"post-724","1":"product","2":"type-product","3":"status-publish","4":"has-post-thumbnail","6":"product_brand-eliwell","7":"product_cat-controls-mecanics","9":"first","10":"instock","11":"featured","12":"shipping-taxable","13":"product-type-simple"},"_links":{"self":[{"href":"https:\/\/mpfred.com\/es\/wp-json\/wp\/v2\/product\/724","targetHints":{"allow":["GET"]}}],"collection":[{"href":"https:\/\/mpfred.com\/es\/wp-json\/wp\/v2\/product"}],"about":[{"href":"https:\/\/mpfred.com\/es\/wp-json\/wp\/v2\/types\/product"}],"wp:featuredmedia":[{"embeddable":true,"href":"https:\/\/mpfred.com\/es\/wp-json\/wp\/v2\/media\/1444"}],"wp:attachment":[{"href":"https:\/\/mpfred.com\/es\/wp-json\/wp\/v2\/media?parent=724"}],"wp:term":[{"taxonomy":"product_brand","embeddable":true,"href":"https:\/\/mpfred.com\/es\/wp-json\/wp\/v2\/product_brand?post=724"},{"taxonomy":"product_cat","embeddable":true,"href":"https:\/\/mpfred.com\/es\/wp-json\/wp\/v2\/product_cat?post=724"},{"taxonomy":"product_tag","embeddable":true,"href":"https:\/\/mpfred.com\/es\/wp-json\/wp\/v2\/product_tag?post=724"}],"curies":[{"name":"wp","href":"https:\/\/api.w.org\/{rel}","templated":true}]}}