{"id":721,"date":"2023-12-04T16:52:24","date_gmt":"2023-12-04T15:52:24","guid":{"rendered":"https:\/\/mpfred.com\/?post_type=product&#038;p=721"},"modified":"2025-08-01T08:24:12","modified_gmt":"2025-08-01T07:24:12","slug":"accesorios","status":"publish","type":"product","link":"https:\/\/mpfred.com\/es\/producte\/accesorios\/","title":{"rendered":"ACCESORIOS"},"content":{"rendered":"<ul>\n<li>Detecci\u00f3n y se\u00f1alizaci\u00f3n de p\u00e9rdidas de refrigerante LKD<\/li>\n<li>Sondas de climatizaci\u00f3n HVAC<\/li>\n<li>Sondas de humedad EWHS 2840 \u2013 3040 \u2013 3140 \u2013 SS301<\/li>\n<li>Transductores de presi\u00f3n SPA \u2013 EWPA \u2013 EWPD<\/li>\n<li>Sondas temperatura NTC &#8211; PT1000 \u2013 DIN B<\/li>\n<li>Sondas temperatura PT100 \u2013 TCJ \u2013 TCK \u2013 PTC<\/li>\n<li>Convertidores \u2013 Sondas especiales<\/li>\n<li>Sondas especiales<\/li>\n<li>Transformadores EWTC<\/li>\n<li>Llaves de programaci\u00f3n<\/li>\n<li>Envolventes y protecciones EM \u2013 IDS<\/li>\n<\/ul>\n<p><a href=\"https:\/\/mpfred.com\/wp-content\/uploads\/2023\/12\/Accesorios_compressed.pdf\" target=\"_blank\" rel=\"noopener\"><img loading=\"lazy\" decoding=\"async\" class=\"alignnone wp-image-355 size-full\" src=\"https:\/\/mpfred.com\/wp-content\/uploads\/2023\/11\/pdf.png\" alt=\"\" width=\"64\" height=\"64\" \/><\/a><br \/>\n<a href=\"https:\/\/mpfred.com\/wp-content\/uploads\/2023\/12\/Accesorios_compressed.pdf\" target=\"_blank\" rel=\"noopener\">Cat\u00e0leg PDF<\/a><\/p>\n","protected":false},"excerpt":{"rendered":"<p>Detecci\u00f3n y se\u00f1alizaci\u00f3n de p\u00e9rdidas de refrigerante LKD Sondas de climatizaci\u00f3n HVAC Sondas de humedad EWHS 2840 \u2013 3040 \u2013 3140 \u2013 SS301 Transductores de presi\u00f3n SPA \u2013 EWPA \u2013 EWPD Sondas temperatura NTC &#8211; PT1000 \u2013 DIN B Sondas temperatura PT100 \u2013 TCJ \u2013 TCK \u2013 PTC Convertidores \u2013 Sondas especiales Sondas especiales Transformadores [&hellip;]<\/p>\n","protected":false},"featured_media":1442,"template":"","meta":{"_seopress_robots_primary_cat":"none","_seopress_titles_title":"","_seopress_titles_desc":"","_seopress_robots_index":""},"product_brand":[131],"product_cat":[52],"product_tag":[],"class_list":{"0":"post-721","1":"product","2":"type-product","3":"status-publish","4":"has-post-thumbnail","6":"product_brand-eliwell","7":"product_cat-accessoris","9":"first","10":"instock","11":"featured","12":"shipping-taxable","13":"product-type-simple"},"_links":{"self":[{"href":"https:\/\/mpfred.com\/es\/wp-json\/wp\/v2\/product\/721","targetHints":{"allow":["GET"]}}],"collection":[{"href":"https:\/\/mpfred.com\/es\/wp-json\/wp\/v2\/product"}],"about":[{"href":"https:\/\/mpfred.com\/es\/wp-json\/wp\/v2\/types\/product"}],"wp:featuredmedia":[{"embeddable":true,"href":"https:\/\/mpfred.com\/es\/wp-json\/wp\/v2\/media\/1442"}],"wp:attachment":[{"href":"https:\/\/mpfred.com\/es\/wp-json\/wp\/v2\/media?parent=721"}],"wp:term":[{"taxonomy":"product_brand","embeddable":true,"href":"https:\/\/mpfred.com\/es\/wp-json\/wp\/v2\/product_brand?post=721"},{"taxonomy":"product_cat","embeddable":true,"href":"https:\/\/mpfred.com\/es\/wp-json\/wp\/v2\/product_cat?post=721"},{"taxonomy":"product_tag","embeddable":true,"href":"https:\/\/mpfred.com\/es\/wp-json\/wp\/v2\/product_tag?post=721"}],"curies":[{"name":"wp","href":"https:\/\/api.w.org\/{rel}","templated":true}]}}