{"id":472,"date":"2023-11-28T14:18:54","date_gmt":"2023-11-28T13:18:54","guid":{"rendered":"https:\/\/mpfred.com\/?post_type=product&#038;p=472"},"modified":"2025-08-01T10:50:13","modified_gmt":"2025-08-01T09:50:13","slug":"recuperador-recaf","status":"publish","type":"product","link":"https:\/\/mpfred.com\/es\/producte\/recuperador-recaf\/","title":{"rendered":"RECUPERADOR RECAF"},"content":{"rendered":"<p>La Serie RECAF, tanto en su dise\u00f1o como en su construcci\u00f3n, est\u00e1n de acuerdo con las exigencias aplicables de seguridad y salud seg\u00fan la Directiva de M\u00e1quinas, RITE y nueva normativa de Ecodise\u00f1o.<br \/>\nLa amplia gama formada por 7 modelos cubre todas las necesidades de caudal de aire, desde 500 m3\/h hasta 6.000 m3\/h (otras configuraciones son posibles), pensadas para uso residencial o comercial.<\/p>\n<p><a href=\"https:\/\/mpfred.com\/wp-content\/uploads\/2023\/11\/CATALOGO-RECUPERADORES_compressed.pdf\" target=\"_blank\" rel=\"noopener\"><img loading=\"lazy\" decoding=\"async\" class=\"alignnone wp-image-355 size-full\" src=\"https:\/\/mpfred.com\/wp-content\/uploads\/2023\/11\/pdf.png\" alt=\"\" width=\"64\" height=\"64\" \/><\/a><br \/>\n<a href=\"https:\/\/mpfred.com\/wp-content\/uploads\/2023\/11\/CATALOGO-RECUPERADORES_compressed.pdf\" target=\"_blank\" rel=\"noopener\">Cat\u00e0leg PDF<\/a><\/p>\n<p><a href=\"https:\/\/mpfred.com\/wp-content\/uploads\/2023\/11\/Informe-ERP_ES_compressed.pdf\" target=\"_blank\" rel=\"noopener\"><img loading=\"lazy\" decoding=\"async\" class=\"alignnone wp-image-355 size-full\" src=\"https:\/\/mpfred.com\/wp-content\/uploads\/2023\/11\/pdf.png\" alt=\"\" width=\"64\" height=\"64\" \/><\/a><br \/>\n<a href=\"https:\/\/mpfred.com\/wp-content\/uploads\/2023\/11\/Informe-ERP_ES_compressed.pdf\" target=\"_blank\" rel=\"noopener\">Informe ERP PDF<\/a><\/p>\n","protected":false},"excerpt":{"rendered":"<p>La Serie RECAF, tanto en su dise\u00f1o como en su construcci\u00f3n, est\u00e1n de acuerdo con las exigencias aplicables de seguridad y salud seg\u00fan la Directiva de M\u00e1quinas, RITE y nueva normativa de Ecodise\u00f1o. La amplia gama formada por 7 modelos cubre todas las necesidades de caudal de aire, desde 500 m3\/h hasta 6.000 m3\/h (otras [&hellip;]<\/p>\n","protected":false},"featured_media":477,"template":"","meta":{"_seopress_robots_primary_cat":"none","_seopress_titles_title":"","_seopress_titles_desc":"","_seopress_robots_index":""},"product_brand":[138],"product_cat":[50],"product_tag":[],"class_list":{"0":"post-472","1":"product","2":"type-product","3":"status-publish","4":"has-post-thumbnail","6":"product_brand-airflow","7":"product_cat-recuperadors","9":"first","10":"instock","11":"featured","12":"shipping-taxable","13":"product-type-simple"},"_links":{"self":[{"href":"https:\/\/mpfred.com\/es\/wp-json\/wp\/v2\/product\/472","targetHints":{"allow":["GET"]}}],"collection":[{"href":"https:\/\/mpfred.com\/es\/wp-json\/wp\/v2\/product"}],"about":[{"href":"https:\/\/mpfred.com\/es\/wp-json\/wp\/v2\/types\/product"}],"wp:featuredmedia":[{"embeddable":true,"href":"https:\/\/mpfred.com\/es\/wp-json\/wp\/v2\/media\/477"}],"wp:attachment":[{"href":"https:\/\/mpfred.com\/es\/wp-json\/wp\/v2\/media?parent=472"}],"wp:term":[{"taxonomy":"product_brand","embeddable":true,"href":"https:\/\/mpfred.com\/es\/wp-json\/wp\/v2\/product_brand?post=472"},{"taxonomy":"product_cat","embeddable":true,"href":"https:\/\/mpfred.com\/es\/wp-json\/wp\/v2\/product_cat?post=472"},{"taxonomy":"product_tag","embeddable":true,"href":"https:\/\/mpfred.com\/es\/wp-json\/wp\/v2\/product_tag?post=472"}],"curies":[{"name":"wp","href":"https:\/\/api.w.org\/{rel}","templated":true}]}}