{"id":465,"date":"2023-11-28T14:06:13","date_gmt":"2023-11-28T13:06:13","guid":{"rendered":"https:\/\/mpfred.com\/?post_type=product&#038;p=465"},"modified":"2025-08-01T10:50:13","modified_gmt":"2025-08-01T09:50:13","slug":"climatizador-caf","status":"publish","type":"product","link":"https:\/\/mpfred.com\/es\/producte\/climatizador-caf\/","title":{"rendered":"CLIMATIZADOR CAF"},"content":{"rendered":"<p>Dise\u00f1ados y fabricados a medida para cada necesidad.<br \/>\nEstructura formada por bastidores de aluminio cerrado con \u00e1ngulo redondeado.<br \/>\nPaneles s\u00e1ndwich con aislamiento de poliuretano o de lana de roca.<br \/>\nChapa exterior e interior prelacada.<br \/>\nPuertas abatibles con bisagras y manetas de presi\u00f3n.<br \/>\nBandejas de desag\u00fce fabricadas con acero inoxidable y aisladas.<br \/>\nPosibilidad de incorporar cuadro de fuerza y control.<\/p>\n<p><a href=\"https:\/\/mpfred.com\/wp-content\/uploads\/2023\/11\/Climatizadores_compressed.pdf\" target=\"_blank\" rel=\"noopener\"><img loading=\"lazy\" decoding=\"async\" class=\"alignnone wp-image-355 size-full\" src=\"https:\/\/mpfred.com\/wp-content\/uploads\/2023\/11\/pdf.png\" alt=\"\" width=\"64\" height=\"64\" \/><\/a><br \/>\n<a href=\"https:\/\/mpfred.com\/wp-content\/uploads\/2023\/11\/Climatizadores_compressed.pdf\" target=\"_blank\" rel=\"noopener\">Descarregar PDF<\/a><\/p>\n","protected":false},"excerpt":{"rendered":"<p>Dise\u00f1ados y fabricados a medida para cada necesidad. Estructura formada por bastidores de aluminio cerrado con \u00e1ngulo redondeado. Paneles s\u00e1ndwich con aislamiento de poliuretano o de lana de roca. Chapa exterior e interior prelacada. Puertas abatibles con bisagras y manetas de presi\u00f3n. Bandejas de desag\u00fce fabricadas con acero inoxidable y aisladas. Posibilidad de incorporar cuadro [&hellip;]<\/p>\n","protected":false},"featured_media":470,"template":"","meta":{"_seopress_robots_primary_cat":"none","_seopress_titles_title":"","_seopress_titles_desc":"","_seopress_robots_index":""},"product_brand":[138],"product_cat":[51],"product_tag":[],"class_list":{"0":"post-465","1":"product","2":"type-product","3":"status-publish","4":"has-post-thumbnail","6":"product_brand-airflow","7":"product_cat-climatitzadors","9":"first","10":"instock","11":"featured","12":"shipping-taxable","13":"product-type-simple"},"_links":{"self":[{"href":"https:\/\/mpfred.com\/es\/wp-json\/wp\/v2\/product\/465","targetHints":{"allow":["GET"]}}],"collection":[{"href":"https:\/\/mpfred.com\/es\/wp-json\/wp\/v2\/product"}],"about":[{"href":"https:\/\/mpfred.com\/es\/wp-json\/wp\/v2\/types\/product"}],"wp:featuredmedia":[{"embeddable":true,"href":"https:\/\/mpfred.com\/es\/wp-json\/wp\/v2\/media\/470"}],"wp:attachment":[{"href":"https:\/\/mpfred.com\/es\/wp-json\/wp\/v2\/media?parent=465"}],"wp:term":[{"taxonomy":"product_brand","embeddable":true,"href":"https:\/\/mpfred.com\/es\/wp-json\/wp\/v2\/product_brand?post=465"},{"taxonomy":"product_cat","embeddable":true,"href":"https:\/\/mpfred.com\/es\/wp-json\/wp\/v2\/product_cat?post=465"},{"taxonomy":"product_tag","embeddable":true,"href":"https:\/\/mpfred.com\/es\/wp-json\/wp\/v2\/product_tag?post=465"}],"curies":[{"name":"wp","href":"https:\/\/api.w.org\/{rel}","templated":true}]}}