{"id":1463,"date":"2024-02-06T18:59:15","date_gmt":"2024-02-06T17:59:15","guid":{"rendered":"https:\/\/mpfred.com\/?post_type=product&#038;p=1463"},"modified":"2025-08-01T10:40:05","modified_gmt":"2025-08-01T09:40:05","slug":"recanvis","status":"publish","type":"product","link":"https:\/\/mpfred.com\/es\/producte\/recanvis\/","title":{"rendered":"Recanvis"},"content":{"rendered":"<p>RECANVIS<\/p>\n<p>Recanvis de motor AC i EC per m\u00e0quines de fred i climatitzaci\u00f3<br \/>\nRecanvis de turbines pels motors<br \/>\nGrups motoventiladors AC i EC per m\u00e0quines fred i climatitzaci\u00f3, possibilitat de fer-los a mida.<br \/>\nSolucions per adaptar motors nous en instal\u00b7lacions antigues<br \/>\nV\u00e0lvules per fan-coil<br \/>\nQualsevol recanvi de les marques comercialitzades en la nostra web.<\/p>\n","protected":false},"excerpt":{"rendered":"<p>RECANVIS Recanvis de motor AC i EC per m\u00e0quines de fred i climatitzaci\u00f3 Recanvis de turbines pels motors Grups motoventiladors AC i EC per m\u00e0quines fred i climatitzaci\u00f3, possibilitat de fer-los a mida. Solucions per adaptar motors nous en instal\u00b7lacions antigues V\u00e0lvules per fan-coil Qualsevol recanvi de les marques comercialitzades en la nostra web.<\/p>\n","protected":false},"featured_media":1464,"template":"","meta":{"_seopress_robots_primary_cat":"none","_seopress_titles_title":"","_seopress_titles_desc":"","_seopress_robots_index":""},"product_brand":[137],"product_cat":[126],"product_tag":[],"class_list":{"0":"post-1463","1":"product","2":"type-product","3":"status-publish","4":"has-post-thumbnail","6":"product_brand-mp-fred","7":"product_cat-recanvis","9":"first","10":"instock","11":"featured","12":"shipping-taxable","13":"product-type-simple"},"_links":{"self":[{"href":"https:\/\/mpfred.com\/es\/wp-json\/wp\/v2\/product\/1463","targetHints":{"allow":["GET"]}}],"collection":[{"href":"https:\/\/mpfred.com\/es\/wp-json\/wp\/v2\/product"}],"about":[{"href":"https:\/\/mpfred.com\/es\/wp-json\/wp\/v2\/types\/product"}],"wp:featuredmedia":[{"embeddable":true,"href":"https:\/\/mpfred.com\/es\/wp-json\/wp\/v2\/media\/1464"}],"wp:attachment":[{"href":"https:\/\/mpfred.com\/es\/wp-json\/wp\/v2\/media?parent=1463"}],"wp:term":[{"taxonomy":"product_brand","embeddable":true,"href":"https:\/\/mpfred.com\/es\/wp-json\/wp\/v2\/product_brand?post=1463"},{"taxonomy":"product_cat","embeddable":true,"href":"https:\/\/mpfred.com\/es\/wp-json\/wp\/v2\/product_cat?post=1463"},{"taxonomy":"product_tag","embeddable":true,"href":"https:\/\/mpfred.com\/es\/wp-json\/wp\/v2\/product_tag?post=1463"}],"curies":[{"name":"wp","href":"https:\/\/api.w.org\/{rel}","templated":true}]}}