{"id":1406,"date":"2023-12-18T15:40:26","date_gmt":"2023-12-18T14:40:26","guid":{"rendered":"https:\/\/mpfred.com\/?post_type=product&#038;p=1406"},"modified":"2025-08-01T10:40:05","modified_gmt":"2025-08-01T09:40:05","slug":"ps-dc-ps-dce","status":"publish","type":"product","link":"https:\/\/mpfred.com\/es\/producte\/ps-dc-ps-dce\/","title":{"rendered":"PS-DC PS-DCE"},"content":{"rendered":"<ul>\n<li>Fan-coil conducto<br \/>\nPotencias de\u00a04,13 a 14,82 kW.<br \/>\nDos modelos disponibles (2 tubos y 4 tubos).<br \/>\nMotor de ventilador AC, modelo PS-DC, motor de ventilador EC, modelo PS-DCE.<br \/>\nPresi\u00f3n disponible hasta 150Pa.<\/p>\n<p>&nbsp;<\/li>\n<li>OPCIONALES<br \/>\nKit de v\u00e1lvulas<br \/>\nTermostato<br \/>\nMando a distancia<br \/>\nPl\u00e9num impulsi\u00f3n<\/li>\n<\/ul>\n<p><a href=\"https:\/\/mpfred.com\/wp-content\/uploads\/2023\/12\/FAN-COIL-PS-DC_DCE_compressed.pdf\" target=\"_blank\" rel=\"noopener\"><img loading=\"lazy\" decoding=\"async\" class=\"alignnone wp-image-355 size-full\" src=\"https:\/\/mpfred.com\/wp-content\/uploads\/2023\/11\/pdf.png\" alt=\"\" width=\"64\" height=\"64\" \/><\/a><\/p>\n<p style=\"text-align: left;\">\u00a0 \u00a0 \u00a0 \u00a0 <a href=\"https:\/\/mpfred.com\/wp-content\/uploads\/2023\/12\/FAN-COIL-PS-DC_DCE_compressed.pdf\" target=\"_blank\" rel=\"noopener\">Cat\u00e0leg PDF<\/a><\/p>\n","protected":false},"excerpt":{"rendered":"<p>Fan-coil conducto Potencias de\u00a04,13 a 14,82 kW. Dos modelos disponibles (2 tubos y 4 tubos). Motor de ventilador AC, modelo PS-DC, motor de ventilador EC, modelo PS-DCE. Presi\u00f3n disponible hasta 150Pa. &nbsp; OPCIONALES Kit de v\u00e1lvulas Termostato Mando a distancia Pl\u00e9num impulsi\u00f3n \u00a0 \u00a0 \u00a0 \u00a0 Cat\u00e0leg PDF<\/p>\n","protected":false},"featured_media":1404,"template":"","meta":{"_seopress_robots_primary_cat":"none","_seopress_titles_title":"","_seopress_titles_desc":"","_seopress_robots_index":""},"product_brand":[137],"product_cat":[33],"product_tag":[],"class_list":{"0":"post-1406","1":"product","2":"type-product","3":"status-publish","4":"has-post-thumbnail","6":"product_brand-mp-fred","7":"product_cat-fan-coils","9":"first","10":"instock","11":"featured","12":"shipping-taxable","13":"product-type-simple"},"_links":{"self":[{"href":"https:\/\/mpfred.com\/es\/wp-json\/wp\/v2\/product\/1406","targetHints":{"allow":["GET"]}}],"collection":[{"href":"https:\/\/mpfred.com\/es\/wp-json\/wp\/v2\/product"}],"about":[{"href":"https:\/\/mpfred.com\/es\/wp-json\/wp\/v2\/types\/product"}],"wp:featuredmedia":[{"embeddable":true,"href":"https:\/\/mpfred.com\/es\/wp-json\/wp\/v2\/media\/1404"}],"wp:attachment":[{"href":"https:\/\/mpfred.com\/es\/wp-json\/wp\/v2\/media?parent=1406"}],"wp:term":[{"taxonomy":"product_brand","embeddable":true,"href":"https:\/\/mpfred.com\/es\/wp-json\/wp\/v2\/product_brand?post=1406"},{"taxonomy":"product_cat","embeddable":true,"href":"https:\/\/mpfred.com\/es\/wp-json\/wp\/v2\/product_cat?post=1406"},{"taxonomy":"product_tag","embeddable":true,"href":"https:\/\/mpfred.com\/es\/wp-json\/wp\/v2\/product_tag?post=1406"}],"curies":[{"name":"wp","href":"https:\/\/api.w.org\/{rel}","templated":true}]}}