{"id":1379,"date":"2023-12-18T15:08:47","date_gmt":"2023-12-18T14:08:47","guid":{"rendered":"https:\/\/mpfred.com\/?post_type=product&#038;p=1379"},"modified":"2025-08-01T08:29:12","modified_gmt":"2025-08-01T07:29:12","slug":"uav-secaderos-industriales","status":"publish","type":"product","link":"https:\/\/mpfred.com\/es\/producte\/uav-secaderos-industriales\/","title":{"rendered":"UAV Secaderos industriales"},"content":{"rendered":"<ul>\n<li>Secaderos industriales para el tratamiento de Embutidos, Jamones y Quesos, entre sus aplicaciones principales.<\/li>\n<li>En su configuraci\u00f3n normal el grupo est\u00e1 formado por una unidad de tratamiento del aire, posicionada en el suelo en el interior de la c\u00e1mara. Dicha unidad, de acero inoxidable AISI304, guarda en su interior todos los componentes frigor\u00edficos y el\u00e9ctricos.<\/li>\n<li>El control del grupo se realiza mediante la unidad de control electr\u00f3nico de nueva generaci\u00f3n que gestiona todas las funciones para mantener las condiciones de temperatura y humedad requeridas por el producto, adem\u00e1s controla el recambio de aire en la c\u00e1mara.<\/li>\n<li>La distribuci\u00f3n del aire en el interior se realiza mediante conductos especialmente dise\u00f1ados en funci\u00f3n de las dimensiones de la c\u00e1mara.<\/li>\n<li>El conducto en forma de\u00a0T\u00a0tiene la funci\u00f3n peculiar de distribuir el aire en el ambiente creando variaciones ideales que favorezcan el mayor rendimiento.<\/li>\n<li>Los secaderos se suministran con carga de refrigerante.<\/li>\n<\/ul>\n<p><a href=\"https:\/\/mpfred.com\/wp-content\/uploads\/2023\/12\/15-UAV_compressed.pdf\" target=\"_blank\" rel=\"noopener\"><img loading=\"lazy\" decoding=\"async\" class=\"alignnone wp-image-355 size-full\" src=\"https:\/\/mpfred.com\/wp-content\/uploads\/2023\/11\/pdf.png\" alt=\"\" width=\"64\" height=\"64\" \/><\/a><\/p>\n<p style=\"text-align: left;\">\u00a0 \u00a0 \u00a0 \u00a0 <a href=\"https:\/\/mpfred.com\/wp-content\/uploads\/2023\/12\/15-UAV_compressed.pdf\" target=\"_blank\" rel=\"noopener\">Cat\u00e0leg PDF<\/a><\/p>\n","protected":false},"excerpt":{"rendered":"<p>Secaderos industriales para el tratamiento de Embutidos, Jamones y Quesos, entre sus aplicaciones principales. En su configuraci\u00f3n normal el grupo est\u00e1 formado por una unidad de tratamiento del aire, posicionada en el suelo en el interior de la c\u00e1mara. Dicha unidad, de acero inoxidable AISI304, guarda en su interior todos los componentes frigor\u00edficos y el\u00e9ctricos. [&hellip;]<\/p>\n","protected":false},"featured_media":1382,"template":"","meta":{"_seopress_robots_primary_cat":"none","_seopress_titles_title":"","_seopress_titles_desc":"","_seopress_robots_index":""},"product_brand":[130],"product_cat":[125],"product_tag":[],"class_list":{"0":"post-1379","1":"product","2":"type-product","3":"status-publish","4":"has-post-thumbnail","6":"product_brand-zanotti","7":"product_cat-equips-de-fred-especials","9":"first","10":"instock","11":"featured","12":"shipping-taxable","13":"product-type-simple"},"_links":{"self":[{"href":"https:\/\/mpfred.com\/es\/wp-json\/wp\/v2\/product\/1379","targetHints":{"allow":["GET"]}}],"collection":[{"href":"https:\/\/mpfred.com\/es\/wp-json\/wp\/v2\/product"}],"about":[{"href":"https:\/\/mpfred.com\/es\/wp-json\/wp\/v2\/types\/product"}],"wp:featuredmedia":[{"embeddable":true,"href":"https:\/\/mpfred.com\/es\/wp-json\/wp\/v2\/media\/1382"}],"wp:attachment":[{"href":"https:\/\/mpfred.com\/es\/wp-json\/wp\/v2\/media?parent=1379"}],"wp:term":[{"taxonomy":"product_brand","embeddable":true,"href":"https:\/\/mpfred.com\/es\/wp-json\/wp\/v2\/product_brand?post=1379"},{"taxonomy":"product_cat","embeddable":true,"href":"https:\/\/mpfred.com\/es\/wp-json\/wp\/v2\/product_cat?post=1379"},{"taxonomy":"product_tag","embeddable":true,"href":"https:\/\/mpfred.com\/es\/wp-json\/wp\/v2\/product_tag?post=1379"}],"curies":[{"name":"wp","href":"https:\/\/api.w.org\/{rel}","templated":true}]}}