{"id":1356,"date":"2023-12-15T12:02:23","date_gmt":"2023-12-15T11:02:23","guid":{"rendered":"https:\/\/mpfred.com\/?post_type=product&#038;p=1356"},"modified":"2025-08-01T10:40:06","modified_gmt":"2025-08-01T09:40:06","slug":"cdb-pdb","status":"publish","type":"product","link":"https:\/\/mpfred.com\/es\/producte\/cdb-pdb\/","title":{"rendered":"CDB\/PDB"},"content":{"rendered":"<ul>\n<li>Se utilizan para t\u00faneles de congelaci\u00f3n e incorporan compresores semi-herm\u00e9ticos de doble etapa de tipo alternativo.<\/li>\n<li>Los equipos PDB son equipos polivalentes que a\u00f1aden la posibilidad de utilizar la c\u00e1mara en funcionamiento tanto en media como en baja temperatura.<\/li>\n<li>Se entregan listos para usar, testados y precargados de refrigerante la condensadora y el evaporador con nitr\u00f3geno.<\/li>\n<\/ul>\n<p><a href=\"https:\/\/mpfred.com\/wp-content\/uploads\/2023\/12\/11-CDB-PDB_compressed.pdf\" target=\"_blank\" rel=\"noopener\"><img loading=\"lazy\" decoding=\"async\" class=\"alignnone wp-image-355 size-full\" src=\"https:\/\/mpfred.com\/wp-content\/uploads\/2023\/11\/pdf.png\" alt=\"\" width=\"64\" height=\"64\" \/><\/a><\/p>\n<p style=\"text-align: left;\">\u00a0 \u00a0 \u00a0 \u00a0 <a href=\"https:\/\/mpfred.com\/wp-content\/uploads\/2023\/12\/11-CDB-PDB_compressed.pdf\" target=\"_blank\" rel=\"noopener\">Cat\u00e0leg PDF<\/a><\/p>\n","protected":false},"excerpt":{"rendered":"<p>Se utilizan para t\u00faneles de congelaci\u00f3n e incorporan compresores semi-herm\u00e9ticos de doble etapa de tipo alternativo. Los equipos PDB son equipos polivalentes que a\u00f1aden la posibilidad de utilizar la c\u00e1mara en funcionamiento tanto en media como en baja temperatura. Se entregan listos para usar, testados y precargados de refrigerante la condensadora y el evaporador con [&hellip;]<\/p>\n","protected":false},"featured_media":1359,"template":"","meta":{"_seopress_robots_primary_cat":"none","_seopress_titles_title":"","_seopress_titles_desc":"","_seopress_robots_index":""},"product_brand":[130],"product_cat":[105],"product_tag":[],"class_list":{"0":"post-1356","1":"product","2":"type-product","3":"status-publish","4":"has-post-thumbnail","6":"product_brand-zanotti","7":"product_cat-equips-de-fred-partits","9":"first","10":"instock","11":"featured","12":"shipping-taxable","13":"product-type-simple"},"_links":{"self":[{"href":"https:\/\/mpfred.com\/es\/wp-json\/wp\/v2\/product\/1356","targetHints":{"allow":["GET"]}}],"collection":[{"href":"https:\/\/mpfred.com\/es\/wp-json\/wp\/v2\/product"}],"about":[{"href":"https:\/\/mpfred.com\/es\/wp-json\/wp\/v2\/types\/product"}],"wp:featuredmedia":[{"embeddable":true,"href":"https:\/\/mpfred.com\/es\/wp-json\/wp\/v2\/media\/1359"}],"wp:attachment":[{"href":"https:\/\/mpfred.com\/es\/wp-json\/wp\/v2\/media?parent=1356"}],"wp:term":[{"taxonomy":"product_brand","embeddable":true,"href":"https:\/\/mpfred.com\/es\/wp-json\/wp\/v2\/product_brand?post=1356"},{"taxonomy":"product_cat","embeddable":true,"href":"https:\/\/mpfred.com\/es\/wp-json\/wp\/v2\/product_cat?post=1356"},{"taxonomy":"product_tag","embeddable":true,"href":"https:\/\/mpfred.com\/es\/wp-json\/wp\/v2\/product_tag?post=1356"}],"curies":[{"name":"wp","href":"https:\/\/api.w.org\/{rel}","templated":true}]}}