{"id":1353,"date":"2023-12-15T11:58:47","date_gmt":"2023-12-15T10:58:47","guid":{"rendered":"https:\/\/mpfred.com\/?post_type=product&#038;p=1353"},"modified":"2025-08-01T10:40:44","modified_gmt":"2025-08-01T09:40:44","slug":"utme","status":"publish","type":"product","link":"https:\/\/mpfred.com\/es\/producte\/utme\/","title":{"rendered":"UTME"},"content":{"rendered":"<ul>\n<li>Equipos con evaporador de mural y se caracterizan por su construcci\u00f3n tipo partido y por ser utilizados para t\u00faneles de congelaci\u00f3n.<\/li>\n<li>Incorporan compresores semi-herm\u00e9ticos de doble etapa o compresores de tornillo. Se entregan con carga de nitr\u00f3geno, testados tanto el evaporador como la condensadora.<\/li>\n<li>Los evaporadores son de tipo mural, en dos versiones con el tren de ventilaci\u00f3n en la parte superior de la bater\u00eda o con los ventiladores delante de la bater\u00eda, permitiendo su selecci\u00f3n en funci\u00f3n de las caracter\u00edsticas del t\u00fanel.<\/li>\n<\/ul>\n<p style=\"text-align: left;\">\n","protected":false},"excerpt":{"rendered":"<p>Equipos con evaporador de mural y se caracterizan por su construcci\u00f3n tipo partido y por ser utilizados para t\u00faneles de congelaci\u00f3n. Incorporan compresores semi-herm\u00e9ticos de doble etapa o compresores de tornillo. Se entregan con carga de nitr\u00f3geno, testados tanto el evaporador como la condensadora. Los evaporadores son de tipo mural, en dos versiones con el [&hellip;]<\/p>\n","protected":false},"featured_media":1354,"template":"","meta":{"_seopress_robots_primary_cat":"none","_seopress_titles_title":"","_seopress_titles_desc":"","_seopress_robots_index":""},"product_brand":[130],"product_cat":[105],"product_tag":[],"class_list":{"0":"post-1353","1":"product","2":"type-product","3":"status-publish","4":"has-post-thumbnail","6":"product_brand-zanotti","7":"product_cat-equips-de-fred-partits","9":"first","10":"instock","11":"featured","12":"shipping-taxable","13":"product-type-simple"},"_links":{"self":[{"href":"https:\/\/mpfred.com\/es\/wp-json\/wp\/v2\/product\/1353","targetHints":{"allow":["GET"]}}],"collection":[{"href":"https:\/\/mpfred.com\/es\/wp-json\/wp\/v2\/product"}],"about":[{"href":"https:\/\/mpfred.com\/es\/wp-json\/wp\/v2\/types\/product"}],"wp:featuredmedia":[{"embeddable":true,"href":"https:\/\/mpfred.com\/es\/wp-json\/wp\/v2\/media\/1354"}],"wp:attachment":[{"href":"https:\/\/mpfred.com\/es\/wp-json\/wp\/v2\/media?parent=1353"}],"wp:term":[{"taxonomy":"product_brand","embeddable":true,"href":"https:\/\/mpfred.com\/es\/wp-json\/wp\/v2\/product_brand?post=1353"},{"taxonomy":"product_cat","embeddable":true,"href":"https:\/\/mpfred.com\/es\/wp-json\/wp\/v2\/product_cat?post=1353"},{"taxonomy":"product_tag","embeddable":true,"href":"https:\/\/mpfred.com\/es\/wp-json\/wp\/v2\/product_tag?post=1353"}],"curies":[{"name":"wp","href":"https:\/\/api.w.org\/{rel}","templated":true}]}}