{"id":1348,"date":"2023-12-15T11:47:06","date_gmt":"2023-12-15T10:47:06","guid":{"rendered":"https:\/\/mpfred.com\/?post_type=product&#038;p=1348"},"modified":"2025-08-01T10:40:44","modified_gmt":"2025-08-01T09:40:44","slug":"dbd","status":"publish","type":"product","link":"https:\/\/mpfred.com\/es\/producte\/dbd\/","title":{"rendered":"DBD"},"content":{"rendered":"<ul>\n<li>Equipos partidos cuya unidad condensadora se instala en el exterior de la c\u00e1mara sobre el suelo. La evaporadora se instala en el interior de la c\u00e1mara, en el techo. Esta caracter\u00edstica permite superar los problemas ocasionados por falta de espacio en el exterior de la c\u00e1mara lo que impide un montaje de un equipo compacto.<\/li>\n<li>Pueden utilizarse en exterior sin protecci\u00f3n frente a los agentes atmosf\u00e9ricos. Incorpora compresores de tipo alternativo Semi-herm\u00e9tico con R134A y R449A<\/li>\n<li>Se entregan listos para usar, testados y precargados de refrigerante la condensadora y el evaporador con nitr\u00f3geno.<\/li>\n<li>Los ventiladores de condensador pueden ser axiales o centr\u00edfugos.<\/li>\n<\/ul>\n<p><a href=\"https:\/\/mpfred.com\/wp-content\/uploads\/2023\/12\/10-DBD_compressed.pdf\" target=\"_blank\" rel=\"noopener\"><img loading=\"lazy\" decoding=\"async\" class=\"alignnone wp-image-355 size-full\" src=\"https:\/\/mpfred.com\/wp-content\/uploads\/2023\/11\/pdf.png\" alt=\"\" width=\"64\" height=\"64\" \/><\/a><\/p>\n<p style=\"text-align: left;\">\u00a0 \u00a0 \u00a0 \u00a0 <a href=\"https:\/\/mpfred.com\/wp-content\/uploads\/2023\/12\/10-DBD_compressed.pdf\" target=\"_blank\" rel=\"noopener\">Cat\u00e0leg PDF<\/a><\/p>\n","protected":false},"excerpt":{"rendered":"<p>Equipos partidos cuya unidad condensadora se instala en el exterior de la c\u00e1mara sobre el suelo. La evaporadora se instala en el interior de la c\u00e1mara, en el techo. Esta caracter\u00edstica permite superar los problemas ocasionados por falta de espacio en el exterior de la c\u00e1mara lo que impide un montaje de un equipo compacto. [&hellip;]<\/p>\n","protected":false},"featured_media":1351,"template":"","meta":{"_seopress_robots_primary_cat":"none","_seopress_titles_title":"","_seopress_titles_desc":"","_seopress_robots_index":""},"product_brand":[130],"product_cat":[105],"product_tag":[],"class_list":{"0":"post-1348","1":"product","2":"type-product","3":"status-publish","4":"has-post-thumbnail","6":"product_brand-zanotti","7":"product_cat-equips-de-fred-partits","9":"first","10":"instock","11":"featured","12":"shipping-taxable","13":"product-type-simple"},"_links":{"self":[{"href":"https:\/\/mpfred.com\/es\/wp-json\/wp\/v2\/product\/1348","targetHints":{"allow":["GET"]}}],"collection":[{"href":"https:\/\/mpfred.com\/es\/wp-json\/wp\/v2\/product"}],"about":[{"href":"https:\/\/mpfred.com\/es\/wp-json\/wp\/v2\/types\/product"}],"wp:featuredmedia":[{"embeddable":true,"href":"https:\/\/mpfred.com\/es\/wp-json\/wp\/v2\/media\/1351"}],"wp:attachment":[{"href":"https:\/\/mpfred.com\/es\/wp-json\/wp\/v2\/media?parent=1348"}],"wp:term":[{"taxonomy":"product_brand","embeddable":true,"href":"https:\/\/mpfred.com\/es\/wp-json\/wp\/v2\/product_brand?post=1348"},{"taxonomy":"product_cat","embeddable":true,"href":"https:\/\/mpfred.com\/es\/wp-json\/wp\/v2\/product_cat?post=1348"},{"taxonomy":"product_tag","embeddable":true,"href":"https:\/\/mpfred.com\/es\/wp-json\/wp\/v2\/product_tag?post=1348"}],"curies":[{"name":"wp","href":"https:\/\/api.w.org\/{rel}","templated":true}]}}