{"id":1336,"date":"2023-12-15T11:21:29","date_gmt":"2023-12-15T10:21:29","guid":{"rendered":"https:\/\/mpfred.com\/?post_type=product&#038;p=1336"},"modified":"2025-08-01T10:40:44","modified_gmt":"2025-08-01T09:40:44","slug":"dbo","status":"publish","type":"product","link":"https:\/\/mpfred.com\/es\/producte\/dbo\/","title":{"rendered":"DBO"},"content":{"rendered":"<ul>\n<li>Equipos partidos de refrigeraci\u00f3n cuya unidad condensadora se instala en el suelo o techo, en el exterior de la c\u00e1mara; el evaporador se instala en el techo interior de la c\u00e1mara.<\/li>\n<li>Permiten la configuraci\u00f3n del evaporador en funci\u00f3n de las necesidades del producto o de la c\u00e1mara.<\/li>\n<li>Los compresores son de tipo Herm\u00e9tico alternativo y funcionan con refrigerante R134a en media temperatura y R452A en baja temperatura.<\/li>\n<li>Se entregan listos para usar, testados y precargados de refrigerante, tanto el evaporador como la condensadora.<\/li>\n<li>Los ventiladores de condensador pueden ser axiales o centr\u00edfugos.<\/li>\n<\/ul>\n<p><a href=\"https:\/\/mpfred.com\/wp-content\/uploads\/2023\/12\/08-SPO_compressed.pdf\" target=\"_blank\" rel=\"noopener\"><img loading=\"lazy\" decoding=\"async\" class=\"alignnone wp-image-355 size-full\" src=\"https:\/\/mpfred.com\/wp-content\/uploads\/2023\/11\/pdf.png\" alt=\"\" width=\"64\" height=\"64\" \/><\/a><\/p>\n<p style=\"text-align: left;\">\u00a0 \u00a0 \u00a0 \u00a0 <a href=\"https:\/\/mpfred.com\/wp-content\/uploads\/2023\/12\/08-SPO_compressed.pdf\" target=\"_blank\" rel=\"noopener\">Cat\u00e0leg PDF<\/a><\/p>\n","protected":false},"excerpt":{"rendered":"<p>Equipos partidos de refrigeraci\u00f3n cuya unidad condensadora se instala en el suelo o techo, en el exterior de la c\u00e1mara; el evaporador se instala en el techo interior de la c\u00e1mara. Permiten la configuraci\u00f3n del evaporador en funci\u00f3n de las necesidades del producto o de la c\u00e1mara. Los compresores son de tipo Herm\u00e9tico alternativo y [&hellip;]<\/p>\n","protected":false},"featured_media":1339,"template":"","meta":{"_seopress_robots_primary_cat":"none","_seopress_titles_title":"","_seopress_titles_desc":"","_seopress_robots_index":""},"product_brand":[130],"product_cat":[105],"product_tag":[],"class_list":{"0":"post-1336","1":"product","2":"type-product","3":"status-publish","4":"has-post-thumbnail","6":"product_brand-zanotti","7":"product_cat-equips-de-fred-partits","9":"first","10":"instock","11":"featured","12":"shipping-taxable","13":"product-type-simple"},"_links":{"self":[{"href":"https:\/\/mpfred.com\/es\/wp-json\/wp\/v2\/product\/1336","targetHints":{"allow":["GET"]}}],"collection":[{"href":"https:\/\/mpfred.com\/es\/wp-json\/wp\/v2\/product"}],"about":[{"href":"https:\/\/mpfred.com\/es\/wp-json\/wp\/v2\/types\/product"}],"wp:featuredmedia":[{"embeddable":true,"href":"https:\/\/mpfred.com\/es\/wp-json\/wp\/v2\/media\/1339"}],"wp:attachment":[{"href":"https:\/\/mpfred.com\/es\/wp-json\/wp\/v2\/media?parent=1336"}],"wp:term":[{"taxonomy":"product_brand","embeddable":true,"href":"https:\/\/mpfred.com\/es\/wp-json\/wp\/v2\/product_brand?post=1336"},{"taxonomy":"product_cat","embeddable":true,"href":"https:\/\/mpfred.com\/es\/wp-json\/wp\/v2\/product_cat?post=1336"},{"taxonomy":"product_tag","embeddable":true,"href":"https:\/\/mpfred.com\/es\/wp-json\/wp\/v2\/product_tag?post=1336"}],"curies":[{"name":"wp","href":"https:\/\/api.w.org\/{rel}","templated":true}]}}