{"id":1328,"date":"2023-12-15T09:18:35","date_gmt":"2023-12-15T08:18:35","guid":{"rendered":"https:\/\/mpfred.com\/?post_type=product&#038;p=1328"},"modified":"2025-08-01T10:40:44","modified_gmt":"2025-08-01T09:40:44","slug":"gs","status":"publish","type":"product","link":"https:\/\/mpfred.com\/es\/producte\/gs\/","title":{"rendered":"GS"},"content":{"rendered":"<ul>\n<li>Equipos partidos cuya unidad Condensadora se instala en la pared, en el exterior de la c\u00e1mara; el Evaporador se instala en el techo interior de la c\u00e1mara.<\/li>\n<li>Los compresores son de tipo Herm\u00e9tico alternativo y funcionan con refrigerante R134a para media temperatura y R452A para baja temperatura.<\/li>\n<li>Se entregan listos para usar, testados y precargados de refrigerante, tanto el evaporador como la condensadora.<\/li>\n<li>Se suministra sin tuber\u00eda, es obligatorio seleccionar la tuber\u00eda precargada y aislada entre las dos longitudes disponibles, 5 \u00f3 10 metros.<\/li>\n<\/ul>\n<p><a href=\"https:\/\/mpfred.com\/wp-content\/uploads\/2023\/12\/07-GS_compressed.pdf\" target=\"_blank\" rel=\"noopener\"><img loading=\"lazy\" decoding=\"async\" class=\"alignnone wp-image-355 size-full\" src=\"https:\/\/mpfred.com\/wp-content\/uploads\/2023\/11\/pdf.png\" alt=\"\" width=\"64\" height=\"64\" \/><\/a><\/p>\n<p style=\"text-align: left;\">\u00a0 \u00a0 \u00a0 \u00a0 <a href=\"https:\/\/mpfred.com\/wp-content\/uploads\/2023\/12\/07-GS_compressed.pdf\" target=\"_blank\" rel=\"noopener\">Cat\u00e0leg PDF<\/a><\/p>\n","protected":false},"excerpt":{"rendered":"<p>Equipos partidos cuya unidad Condensadora se instala en la pared, en el exterior de la c\u00e1mara; el Evaporador se instala en el techo interior de la c\u00e1mara. Los compresores son de tipo Herm\u00e9tico alternativo y funcionan con refrigerante R134a para media temperatura y R452A para baja temperatura. Se entregan listos para usar, testados y precargados [&hellip;]<\/p>\n","protected":false},"featured_media":1324,"template":"","meta":{"_seopress_robots_primary_cat":"none","_seopress_titles_title":"","_seopress_titles_desc":"","_seopress_robots_index":""},"product_brand":[130],"product_cat":[105],"product_tag":[],"class_list":{"0":"post-1328","1":"product","2":"type-product","3":"status-publish","4":"has-post-thumbnail","6":"product_brand-zanotti","7":"product_cat-equips-de-fred-partits","9":"first","10":"instock","11":"featured","12":"shipping-taxable","13":"product-type-simple"},"_links":{"self":[{"href":"https:\/\/mpfred.com\/es\/wp-json\/wp\/v2\/product\/1328","targetHints":{"allow":["GET"]}}],"collection":[{"href":"https:\/\/mpfred.com\/es\/wp-json\/wp\/v2\/product"}],"about":[{"href":"https:\/\/mpfred.com\/es\/wp-json\/wp\/v2\/types\/product"}],"wp:featuredmedia":[{"embeddable":true,"href":"https:\/\/mpfred.com\/es\/wp-json\/wp\/v2\/media\/1324"}],"wp:attachment":[{"href":"https:\/\/mpfred.com\/es\/wp-json\/wp\/v2\/media?parent=1328"}],"wp:term":[{"taxonomy":"product_brand","embeddable":true,"href":"https:\/\/mpfred.com\/es\/wp-json\/wp\/v2\/product_brand?post=1328"},{"taxonomy":"product_cat","embeddable":true,"href":"https:\/\/mpfred.com\/es\/wp-json\/wp\/v2\/product_cat?post=1328"},{"taxonomy":"product_tag","embeddable":true,"href":"https:\/\/mpfred.com\/es\/wp-json\/wp\/v2\/product_tag?post=1328"}],"curies":[{"name":"wp","href":"https:\/\/api.w.org\/{rel}","templated":true}]}}