{"id":1318,"date":"2023-12-15T08:39:57","date_gmt":"2023-12-15T07:39:57","guid":{"rendered":"https:\/\/mpfred.com\/?post_type=product&#038;p=1318"},"modified":"2025-08-01T10:40:44","modified_gmt":"2025-08-01T09:40:44","slug":"prs-pbx","status":"publish","type":"product","link":"https:\/\/mpfred.com\/es\/producte\/prs-pbx\/","title":{"rendered":"PRS-PBX"},"content":{"rendered":"<ul>\n<li>Equipos Polivalentes que a\u00f1aden a la versatilidad de la serie RS la posibilidad de utilizar la c\u00e1mara en funcionamiento tanto en media como en baja temperatura.<\/li>\n<li>Los modelos de la SERIE CRS-CBX suelen ser utilizados para T\u00faneles de Congelaci\u00f3n e incorporan compresores semi-herm\u00e9ticos de doble etapa.<\/li>\n<li>En ambos casos, el montaje se realiza sobre pared (RS) o suelo (BX), a trav\u00e9s de un simple agujero. Su carrocer\u00eda se distingue por<\/li>\n<li>Paneles Frontales que se abren y facilitan acceso a la instalaci\u00f3n frigor\u00edfica.<\/li>\n<li>Incorporan compresor de tipo alternativo Herm\u00e9tico o Semi-Herm\u00e9tico con R449A.<\/li>\n<li>Los equipos se suministran con carga de refrigerante.<\/li>\n<\/ul>\n<p><a href=\"https:\/\/mpfred.com\/wp-content\/uploads\/2023\/12\/06-PRS-CRS_compressed.pdf\" target=\"_blank\" rel=\"noopener\"><img loading=\"lazy\" decoding=\"async\" class=\"alignnone wp-image-355 size-full\" src=\"https:\/\/mpfred.com\/wp-content\/uploads\/2023\/11\/pdf.png\" alt=\"\" width=\"64\" height=\"64\" \/><\/a><\/p>\n<p style=\"text-align: left;\">\u00a0 \u00a0 \u00a0 \u00a0 <a href=\"https:\/\/mpfred.com\/wp-content\/uploads\/2023\/12\/06-PRS-CRS_compressed.pdf\" target=\"_blank\" rel=\"noopener\">Cat\u00e0leg PDF<\/a><\/p>\n","protected":false},"excerpt":{"rendered":"<p>Equipos Polivalentes que a\u00f1aden a la versatilidad de la serie RS la posibilidad de utilizar la c\u00e1mara en funcionamiento tanto en media como en baja temperatura. Los modelos de la SERIE CRS-CBX suelen ser utilizados para T\u00faneles de Congelaci\u00f3n e incorporan compresores semi-herm\u00e9ticos de doble etapa. En ambos casos, el montaje se realiza sobre pared [&hellip;]<\/p>\n","protected":false},"featured_media":1313,"template":"","meta":{"_seopress_robots_primary_cat":"none","_seopress_titles_title":"","_seopress_titles_desc":"","_seopress_robots_index":""},"product_brand":[130],"product_cat":[104],"product_tag":[],"class_list":{"0":"post-1318","1":"product","2":"type-product","3":"status-publish","4":"has-post-thumbnail","6":"product_brand-zanotti","7":"product_cat-equips-de-fred-compactes","9":"first","10":"instock","11":"featured","12":"shipping-taxable","13":"product-type-simple"},"_links":{"self":[{"href":"https:\/\/mpfred.com\/es\/wp-json\/wp\/v2\/product\/1318","targetHints":{"allow":["GET"]}}],"collection":[{"href":"https:\/\/mpfred.com\/es\/wp-json\/wp\/v2\/product"}],"about":[{"href":"https:\/\/mpfred.com\/es\/wp-json\/wp\/v2\/types\/product"}],"wp:featuredmedia":[{"embeddable":true,"href":"https:\/\/mpfred.com\/es\/wp-json\/wp\/v2\/media\/1313"}],"wp:attachment":[{"href":"https:\/\/mpfred.com\/es\/wp-json\/wp\/v2\/media?parent=1318"}],"wp:term":[{"taxonomy":"product_brand","embeddable":true,"href":"https:\/\/mpfred.com\/es\/wp-json\/wp\/v2\/product_brand?post=1318"},{"taxonomy":"product_cat","embeddable":true,"href":"https:\/\/mpfred.com\/es\/wp-json\/wp\/v2\/product_cat?post=1318"},{"taxonomy":"product_tag","embeddable":true,"href":"https:\/\/mpfred.com\/es\/wp-json\/wp\/v2\/product_tag?post=1318"}],"curies":[{"name":"wp","href":"https:\/\/api.w.org\/{rel}","templated":true}]}}