{"id":1305,"date":"2023-12-15T08:18:19","date_gmt":"2023-12-15T07:18:19","guid":{"rendered":"https:\/\/mpfred.com\/?post_type=product&#038;p=1305"},"modified":"2025-08-01T10:41:22","modified_gmt":"2025-08-01T09:41:22","slug":"as-r","status":"publish","type":"product","link":"https:\/\/mpfred.com\/es\/producte\/as-r\/","title":{"rendered":"AS-R"},"content":{"rendered":"<ul>\n<li>Equipos de montaje tamp\u00f3n. Su principal caracter\u00edstica consiste en que la carrocer\u00eda y la instalaci\u00f3n frigor\u00edfica est\u00e1n preparados para su colocaci\u00f3n en el exterior, sin nig\u00fan otro dispositivo de protecci\u00f3n frente a los agentes atmosf\u00e9ricos.<\/li>\n<li>Los compresores son de tipo Hermetico Alternativo, funcionando con R134A para media temperatura o R452A para baja temperatura.<\/li>\n<li>Los equipos PAS-R son equipos Polivalentes que a\u00f1aden a la serie AS-R la posibilidad de utilizar la c\u00e1mara tanto en Media como en<\/li>\n<li>Baja Temperatura con refrigerante R452A.<\/li>\n<\/ul>\n<p><a href=\"https:\/\/mpfred.com\/wp-content\/uploads\/2023\/12\/04-AS-R_compressed.pdf\" target=\"_blank\" rel=\"noopener\"><img loading=\"lazy\" decoding=\"async\" class=\"alignnone wp-image-355 size-full\" src=\"https:\/\/mpfred.com\/wp-content\/uploads\/2023\/11\/pdf.png\" alt=\"\" width=\"64\" height=\"64\" \/><\/a><\/p>\n<p style=\"text-align: left;\">\u00a0 \u00a0 \u00a0 \u00a0 <a href=\"https:\/\/mpfred.com\/wp-content\/uploads\/2023\/12\/04-AS-R_compressed.pdf\" target=\"_blank\" rel=\"noopener\">Cat\u00e0leg PDF<\/a><\/p>\n","protected":false},"excerpt":{"rendered":"<p>Equipos de montaje tamp\u00f3n. Su principal caracter\u00edstica consiste en que la carrocer\u00eda y la instalaci\u00f3n frigor\u00edfica est\u00e1n preparados para su colocaci\u00f3n en el exterior, sin nig\u00fan otro dispositivo de protecci\u00f3n frente a los agentes atmosf\u00e9ricos. Los compresores son de tipo Hermetico Alternativo, funcionando con R134A para media temperatura o R452A para baja temperatura. Los equipos [&hellip;]<\/p>\n","protected":false},"featured_media":1306,"template":"","meta":{"_seopress_robots_primary_cat":"none","_seopress_titles_title":"","_seopress_titles_desc":"","_seopress_robots_index":""},"product_brand":[130],"product_cat":[104],"product_tag":[],"class_list":{"0":"post-1305","1":"product","2":"type-product","3":"status-publish","4":"has-post-thumbnail","6":"product_brand-zanotti","7":"product_cat-equips-de-fred-compactes","9":"first","10":"instock","11":"featured","12":"shipping-taxable","13":"product-type-simple"},"_links":{"self":[{"href":"https:\/\/mpfred.com\/es\/wp-json\/wp\/v2\/product\/1305","targetHints":{"allow":["GET"]}}],"collection":[{"href":"https:\/\/mpfred.com\/es\/wp-json\/wp\/v2\/product"}],"about":[{"href":"https:\/\/mpfred.com\/es\/wp-json\/wp\/v2\/types\/product"}],"wp:featuredmedia":[{"embeddable":true,"href":"https:\/\/mpfred.com\/es\/wp-json\/wp\/v2\/media\/1306"}],"wp:attachment":[{"href":"https:\/\/mpfred.com\/es\/wp-json\/wp\/v2\/media?parent=1305"}],"wp:term":[{"taxonomy":"product_brand","embeddable":true,"href":"https:\/\/mpfred.com\/es\/wp-json\/wp\/v2\/product_brand?post=1305"},{"taxonomy":"product_cat","embeddable":true,"href":"https:\/\/mpfred.com\/es\/wp-json\/wp\/v2\/product_cat?post=1305"},{"taxonomy":"product_tag","embeddable":true,"href":"https:\/\/mpfred.com\/es\/wp-json\/wp\/v2\/product_tag?post=1305"}],"curies":[{"name":"wp","href":"https:\/\/api.w.org\/{rel}","templated":true}]}}