{"id":1295,"date":"2023-12-14T17:54:54","date_gmt":"2023-12-14T16:54:54","guid":{"rendered":"https:\/\/mpfred.com\/?post_type=product&#038;p=1295"},"modified":"2025-08-01T10:41:23","modified_gmt":"2025-08-01T09:41:23","slug":"gm","status":"publish","type":"product","link":"https:\/\/mpfred.com\/es\/producte\/gm\/","title":{"rendered":"GM"},"content":{"rendered":"<ul>\n<li>El montaje se hace sobre la pared de la c\u00e1mara.<\/li>\n<li>La carrocer\u00eda de la unidad condensadora est\u00e1 construida en plancha pintada con polvo epoxi.<\/li>\n<li>Los compresores son de tipo Herm\u00e9tico alternativo y funcionan con refrigerante R134A para media temperatura y R452A para baja temperatura.<\/li>\n<li>Los ventiladores de condensador pueden ser axiales o centr\u00edfugos.<\/li>\n<\/ul>\n<p><a href=\"https:\/\/mpfred.com\/wp-content\/uploads\/2023\/12\/02-GM_compressed.pdf\" target=\"_blank\" rel=\"noopener\"><img loading=\"lazy\" decoding=\"async\" class=\"alignnone wp-image-355 size-full\" src=\"https:\/\/mpfred.com\/wp-content\/uploads\/2023\/11\/pdf.png\" alt=\"\" width=\"64\" height=\"64\" \/><\/a><\/p>\n<p style=\"text-align: left;\">\u00a0 \u00a0 \u00a0 \u00a0 <a href=\"https:\/\/mpfred.com\/wp-content\/uploads\/2023\/12\/02-GM_compressed.pdf\" target=\"_blank\" rel=\"noopener\">Cat\u00e0leg PDF<\/a><\/p>\n","protected":false},"excerpt":{"rendered":"<p>El montaje se hace sobre la pared de la c\u00e1mara. La carrocer\u00eda de la unidad condensadora est\u00e1 construida en plancha pintada con polvo epoxi. Los compresores son de tipo Herm\u00e9tico alternativo y funcionan con refrigerante R134A para media temperatura y R452A para baja temperatura. Los ventiladores de condensador pueden ser axiales o centr\u00edfugos. \u00a0 \u00a0 [&hellip;]<\/p>\n","protected":false},"featured_media":1298,"template":"","meta":{"_seopress_robots_primary_cat":"none","_seopress_titles_title":"","_seopress_titles_desc":"","_seopress_robots_index":""},"product_brand":[130],"product_cat":[104],"product_tag":[],"class_list":{"0":"post-1295","1":"product","2":"type-product","3":"status-publish","4":"has-post-thumbnail","6":"product_brand-zanotti","7":"product_cat-equips-de-fred-compactes","9":"first","10":"instock","11":"featured","12":"shipping-taxable","13":"product-type-simple"},"_links":{"self":[{"href":"https:\/\/mpfred.com\/es\/wp-json\/wp\/v2\/product\/1295","targetHints":{"allow":["GET"]}}],"collection":[{"href":"https:\/\/mpfred.com\/es\/wp-json\/wp\/v2\/product"}],"about":[{"href":"https:\/\/mpfred.com\/es\/wp-json\/wp\/v2\/types\/product"}],"wp:featuredmedia":[{"embeddable":true,"href":"https:\/\/mpfred.com\/es\/wp-json\/wp\/v2\/media\/1298"}],"wp:attachment":[{"href":"https:\/\/mpfred.com\/es\/wp-json\/wp\/v2\/media?parent=1295"}],"wp:term":[{"taxonomy":"product_brand","embeddable":true,"href":"https:\/\/mpfred.com\/es\/wp-json\/wp\/v2\/product_brand?post=1295"},{"taxonomy":"product_cat","embeddable":true,"href":"https:\/\/mpfred.com\/es\/wp-json\/wp\/v2\/product_cat?post=1295"},{"taxonomy":"product_tag","embeddable":true,"href":"https:\/\/mpfred.com\/es\/wp-json\/wp\/v2\/product_tag?post=1295"}],"curies":[{"name":"wp","href":"https:\/\/api.w.org\/{rel}","templated":true}]}}