{"id":1285,"date":"2023-12-14T16:52:04","date_gmt":"2023-12-14T15:52:04","guid":{"rendered":"https:\/\/mpfred.com\/?post_type=product&#038;p=1285"},"modified":"2025-08-01T10:41:23","modified_gmt":"2025-08-01T09:41:23","slug":"purificador-de-techo","status":"publish","type":"product","link":"https:\/\/mpfred.com\/es\/producte\/purificador-de-techo\/","title":{"rendered":"Purificador de Techo"},"content":{"rendered":"<ul>\n<li>Purificadores de Aire Interior de Techo, pensada para facilitar a los ocupantes de distintos tipos de recintos una calidad \u00f3ptima del aire disponible en los mismos, ya se trate de locales de uso p\u00fablico (locales comerciales, centros educativos, residencias de mayores, consultorios m\u00e9dicos, alimentaci\u00f3n, establecimientos de restauraci\u00f3n, etc.), como de recintos para uso corporativo (oficinas, talleres, zonas de producci\u00f3n, etc.), o aquellos destinados al uso personal y familiar (viviendas).<br \/>\n\u2022 Filtro ULPA 15\u00a0 (retiene el 99,9995 % de las part\u00edculas).<br \/>\n\u2022 Motor EC.<br \/>\n\u2022 Prefiltro de carb\u00f3n activo impregnado.<br \/>\n\u2022 Opcionalmente l\u00e1mpara germicida.<\/li>\n<\/ul>\n<p><a href=\"https:\/\/mpfred.com\/wp-content\/uploads\/2023\/12\/PURIFICADOR-AIRE-TECHO-LUYMAR-LOW_1_compressed.pdf\" target=\"_blank\" rel=\"noopener\"><img loading=\"lazy\" decoding=\"async\" class=\"alignnone wp-image-355 size-full\" src=\"https:\/\/mpfred.com\/wp-content\/uploads\/2023\/11\/pdf.png\" alt=\"\" width=\"64\" height=\"64\" \/><\/a><\/p>\n<p style=\"text-align: left;\">\u00a0 \u00a0 \u00a0 \u00a0 <a href=\"https:\/\/mpfred.com\/wp-content\/uploads\/2023\/12\/PURIFICADOR-AIRE-TECHO-LUYMAR-LOW_1_compressed.pdf\" target=\"_blank\" rel=\"noopener\">Cat\u00e0leg PDF<\/a><\/p>\n","protected":false},"excerpt":{"rendered":"<p>Purificadores de Aire Interior de Techo, pensada para facilitar a los ocupantes de distintos tipos de recintos una calidad \u00f3ptima del aire disponible en los mismos, ya se trate de locales de uso p\u00fablico (locales comerciales, centros educativos, residencias de mayores, consultorios m\u00e9dicos, alimentaci\u00f3n, establecimientos de restauraci\u00f3n, etc.), como de recintos para uso corporativo (oficinas, [&hellip;]<\/p>\n","protected":false},"featured_media":1288,"template":"","meta":{"_seopress_robots_primary_cat":"none","_seopress_titles_title":"","_seopress_titles_desc":"","_seopress_robots_index":""},"product_brand":[136],"product_cat":[103],"product_tag":[],"class_list":{"0":"post-1285","1":"product","2":"type-product","3":"status-publish","4":"has-post-thumbnail","6":"product_brand-luymar","7":"product_cat-purificadors-de-aire","9":"first","10":"instock","11":"featured","12":"shipping-taxable","13":"product-type-simple"},"_links":{"self":[{"href":"https:\/\/mpfred.com\/es\/wp-json\/wp\/v2\/product\/1285","targetHints":{"allow":["GET"]}}],"collection":[{"href":"https:\/\/mpfred.com\/es\/wp-json\/wp\/v2\/product"}],"about":[{"href":"https:\/\/mpfred.com\/es\/wp-json\/wp\/v2\/types\/product"}],"wp:featuredmedia":[{"embeddable":true,"href":"https:\/\/mpfred.com\/es\/wp-json\/wp\/v2\/media\/1288"}],"wp:attachment":[{"href":"https:\/\/mpfred.com\/es\/wp-json\/wp\/v2\/media?parent=1285"}],"wp:term":[{"taxonomy":"product_brand","embeddable":true,"href":"https:\/\/mpfred.com\/es\/wp-json\/wp\/v2\/product_brand?post=1285"},{"taxonomy":"product_cat","embeddable":true,"href":"https:\/\/mpfred.com\/es\/wp-json\/wp\/v2\/product_cat?post=1285"},{"taxonomy":"product_tag","embeddable":true,"href":"https:\/\/mpfred.com\/es\/wp-json\/wp\/v2\/product_tag?post=1285"}],"curies":[{"name":"wp","href":"https:\/\/api.w.org\/{rel}","templated":true}]}}