{"id":1275,"date":"2023-12-14T16:42:33","date_gmt":"2023-12-14T15:42:33","guid":{"rendered":"https:\/\/mpfred.com\/?post_type=product&#038;p=1275"},"modified":"2025-08-01T10:41:23","modified_gmt":"2025-08-01T09:41:23","slug":"purificador-de-aire-gama-comercial","status":"publish","type":"product","link":"https:\/\/mpfred.com\/es\/producte\/purificador-de-aire-gama-comercial\/","title":{"rendered":"Purificador de Aire Gama Comercial"},"content":{"rendered":"<ul>\n<li>Gama con caudales desde 1300 hasta 4.500 m3\/h cumpliendo con las normas EN ISO 16890:2016<\/li>\n<li>Motores electr\u00f3nicos con tecnolog\u00eda EC para un bajo consumo el\u00e9ctrico.<\/li>\n<li>Bajo nivel sonoro.<\/li>\n<li>Filtro\u00a0HEPA H14\u00a0f\u00e1cilmente extra\u00edbles.<\/li>\n<li>Estructura modular con panel sandwich de lana de roca de 25 mm.<\/li>\n<li>Registros laterales para facilitar el mantenimiento.<\/li>\n<li>C\u00e1mara GERMICIDA :<br \/>\n\u2013 UF-EC \/V: kit de l\u00e1mparas ultravioleta de serie.<\/li>\n<li>Gesti\u00f3n manual de la velocidad del ventilador.<\/li>\n<li>OPCIONES (MONTADO Y CABLEADO)<\/li>\n<li>CAUDAL\/ PRESI\u00d3N CONSTANTE.<br \/>\nHasta colmataci\u00f3n de filtrtos sucios.<br \/>\nTransmisor de presi\u00f3n diferencial (0-10V).<\/li>\n<li>CONTROL<br \/>\nAlarma de filtros sucios por sonda de presi\u00f3n diferencia.<br \/>\nProgramaci\u00f3n semanal (hasta 2 arranques\/paros por d\u00eda).<br \/>\nMando a distacia con pantalla LCD (3 hilos).<br \/>\nConexi\u00f3n ModBus.<\/li>\n<li>GAMAS<br \/>\nUF-EC \/V\u00a0\u2013 Ejecuci\u00f3n vertical con ruedas para instalaci\u00f3n en hall y grandes salas.<\/li>\n<\/ul>\n<p><a href=\"https:\/\/mpfred.com\/wp-content\/uploads\/2023\/12\/Unidades-Filtracion-Purificador-Comercial-LOW2_compressed.pdf\" target=\"_blank\" rel=\"noopener\"><img loading=\"lazy\" decoding=\"async\" class=\"alignnone wp-image-355 size-full\" src=\"https:\/\/mpfred.com\/wp-content\/uploads\/2023\/11\/pdf.png\" alt=\"\" width=\"64\" height=\"64\" \/><\/a><\/p>\n<p style=\"text-align: left;\">\u00a0 \u00a0 \u00a0 \u00a0 <a href=\"https:\/\/mpfred.com\/wp-content\/uploads\/2023\/12\/Unidades-Filtracion-Purificador-Comercial-LOW2_compressed.pdf\" target=\"_blank\" rel=\"noopener\">Cat\u00e0leg PDF<\/a><\/p>\n","protected":false},"excerpt":{"rendered":"<p>Gama con caudales desde 1300 hasta 4.500 m3\/h cumpliendo con las normas EN ISO 16890:2016 Motores electr\u00f3nicos con tecnolog\u00eda EC para un bajo consumo el\u00e9ctrico. Bajo nivel sonoro. Filtro\u00a0HEPA H14\u00a0f\u00e1cilmente extra\u00edbles. Estructura modular con panel sandwich de lana de roca de 25 mm. Registros laterales para facilitar el mantenimiento. C\u00e1mara GERMICIDA : \u2013 UF-EC \/V: [&hellip;]<\/p>\n","protected":false},"featured_media":1276,"template":"","meta":{"_seopress_robots_primary_cat":"none","_seopress_titles_title":"","_seopress_titles_desc":"","_seopress_robots_index":""},"product_brand":[136],"product_cat":[103],"product_tag":[],"class_list":{"0":"post-1275","1":"product","2":"type-product","3":"status-publish","4":"has-post-thumbnail","6":"product_brand-luymar","7":"product_cat-purificadors-de-aire","9":"first","10":"instock","11":"featured","12":"shipping-taxable","13":"product-type-simple"},"_links":{"self":[{"href":"https:\/\/mpfred.com\/es\/wp-json\/wp\/v2\/product\/1275","targetHints":{"allow":["GET"]}}],"collection":[{"href":"https:\/\/mpfred.com\/es\/wp-json\/wp\/v2\/product"}],"about":[{"href":"https:\/\/mpfred.com\/es\/wp-json\/wp\/v2\/types\/product"}],"wp:featuredmedia":[{"embeddable":true,"href":"https:\/\/mpfred.com\/es\/wp-json\/wp\/v2\/media\/1276"}],"wp:attachment":[{"href":"https:\/\/mpfred.com\/es\/wp-json\/wp\/v2\/media?parent=1275"}],"wp:term":[{"taxonomy":"product_brand","embeddable":true,"href":"https:\/\/mpfred.com\/es\/wp-json\/wp\/v2\/product_brand?post=1275"},{"taxonomy":"product_cat","embeddable":true,"href":"https:\/\/mpfred.com\/es\/wp-json\/wp\/v2\/product_cat?post=1275"},{"taxonomy":"product_tag","embeddable":true,"href":"https:\/\/mpfred.com\/es\/wp-json\/wp\/v2\/product_tag?post=1275"}],"curies":[{"name":"wp","href":"https:\/\/api.w.org\/{rel}","templated":true}]}}