{"id":1270,"date":"2023-12-14T16:38:11","date_gmt":"2023-12-14T15:38:11","guid":{"rendered":"https:\/\/mpfred.com\/?post_type=product&#038;p=1270"},"modified":"2025-08-01T10:41:23","modified_gmt":"2025-08-01T09:41:23","slug":"purificador-de-aire-gama-residencial","status":"publish","type":"product","link":"https:\/\/mpfred.com\/es\/producte\/purificador-de-aire-gama-residencial\/","title":{"rendered":"Purificador de Aire Gama Residencial"},"content":{"rendered":"<ul>\n<li>La Gama Residencial de Purificadores de Aire Interior est\u00e1 pensada para facilitar a los ocupantes de distintos tipos de recintos una calidad \u00f3ptima del aire disponible en los mismos destinados al uso personal y familiar (viviendas).<\/li>\n<li>Estos nuevos equipos purificadores suponen un complemento a las unidades de ventilaci\u00f3n y filtraci\u00f3n tradicionales, incorporando medios muy eficaces para la limpieza y desinfecci\u00f3n del aire interior, por un lado filtraci\u00f3n de alta eficacia (HEPA\/ULPA), y adicionalmente una unidad de radiaci\u00f3n UVC, de eficacia probada en la eliminaci\u00f3n de g\u00e9rmenes pat\u00f3genos presentes en el ambiente, con objetivo fundamental en las variantes SARS-CoV-2 de coronavirus.<\/li>\n<\/ul>\n<p><a href=\"https:\/\/mpfred.com\/wp-content\/uploads\/2023\/12\/Purificadores-de-Aire-Residencial-LOW_compressed.pdf\" target=\"_blank\" rel=\"noopener\"><img loading=\"lazy\" decoding=\"async\" class=\"alignnone wp-image-355 size-full\" src=\"https:\/\/mpfred.com\/wp-content\/uploads\/2023\/11\/pdf.png\" alt=\"\" width=\"64\" height=\"64\" \/><\/a><\/p>\n<p style=\"text-align: left;\">\u00a0 \u00a0 \u00a0 \u00a0 <a href=\"https:\/\/mpfred.com\/wp-content\/uploads\/2023\/12\/Purificadores-de-Aire-Residencial-LOW_compressed.pdf\" target=\"_blank\" rel=\"noopener\">Cat\u00e0leg PDF<\/a><\/p>\n","protected":false},"excerpt":{"rendered":"<p>La Gama Residencial de Purificadores de Aire Interior est\u00e1 pensada para facilitar a los ocupantes de distintos tipos de recintos una calidad \u00f3ptima del aire disponible en los mismos destinados al uso personal y familiar (viviendas). Estos nuevos equipos purificadores suponen un complemento a las unidades de ventilaci\u00f3n y filtraci\u00f3n tradicionales, incorporando medios muy eficaces [&hellip;]<\/p>\n","protected":false},"featured_media":1271,"template":"","meta":{"_seopress_robots_primary_cat":"none","_seopress_titles_title":"","_seopress_titles_desc":"","_seopress_robots_index":""},"product_brand":[136],"product_cat":[103],"product_tag":[],"class_list":{"0":"post-1270","1":"product","2":"type-product","3":"status-publish","4":"has-post-thumbnail","6":"product_brand-luymar","7":"product_cat-purificadors-de-aire","9":"first","10":"instock","11":"featured","12":"shipping-taxable","13":"product-type-simple"},"_links":{"self":[{"href":"https:\/\/mpfred.com\/es\/wp-json\/wp\/v2\/product\/1270","targetHints":{"allow":["GET"]}}],"collection":[{"href":"https:\/\/mpfred.com\/es\/wp-json\/wp\/v2\/product"}],"about":[{"href":"https:\/\/mpfred.com\/es\/wp-json\/wp\/v2\/types\/product"}],"wp:featuredmedia":[{"embeddable":true,"href":"https:\/\/mpfred.com\/es\/wp-json\/wp\/v2\/media\/1271"}],"wp:attachment":[{"href":"https:\/\/mpfred.com\/es\/wp-json\/wp\/v2\/media?parent=1270"}],"wp:term":[{"taxonomy":"product_brand","embeddable":true,"href":"https:\/\/mpfred.com\/es\/wp-json\/wp\/v2\/product_brand?post=1270"},{"taxonomy":"product_cat","embeddable":true,"href":"https:\/\/mpfred.com\/es\/wp-json\/wp\/v2\/product_cat?post=1270"},{"taxonomy":"product_tag","embeddable":true,"href":"https:\/\/mpfred.com\/es\/wp-json\/wp\/v2\/product_tag?post=1270"}],"curies":[{"name":"wp","href":"https:\/\/api.w.org\/{rel}","templated":true}]}}