{"id":1265,"date":"2023-12-14T16:35:41","date_gmt":"2023-12-14T15:35:41","guid":{"rendered":"https:\/\/mpfred.com\/?post_type=product&#038;p=1265"},"modified":"2025-08-01T10:41:23","modified_gmt":"2025-08-01T09:41:23","slug":"uta-bs-baja-silueta","status":"publish","type":"product","link":"https:\/\/mpfred.com\/es\/producte\/uta-bs-baja-silueta\/","title":{"rendered":"UTA-BS Baja Silueta"},"content":{"rendered":"<ul>\n<li>Gama de altura reducida con 2 tama\u00f1os, de 2.500 m3\/h y 5.000 m3\/h de caudal m\u00e1ximo.<\/li>\n<li>M\u00f3dulo principal compuesto de una secci\u00f3n de filtraci\u00f3n, una secci\u00f3n de bater\u00edas (una o dos bater\u00edas) y una secci\u00f3n de ventilaci\u00f3n.<\/li>\n<li>Se puede completar con varios m\u00f3dulos de accesorios (filtraci\u00f3n, mezcla, etc).<\/li>\n<li>Ventilador de motor incorporado, cumpliendo con la ErP 2015. Opcionalmente se puede montar un ventilador con motor EC.<\/li>\n<li>Estructura de perfil de aluminio con aislamiento de panel s\u00e1ndwich de 25 mm con lana de roca.<\/li>\n<li>Bandeja de recogida de condensados en INOX.<\/li>\n<li>Filtraci\u00f3n G4 incluida de serie.<\/li>\n<li>Bater\u00eda con tubos de cobre y aletas de aluminio.<\/li>\n<li>Puertas de registro laterales.<\/li>\n<\/ul>\n<p><a href=\"https:\/\/mpfred.com\/wp-content\/uploads\/2023\/12\/07-UTA-2020_compressed.pdf\" target=\"_blank\" rel=\"noopener\"><img loading=\"lazy\" decoding=\"async\" class=\"alignnone wp-image-355 size-full\" src=\"https:\/\/mpfred.com\/wp-content\/uploads\/2023\/11\/pdf.png\" alt=\"\" width=\"64\" height=\"64\" \/><\/a><\/p>\n<p style=\"text-align: left;\">\u00a0 \u00a0 \u00a0 \u00a0 <a href=\"https:\/\/mpfred.com\/wp-content\/uploads\/2023\/12\/07-UTA-2020_compressed.pdf\" target=\"_blank\" rel=\"noopener\">Cat\u00e0leg PDF<\/a><\/p>\n","protected":false},"excerpt":{"rendered":"<p>Gama de altura reducida con 2 tama\u00f1os, de 2.500 m3\/h y 5.000 m3\/h de caudal m\u00e1ximo. M\u00f3dulo principal compuesto de una secci\u00f3n de filtraci\u00f3n, una secci\u00f3n de bater\u00edas (una o dos bater\u00edas) y una secci\u00f3n de ventilaci\u00f3n. Se puede completar con varios m\u00f3dulos de accesorios (filtraci\u00f3n, mezcla, etc). Ventilador de motor incorporado, cumpliendo con la [&hellip;]<\/p>\n","protected":false},"featured_media":1268,"template":"","meta":{"_seopress_robots_primary_cat":"none","_seopress_titles_title":"","_seopress_titles_desc":"","_seopress_robots_index":""},"product_brand":[136],"product_cat":[51],"product_tag":[],"class_list":{"0":"post-1265","1":"product","2":"type-product","3":"status-publish","4":"has-post-thumbnail","6":"product_brand-luymar","7":"product_cat-climatitzadors","9":"first","10":"instock","11":"featured","12":"shipping-taxable","13":"product-type-simple"},"_links":{"self":[{"href":"https:\/\/mpfred.com\/es\/wp-json\/wp\/v2\/product\/1265","targetHints":{"allow":["GET"]}}],"collection":[{"href":"https:\/\/mpfred.com\/es\/wp-json\/wp\/v2\/product"}],"about":[{"href":"https:\/\/mpfred.com\/es\/wp-json\/wp\/v2\/types\/product"}],"wp:featuredmedia":[{"embeddable":true,"href":"https:\/\/mpfred.com\/es\/wp-json\/wp\/v2\/media\/1268"}],"wp:attachment":[{"href":"https:\/\/mpfred.com\/es\/wp-json\/wp\/v2\/media?parent=1265"}],"wp:term":[{"taxonomy":"product_brand","embeddable":true,"href":"https:\/\/mpfred.com\/es\/wp-json\/wp\/v2\/product_brand?post=1265"},{"taxonomy":"product_cat","embeddable":true,"href":"https:\/\/mpfred.com\/es\/wp-json\/wp\/v2\/product_cat?post=1265"},{"taxonomy":"product_tag","embeddable":true,"href":"https:\/\/mpfred.com\/es\/wp-json\/wp\/v2\/product_tag?post=1265"}],"curies":[{"name":"wp","href":"https:\/\/api.w.org\/{rel}","templated":true}]}}