{"id":1262,"date":"2023-12-14T16:31:21","date_gmt":"2023-12-14T15:31:21","guid":{"rendered":"https:\/\/mpfred.com\/?post_type=product&#038;p=1262"},"modified":"2025-08-01T10:41:23","modified_gmt":"2025-08-01T09:41:23","slug":"climatizadores","status":"publish","type":"product","link":"https:\/\/mpfred.com\/es\/producte\/climatizadores\/","title":{"rendered":"Climatizadores"},"content":{"rendered":"<ul>\n<li>Fabricaciones Especiales<br \/>\nEquipo con recuperador rotativo, enfriadora adiab\u00e1tica en retorno, bater\u00eda de agua fr\u00eda y ventiladores plugfan EC.<br \/>\nEquipo con recuperador de placas y free-cooling, humectaci\u00f3n por lanza de vapor, y secciones de bater\u00edas.<br \/>\nEquipo en l\u00ednea con free-cooling, humectaci\u00f3n por lanza de vapor, y secciones de bater\u00edas.<\/li>\n<\/ul>\n<p><a href=\"https:\/\/mpfred.com\/wp-content\/uploads\/2023\/12\/07-CLIMATIZADORES-2020_compressed.pdf\" target=\"_blank\" rel=\"noopener\"><img loading=\"lazy\" decoding=\"async\" class=\"alignnone wp-image-355 size-full\" src=\"https:\/\/mpfred.com\/wp-content\/uploads\/2023\/11\/pdf.png\" alt=\"\" width=\"64\" height=\"64\" \/><\/a><\/p>\n<p style=\"text-align: left;\">\u00a0 \u00a0 \u00a0 \u00a0 <a href=\"https:\/\/mpfred.com\/wp-content\/uploads\/2023\/12\/07-CLIMATIZADORES-2020_compressed.pdf\" target=\"_blank\" rel=\"noopener\">Cat\u00e0leg PDF<\/a><\/p>\n","protected":false},"excerpt":{"rendered":"<p>Fabricaciones Especiales Equipo con recuperador rotativo, enfriadora adiab\u00e1tica en retorno, bater\u00eda de agua fr\u00eda y ventiladores plugfan EC. Equipo con recuperador de placas y free-cooling, humectaci\u00f3n por lanza de vapor, y secciones de bater\u00edas. Equipo en l\u00ednea con free-cooling, humectaci\u00f3n por lanza de vapor, y secciones de bater\u00edas. \u00a0 \u00a0 \u00a0 \u00a0 Cat\u00e0leg PDF<\/p>\n","protected":false},"featured_media":1258,"template":"","meta":{"_seopress_robots_primary_cat":"none","_seopress_titles_title":"","_seopress_titles_desc":"","_seopress_robots_index":""},"product_brand":[136],"product_cat":[51],"product_tag":[],"class_list":{"0":"post-1262","1":"product","2":"type-product","3":"status-publish","4":"has-post-thumbnail","6":"product_brand-luymar","7":"product_cat-climatitzadors","9":"first","10":"instock","11":"featured","12":"shipping-taxable","13":"product-type-simple"},"_links":{"self":[{"href":"https:\/\/mpfred.com\/es\/wp-json\/wp\/v2\/product\/1262","targetHints":{"allow":["GET"]}}],"collection":[{"href":"https:\/\/mpfred.com\/es\/wp-json\/wp\/v2\/product"}],"about":[{"href":"https:\/\/mpfred.com\/es\/wp-json\/wp\/v2\/types\/product"}],"wp:featuredmedia":[{"embeddable":true,"href":"https:\/\/mpfred.com\/es\/wp-json\/wp\/v2\/media\/1258"}],"wp:attachment":[{"href":"https:\/\/mpfred.com\/es\/wp-json\/wp\/v2\/media?parent=1262"}],"wp:term":[{"taxonomy":"product_brand","embeddable":true,"href":"https:\/\/mpfred.com\/es\/wp-json\/wp\/v2\/product_brand?post=1262"},{"taxonomy":"product_cat","embeddable":true,"href":"https:\/\/mpfred.com\/es\/wp-json\/wp\/v2\/product_cat?post=1262"},{"taxonomy":"product_tag","embeddable":true,"href":"https:\/\/mpfred.com\/es\/wp-json\/wp\/v2\/product_tag?post=1262"}],"curies":[{"name":"wp","href":"https:\/\/api.w.org\/{rel}","templated":true}]}}