{"id":1255,"date":"2023-12-14T16:22:01","date_gmt":"2023-12-14T15:22:01","guid":{"rendered":"https:\/\/mpfred.com\/?post_type=product&#038;p=1255"},"modified":"2025-08-01T10:42:04","modified_gmt":"2025-08-01T09:42:04","slug":"termoventiladores","status":"publish","type":"product","link":"https:\/\/mpfred.com\/es\/producte\/termoventiladores\/","title":{"rendered":"Termoventiladores"},"content":{"rendered":"<ul>\n<li>Gama con caudales desde 700 hasta 5.500 ma\/h (TAC) y desde 1.530 hasta 8.000 m3\/h (TAF).<\/li>\n<li>Ventilador de motor incorporado, cumpliendo con la ErP 2015<\/li>\n<li>Estructura de perfil de aluminio con aislamiento de panel s\u00e1ndwich con lana de roca.<\/li>\n<li>Filtraci\u00f3n G4 incluida.<\/li>\n<li>Bater\u00eda con tubos de cobre y aletas de aluminio.<\/li>\n<li>Puertas de registro laterales.<\/li>\n<\/ul>\n<p><a href=\"https:\/\/mpfred.com\/wp-content\/uploads\/2023\/12\/07-TERMOVENTILADORES-2020_compressed.pdf\" target=\"_blank\" rel=\"noopener\"><img loading=\"lazy\" decoding=\"async\" class=\"alignnone wp-image-355 size-full\" src=\"https:\/\/mpfred.com\/wp-content\/uploads\/2023\/11\/pdf.png\" alt=\"\" width=\"64\" height=\"64\" \/><\/a><\/p>\n<p style=\"text-align: left;\">\u00a0 \u00a0 \u00a0 \u00a0 <a href=\"https:\/\/mpfred.com\/wp-content\/uploads\/2023\/12\/07-TERMOVENTILADORES-2020_compressed.pdf\" target=\"_blank\" rel=\"noopener\">Cat\u00e0leg PDF<\/a><\/p>\n","protected":false},"excerpt":{"rendered":"<p>Gama con caudales desde 700 hasta 5.500 ma\/h (TAC) y desde 1.530 hasta 8.000 m3\/h (TAF). Ventilador de motor incorporado, cumpliendo con la ErP 2015 Estructura de perfil de aluminio con aislamiento de panel s\u00e1ndwich con lana de roca. Filtraci\u00f3n G4 incluida. Bater\u00eda con tubos de cobre y aletas de aluminio. Puertas de registro laterales. [&hellip;]<\/p>\n","protected":false},"featured_media":1260,"template":"","meta":{"_seopress_robots_primary_cat":"none","_seopress_titles_title":"","_seopress_titles_desc":"","_seopress_robots_index":""},"product_brand":[136],"product_cat":[51],"product_tag":[],"class_list":{"0":"post-1255","1":"product","2":"type-product","3":"status-publish","4":"has-post-thumbnail","6":"product_brand-luymar","7":"product_cat-climatitzadors","9":"first","10":"instock","11":"featured","12":"shipping-taxable","13":"product-type-simple"},"_links":{"self":[{"href":"https:\/\/mpfred.com\/es\/wp-json\/wp\/v2\/product\/1255","targetHints":{"allow":["GET"]}}],"collection":[{"href":"https:\/\/mpfred.com\/es\/wp-json\/wp\/v2\/product"}],"about":[{"href":"https:\/\/mpfred.com\/es\/wp-json\/wp\/v2\/types\/product"}],"wp:featuredmedia":[{"embeddable":true,"href":"https:\/\/mpfred.com\/es\/wp-json\/wp\/v2\/media\/1260"}],"wp:attachment":[{"href":"https:\/\/mpfred.com\/es\/wp-json\/wp\/v2\/media?parent=1255"}],"wp:term":[{"taxonomy":"product_brand","embeddable":true,"href":"https:\/\/mpfred.com\/es\/wp-json\/wp\/v2\/product_brand?post=1255"},{"taxonomy":"product_cat","embeddable":true,"href":"https:\/\/mpfred.com\/es\/wp-json\/wp\/v2\/product_cat?post=1255"},{"taxonomy":"product_tag","embeddable":true,"href":"https:\/\/mpfred.com\/es\/wp-json\/wp\/v2\/product_tag?post=1255"}],"curies":[{"name":"wp","href":"https:\/\/api.w.org\/{rel}","templated":true}]}}