{"id":1250,"date":"2023-12-14T16:16:14","date_gmt":"2023-12-14T15:16:14","guid":{"rendered":"https:\/\/mpfred.com\/?post_type=product&#038;p=1250"},"modified":"2025-08-01T10:42:04","modified_gmt":"2025-08-01T09:42:04","slug":"uf-tz-serie-a-reaccion","status":"publish","type":"product","link":"https:\/\/mpfred.com\/es\/producte\/uf-tz-serie-a-reaccion\/","title":{"rendered":"UF-TZ Serie a Reacci\u00f3n"},"content":{"rendered":"<ul>\n<li>Gama con caudales desde 2.500 hasta 45.000 m3\/h.<\/li>\n<li>Ventiladores a transmisi\u00f3n por poleas y correas con rodete a reacci\u00f3n (palas hacia atr\u00e1s).<\/li>\n<li>Motor aislamiento clase F y protecci\u00f3n IP-55.<\/li>\n<li>Construcci\u00f3n en chapa galvanizada con panel s\u00e1ndwich con lana de roca de 25 mm de espesor.<\/li>\n<li>Filtros seg\u00fan normativa R.I.T.E, f\u00e1cilmente extra\u00edbles.<\/li>\n<li>Alta presi\u00f3n disponible.<\/li>\n<li>Puertas de acceso laterales para facilitar el mantenimiento.<\/li>\n<\/ul>\n<p><a href=\"https:\/\/mpfred.com\/wp-content\/uploads\/2023\/12\/06-UNIDADES-DE-FILTRACION-2020-UF-TZ_compressed.pdf\" target=\"_blank\" rel=\"noopener\"><img loading=\"lazy\" decoding=\"async\" class=\"alignnone wp-image-355 size-full\" src=\"https:\/\/mpfred.com\/wp-content\/uploads\/2023\/11\/pdf.png\" alt=\"\" width=\"64\" height=\"64\" \/><\/a><\/p>\n<p style=\"text-align: left;\">\u00a0 \u00a0 \u00a0 \u00a0 <a href=\"https:\/\/mpfred.com\/wp-content\/uploads\/2023\/12\/06-UNIDADES-DE-FILTRACION-2020-UF-TZ_compressed.pdf\" target=\"_blank\" rel=\"noopener\">Cat\u00e0leg PDF<\/a><\/p>\n","protected":false},"excerpt":{"rendered":"<p>Gama con caudales desde 2.500 hasta 45.000 m3\/h. Ventiladores a transmisi\u00f3n por poleas y correas con rodete a reacci\u00f3n (palas hacia atr\u00e1s). Motor aislamiento clase F y protecci\u00f3n IP-55. Construcci\u00f3n en chapa galvanizada con panel s\u00e1ndwich con lana de roca de 25 mm de espesor. Filtros seg\u00fan normativa R.I.T.E, f\u00e1cilmente extra\u00edbles. Alta presi\u00f3n disponible. Puertas [&hellip;]<\/p>\n","protected":false},"featured_media":1253,"template":"","meta":{"_seopress_robots_primary_cat":"none","_seopress_titles_title":"","_seopress_titles_desc":"","_seopress_robots_index":""},"product_brand":[136],"product_cat":[101],"product_tag":[],"class_list":{"0":"post-1250","1":"product","2":"type-product","3":"status-publish","4":"has-post-thumbnail","6":"product_brand-luymar","7":"product_cat-unitats-filtracio","9":"first","10":"instock","11":"featured","12":"shipping-taxable","13":"product-type-simple"},"_links":{"self":[{"href":"https:\/\/mpfred.com\/es\/wp-json\/wp\/v2\/product\/1250","targetHints":{"allow":["GET"]}}],"collection":[{"href":"https:\/\/mpfred.com\/es\/wp-json\/wp\/v2\/product"}],"about":[{"href":"https:\/\/mpfred.com\/es\/wp-json\/wp\/v2\/types\/product"}],"wp:featuredmedia":[{"embeddable":true,"href":"https:\/\/mpfred.com\/es\/wp-json\/wp\/v2\/media\/1253"}],"wp:attachment":[{"href":"https:\/\/mpfred.com\/es\/wp-json\/wp\/v2\/media?parent=1250"}],"wp:term":[{"taxonomy":"product_brand","embeddable":true,"href":"https:\/\/mpfred.com\/es\/wp-json\/wp\/v2\/product_brand?post=1250"},{"taxonomy":"product_cat","embeddable":true,"href":"https:\/\/mpfred.com\/es\/wp-json\/wp\/v2\/product_cat?post=1250"},{"taxonomy":"product_tag","embeddable":true,"href":"https:\/\/mpfred.com\/es\/wp-json\/wp\/v2\/product_tag?post=1250"}],"curies":[{"name":"wp","href":"https:\/\/api.w.org\/{rel}","templated":true}]}}