{"id":1230,"date":"2023-12-14T15:50:14","date_gmt":"2023-12-14T14:50:14","guid":{"rendered":"https:\/\/mpfred.com\/?post_type=product&#038;p=1230"},"modified":"2025-08-01T10:42:04","modified_gmt":"2025-08-01T09:42:04","slug":"urr-recuperador-rotativo-industrial","status":"publish","type":"product","link":"https:\/\/mpfred.com\/es\/producte\/urr-recuperador-rotativo-industrial\/","title":{"rendered":"URR Recuperador Rotativo Industrial"},"content":{"rendered":"<ul>\n<li>Caudales desde 1.500 hasta 20.000 m3\/h, con recuperador de calor rotativo.<\/li>\n<li>Intercambiador rotativo de alta eficiencia (&gt;73%), certificado por Eurovent. Permite recuperar el calor latente adem\u00e1s del calor sensible. Posibilidad de incluir tratamientos opcionales para mejorar la recuperaci\u00f3n de humedad (higrosc\u00f3pico) o el rendimiento latente (sorci\u00f3n).<\/li>\n<li>Ventiladores radiales con motor EC, variador de frecuencia integrado.<\/li>\n<li>Control de serie que regula la velocidad de los ventiladores, el bypass (sondas de temperatura incluidas), la alarma de filtros sucios.<\/li>\n<li>Posibilidad de montar sondas opcionales.<\/li>\n<li>Estructura de perfil de aluminio y panel s\u00e1ndwich con poliuretano de 45 mm.<\/li>\n<li>Filtros F6+F8 en impulsi\u00f3n y F6 en extracci\u00f3n.<\/li>\n<li>Sistema de drenaje de condensados.<\/li>\n<li>Bancada perimetral de 100 mm incluida.<\/li>\n<li>Bater\u00eda de calor interna opcional. Posibilidad de montar bater\u00edas el\u00e9ctricas, de agua fr\u00eda o de expansi\u00f3n directa en m\u00f3dulo adicional.<\/li>\n<li>Gama que cumple con el reglamento 1253\/2014 (ErP 2018): alta eficiencia, motores tipo \u00abEC\u00bb de bajo consumo y variador integrado, By-pass 100% y control de serie.<\/li>\n<\/ul>\n<p><a href=\"https:\/\/mpfred.com\/wp-content\/uploads\/2023\/12\/05-URR_INDUSTRIAL-2020-2_compressed.pdf\" target=\"_blank\" rel=\"noopener\"><img loading=\"lazy\" decoding=\"async\" class=\"alignnone wp-image-355 size-full\" src=\"https:\/\/mpfred.com\/wp-content\/uploads\/2023\/11\/pdf.png\" alt=\"\" width=\"64\" height=\"64\" \/><\/a><\/p>\n<p style=\"text-align: left;\">\u00a0 \u00a0 \u00a0 \u00a0 <a href=\"https:\/\/mpfred.com\/wp-content\/uploads\/2023\/12\/05-URR_INDUSTRIAL-2020-2_compressed.pdf\" target=\"_blank\" rel=\"noopener\">Cat\u00e0leg PDF<\/a><\/p>\n","protected":false},"excerpt":{"rendered":"<p>Caudales desde 1.500 hasta 20.000 m3\/h, con recuperador de calor rotativo. Intercambiador rotativo de alta eficiencia (&gt;73%), certificado por Eurovent. Permite recuperar el calor latente adem\u00e1s del calor sensible. Posibilidad de incluir tratamientos opcionales para mejorar la recuperaci\u00f3n de humedad (higrosc\u00f3pico) o el rendimiento latente (sorci\u00f3n). Ventiladores radiales con motor EC, variador de frecuencia integrado. [&hellip;]<\/p>\n","protected":false},"featured_media":1233,"template":"","meta":{"_seopress_robots_primary_cat":"none","_seopress_titles_title":"","_seopress_titles_desc":"","_seopress_robots_index":""},"product_brand":[136],"product_cat":[50],"product_tag":[],"class_list":{"0":"post-1230","1":"product","2":"type-product","3":"status-publish","4":"has-post-thumbnail","6":"product_brand-luymar","7":"product_cat-recuperadors","9":"first","10":"instock","11":"featured","12":"shipping-taxable","13":"product-type-simple"},"_links":{"self":[{"href":"https:\/\/mpfred.com\/es\/wp-json\/wp\/v2\/product\/1230","targetHints":{"allow":["GET"]}}],"collection":[{"href":"https:\/\/mpfred.com\/es\/wp-json\/wp\/v2\/product"}],"about":[{"href":"https:\/\/mpfred.com\/es\/wp-json\/wp\/v2\/types\/product"}],"wp:featuredmedia":[{"embeddable":true,"href":"https:\/\/mpfred.com\/es\/wp-json\/wp\/v2\/media\/1233"}],"wp:attachment":[{"href":"https:\/\/mpfred.com\/es\/wp-json\/wp\/v2\/media?parent=1230"}],"wp:term":[{"taxonomy":"product_brand","embeddable":true,"href":"https:\/\/mpfred.com\/es\/wp-json\/wp\/v2\/product_brand?post=1230"},{"taxonomy":"product_cat","embeddable":true,"href":"https:\/\/mpfred.com\/es\/wp-json\/wp\/v2\/product_cat?post=1230"},{"taxonomy":"product_tag","embeddable":true,"href":"https:\/\/mpfred.com\/es\/wp-json\/wp\/v2\/product_tag?post=1230"}],"curies":[{"name":"wp","href":"https:\/\/api.w.org\/{rel}","templated":true}]}}