{"id":1225,"date":"2023-12-14T15:45:55","date_gmt":"2023-12-14T14:45:55","guid":{"rendered":"https:\/\/mpfred.com\/?post_type=product&#038;p=1225"},"modified":"2025-08-01T10:42:04","modified_gmt":"2025-08-01T09:42:04","slug":"urr-c-recuperador-rotativo-compacto","status":"publish","type":"product","link":"https:\/\/mpfred.com\/es\/producte\/urr-c-recuperador-rotativo-compacto\/","title":{"rendered":"URR-C Recuperador Rotativo Compacto"},"content":{"rendered":"<ul>\n<li>Gama comercial con caudales desde 1.200 hasta 10.000 m3\/h, con recuperador de calor rotativo.<\/li>\n<li>Dise\u00f1o compacto con salidas hacia los laterales o hacia arriba.<\/li>\n<li>Intercambiador alta eficiencia (&gt;80%). Permite recuperar el calor latente adem\u00e1s del calor sensible.<\/li>\n<li>Ventiladores radiales con motor EC, variador de frecuencia integrado.<\/li>\n<li>Control Regin de serie que regula la velocidad de los ventiladores, el bypass (sondas de temperatura incluidas), la alarma de filtros sucios. Posibilidad de montar sondas opcionales.<\/li>\n<li>Aislamiento con panel s\u00e1ndwich de 50 mm de lana de roca.<\/li>\n<li>Filtros F7 en impulsi\u00f3n y M5 en extracci\u00f3n.<\/li>\n<li>Sistema de drenaje de condensados.<\/li>\n<li>Bancada incluida.<\/li>\n<li>Bater\u00eda de calor interna (agua o el\u00e9ctrica) opcional en modelos horizontales, en caj\u00f3n externo para modelos laterales. Posibilidad de suministrar bater\u00edas de agua fr\u00eda o de expansi\u00f3n directa en m\u00f3dulo adicional (modelos laterales y verticales).<\/li>\n<li>Gama que cumple con el reglamento 1253\/2014 (ErP 2018): alta eficiencia, motores tipo \u00abEC\u00bb de bajo consumo y variador integrado, By-pass 100% y control de serie.<\/li>\n<\/ul>\n<p><a href=\"https:\/\/mpfred.com\/wp-content\/uploads\/2023\/12\/04-URR_-COMPAC-2020-2_compressed.pdf\" target=\"_blank\" rel=\"noopener\"><img loading=\"lazy\" decoding=\"async\" class=\"alignnone wp-image-355 size-full\" src=\"https:\/\/mpfred.com\/wp-content\/uploads\/2023\/11\/pdf.png\" alt=\"\" width=\"64\" height=\"64\" \/><\/a><\/p>\n<p style=\"text-align: left;\">\u00a0 \u00a0 \u00a0 \u00a0 <a href=\"https:\/\/mpfred.com\/wp-content\/uploads\/2023\/12\/04-URR_-COMPAC-2020-2_compressed.pdf\" target=\"_blank\" rel=\"noopener\">Cat\u00e0leg PDF<\/a><\/p>\n","protected":false},"excerpt":{"rendered":"<p>Gama comercial con caudales desde 1.200 hasta 10.000 m3\/h, con recuperador de calor rotativo. Dise\u00f1o compacto con salidas hacia los laterales o hacia arriba. Intercambiador alta eficiencia (&gt;80%). Permite recuperar el calor latente adem\u00e1s del calor sensible. Ventiladores radiales con motor EC, variador de frecuencia integrado. Control Regin de serie que regula la velocidad de [&hellip;]<\/p>\n","protected":false},"featured_media":1228,"template":"","meta":{"_seopress_robots_primary_cat":"none","_seopress_titles_title":"","_seopress_titles_desc":"","_seopress_robots_index":""},"product_brand":[136],"product_cat":[50],"product_tag":[],"class_list":{"0":"post-1225","1":"product","2":"type-product","3":"status-publish","4":"has-post-thumbnail","6":"product_brand-luymar","7":"product_cat-recuperadors","9":"first","10":"instock","11":"featured","12":"shipping-taxable","13":"product-type-simple"},"_links":{"self":[{"href":"https:\/\/mpfred.com\/es\/wp-json\/wp\/v2\/product\/1225","targetHints":{"allow":["GET"]}}],"collection":[{"href":"https:\/\/mpfred.com\/es\/wp-json\/wp\/v2\/product"}],"about":[{"href":"https:\/\/mpfred.com\/es\/wp-json\/wp\/v2\/types\/product"}],"wp:featuredmedia":[{"embeddable":true,"href":"https:\/\/mpfred.com\/es\/wp-json\/wp\/v2\/media\/1228"}],"wp:attachment":[{"href":"https:\/\/mpfred.com\/es\/wp-json\/wp\/v2\/media?parent=1225"}],"wp:term":[{"taxonomy":"product_brand","embeddable":true,"href":"https:\/\/mpfred.com\/es\/wp-json\/wp\/v2\/product_brand?post=1225"},{"taxonomy":"product_cat","embeddable":true,"href":"https:\/\/mpfred.com\/es\/wp-json\/wp\/v2\/product_cat?post=1225"},{"taxonomy":"product_tag","embeddable":true,"href":"https:\/\/mpfred.com\/es\/wp-json\/wp\/v2\/product_tag?post=1225"}],"curies":[{"name":"wp","href":"https:\/\/api.w.org\/{rel}","templated":true}]}}