{"id":1220,"date":"2023-12-14T15:43:58","date_gmt":"2023-12-14T14:43:58","guid":{"rendered":"https:\/\/mpfred.com\/?post_type=product&#038;p=1220"},"modified":"2025-08-01T10:42:04","modified_gmt":"2025-08-01T09:42:04","slug":"ur-he-recuperador-comercial-alta-eficacia","status":"publish","type":"product","link":"https:\/\/mpfred.com\/es\/producte\/ur-he-recuperador-comercial-alta-eficacia\/","title":{"rendered":"UR-HE Recuperador Comercial Alta Eficacia"},"content":{"rendered":"<ul>\n<li>Recuperador de calor para instalaci\u00f3n en locales comerciales con intercambiador de contraflujo de alto rendimiento (hasta 93%).<\/li>\n<li>Caudales desde 600 hasta 10.000 m3\/h.<\/li>\n<li>Estructura de perfil de aluminio y paneles s\u00e1ndwich con lana de roca de 25 mm de espesor para los equipos hasta el UR-33\/HE y de 45 mm con poliuretano a partir del UR-42\/HE<\/li>\n<li>Bocas intercambiables y registros laterales para todos los modelos. Registros superiores e inferiores para los modelos hasta el UR-33\/HE.<\/li>\n<li>Dise\u00f1o de altura reducida para su instalaci\u00f3n en falsos techos (hasta UR-33\/HE).<\/li>\n<li>Versiones verticales disponibles.<\/li>\n<li>Control de serie que regula la velocidad de los ventiladores, el bypass (sondas de temperatura incluidas), la alarma de filtros sucios.<\/li>\n<li>Posibilidad de montar sondas opcionales.<\/li>\n<li>Bater\u00eda de calor interna opcional. Posibilidad de montar bater\u00edas el\u00e9ctricas, de agua fr\u00eda o de expansi\u00f3n directa en caj\u00f3n externo.<\/li>\n<li>Gama que cumple con el reglamento 1253\/2014 (ErP 2018): alta eficiencia, motores tipo \u00abEC\u00bb de bajo consumo y variador integrado, By-pass 100% y control de serie.<\/li>\n<li>Mediciones realizadas en laboratorio seg\u00fan normativa aplicable (entre ellas AMCA 200-07 y UNE EN 308).<\/li>\n<li>Equipos hasta UR-33\/HE ensayados con boca circular. Equipos del UR-42\/HE al UR-90\/HE ensayados con boca rectangular.<\/li>\n<li>Filtros F6+F8 en impulsi\u00f3n y F6 en extracci\u00f3n.<\/li>\n<\/ul>\n<p><a href=\"https:\/\/mpfred.com\/wp-content\/uploads\/2023\/12\/RECUPERADOR-UR-HE-WEB-21_compressed.pdf\" target=\"_blank\" rel=\"noopener\"><img loading=\"lazy\" decoding=\"async\" class=\"alignnone wp-image-355 size-full\" src=\"https:\/\/mpfred.com\/wp-content\/uploads\/2023\/11\/pdf.png\" alt=\"\" width=\"64\" height=\"64\" \/><\/a><\/p>\n<p style=\"text-align: left;\">\u00a0 \u00a0 \u00a0 \u00a0 <a href=\"https:\/\/mpfred.com\/wp-content\/uploads\/2023\/12\/RECUPERADOR-UR-HE-WEB-21_compressed.pdf\" target=\"_blank\" rel=\"noopener\">Cat\u00e0leg PDF<\/a><\/p>\n","protected":false},"excerpt":{"rendered":"<p>Recuperador de calor para instalaci\u00f3n en locales comerciales con intercambiador de contraflujo de alto rendimiento (hasta 93%). Caudales desde 600 hasta 10.000 m3\/h. Estructura de perfil de aluminio y paneles s\u00e1ndwich con lana de roca de 25 mm de espesor para los equipos hasta el UR-33\/HE y de 45 mm con poliuretano a partir del [&hellip;]<\/p>\n","protected":false},"featured_media":1223,"template":"","meta":{"_seopress_robots_primary_cat":"none","_seopress_titles_title":"","_seopress_titles_desc":"","_seopress_robots_index":""},"product_brand":[136],"product_cat":[50],"product_tag":[],"class_list":{"0":"post-1220","1":"product","2":"type-product","3":"status-publish","4":"has-post-thumbnail","6":"product_brand-luymar","7":"product_cat-recuperadors","9":"first","10":"instock","11":"featured","12":"shipping-taxable","13":"product-type-simple"},"_links":{"self":[{"href":"https:\/\/mpfred.com\/es\/wp-json\/wp\/v2\/product\/1220","targetHints":{"allow":["GET"]}}],"collection":[{"href":"https:\/\/mpfred.com\/es\/wp-json\/wp\/v2\/product"}],"about":[{"href":"https:\/\/mpfred.com\/es\/wp-json\/wp\/v2\/types\/product"}],"wp:featuredmedia":[{"embeddable":true,"href":"https:\/\/mpfred.com\/es\/wp-json\/wp\/v2\/media\/1223"}],"wp:attachment":[{"href":"https:\/\/mpfred.com\/es\/wp-json\/wp\/v2\/media?parent=1220"}],"wp:term":[{"taxonomy":"product_brand","embeddable":true,"href":"https:\/\/mpfred.com\/es\/wp-json\/wp\/v2\/product_brand?post=1220"},{"taxonomy":"product_cat","embeddable":true,"href":"https:\/\/mpfred.com\/es\/wp-json\/wp\/v2\/product_cat?post=1220"},{"taxonomy":"product_tag","embeddable":true,"href":"https:\/\/mpfred.com\/es\/wp-json\/wp\/v2\/product_tag?post=1220"}],"curies":[{"name":"wp","href":"https:\/\/api.w.org\/{rel}","templated":true}]}}