{"id":1212,"date":"2023-12-14T15:33:33","date_gmt":"2023-12-14T14:33:33","guid":{"rendered":"https:\/\/mpfred.com\/?post_type=product&#038;p=1212"},"modified":"2025-08-01T10:42:05","modified_gmt":"2025-08-01T09:42:05","slug":"ur-eco-recuperador-domestico","status":"publish","type":"product","link":"https:\/\/mpfred.com\/es\/producte\/ur-eco-recuperador-domestico\/","title":{"rendered":"UR-ECO Recuperador Dom\u00e9stico"},"content":{"rendered":"<ul>\n<li>Recuperador de calor dom\u00e9stico para instalaci\u00f3n en viviendas con intercambiador de contraflujo de alto rendimiento (hasta 93%).<\/li>\n<li>Caudales disponibles desde 150 a 500m3\/h.<\/li>\n<li>Motores tipo EC de bajo consumo.<\/li>\n<li>Especialmente recomendado para instalaciones en viviendas unifamiliares y superando los requisitos exigidos en el C\u00f3digo T\u00e9cnico de Edificaci\u00f3n.<\/li>\n<li>Integra un bypass para free-cooling, desagu\u0308e de condensados y filtros G4 (F7 opcional).<\/li>\n<li>Control completo de la unidad y todos sus componentes a trav\u00e9s de una pantalla.<\/li>\n<li>Dise\u00f1o de altura reducida para su instalaci\u00f3n en falsos techos.<\/li>\n<li>Carcasa e interior fabricados en panel de 10mm de espesor.<\/li>\n<li>Filtros de acceso f\u00e1cil por debajo, sin necesidad de abrir el equipo y sin herramientas.<\/li>\n<\/ul>\n<p><a href=\"https:\/\/mpfred.com\/wp-content\/uploads\/2023\/12\/01-UR_ECO-2020_2_compressed.pdf\" target=\"_blank\" rel=\"noopener\"><img loading=\"lazy\" decoding=\"async\" class=\"alignnone wp-image-355 size-full\" src=\"https:\/\/mpfred.com\/wp-content\/uploads\/2023\/11\/pdf.png\" alt=\"\" width=\"64\" height=\"64\" \/><\/a><\/p>\n<p style=\"text-align: left;\">\u00a0 \u00a0 \u00a0 \u00a0 <a href=\"https:\/\/mpfred.com\/wp-content\/uploads\/2023\/12\/01-UR_ECO-2020_2_compressed.pdf\" target=\"_blank\" rel=\"noopener\">Cat\u00e0leg PDF<\/a><\/p>\n","protected":false},"excerpt":{"rendered":"<p>Recuperador de calor dom\u00e9stico para instalaci\u00f3n en viviendas con intercambiador de contraflujo de alto rendimiento (hasta 93%). Caudales disponibles desde 150 a 500m3\/h. Motores tipo EC de bajo consumo. Especialmente recomendado para instalaciones en viviendas unifamiliares y superando los requisitos exigidos en el C\u00f3digo T\u00e9cnico de Edificaci\u00f3n. Integra un bypass para free-cooling, desagu\u0308e de condensados [&hellip;]<\/p>\n","protected":false},"featured_media":1215,"template":"","meta":{"_seopress_robots_primary_cat":"none","_seopress_titles_title":"","_seopress_titles_desc":"","_seopress_robots_index":""},"product_brand":[136],"product_cat":[50],"product_tag":[],"class_list":{"0":"post-1212","1":"product","2":"type-product","3":"status-publish","4":"has-post-thumbnail","6":"product_brand-luymar","7":"product_cat-recuperadors","9":"first","10":"instock","11":"featured","12":"shipping-taxable","13":"product-type-simple"},"_links":{"self":[{"href":"https:\/\/mpfred.com\/es\/wp-json\/wp\/v2\/product\/1212","targetHints":{"allow":["GET"]}}],"collection":[{"href":"https:\/\/mpfred.com\/es\/wp-json\/wp\/v2\/product"}],"about":[{"href":"https:\/\/mpfred.com\/es\/wp-json\/wp\/v2\/types\/product"}],"wp:featuredmedia":[{"embeddable":true,"href":"https:\/\/mpfred.com\/es\/wp-json\/wp\/v2\/media\/1215"}],"wp:attachment":[{"href":"https:\/\/mpfred.com\/es\/wp-json\/wp\/v2\/media?parent=1212"}],"wp:term":[{"taxonomy":"product_brand","embeddable":true,"href":"https:\/\/mpfred.com\/es\/wp-json\/wp\/v2\/product_brand?post=1212"},{"taxonomy":"product_cat","embeddable":true,"href":"https:\/\/mpfred.com\/es\/wp-json\/wp\/v2\/product_cat?post=1212"},{"taxonomy":"product_tag","embeddable":true,"href":"https:\/\/mpfred.com\/es\/wp-json\/wp\/v2\/product_tag?post=1212"}],"curies":[{"name":"wp","href":"https:\/\/api.w.org\/{rel}","templated":true}]}}