{"id":1207,"date":"2023-12-14T15:29:05","date_gmt":"2023-12-14T14:29:05","guid":{"rendered":"https:\/\/mpfred.com\/?post_type=product&#038;p=1207"},"modified":"2025-08-01T10:42:42","modified_gmt":"2025-08-01T09:42:42","slug":"ur-ec-bc-combi","status":"publish","type":"product","link":"https:\/\/mpfred.com\/es\/producte\/ur-ec-bc-combi\/","title":{"rendered":"UR-EC \/BC COMBI"},"content":{"rendered":"<ul>\n<li>\u00a0Evaporador y Condensador de alta eficiencia, con bater\u00edas de aletas en cobre-aluminio y tubos de cobre.<\/li>\n<li>\u00a0Chapa de acero galvanizado de alta resistencia a la corrosi\u00f3n.<\/li>\n<li>\u00a0Filtros de clase G (opcionalmente se puede instalar filtros de mayor eficacia).<\/li>\n<li>\u00a0La secci\u00f3n de bomba de calor se equipa con un compresor totalmente herm\u00e9tico. Se utiliza v\u00e1lvula de expansi\u00f3n termost\u00e1tica.<\/li>\n<li>\u00a0Ventiladores de Impulsi\u00f3n y Extracci\u00f3n UR \u2013 EC\/BC COMBI (EC PLUG FAN). La unidad equipa ventiladores de Impulsi\u00f3n y<\/li>\n<li>Extracci\u00f3n de tecnolog\u00eda EC (conmutados electr\u00f3nicamente).<\/li>\n<li>\u00a0Intercambiadores aire-aire de flujo cruzado, en aluminio UR \u2013 EC\/BC A.<\/li>\n<li>\u00a0Intercambiadores aire-aire de flujo cruzado ent\u00e1lpico, en compuesto de papel-celulosa UR -EC\/BC E.<\/li>\n<li>\u00a0Sistema de control: Permite controlar asimismo la unidad remotamente desde un Sistema BMS interconectado con el control mediante protocol ModBus.(Opcionalmente BacNet).<\/li>\n<\/ul>\n<p><a href=\"https:\/\/mpfred.com\/wp-content\/uploads\/2023\/12\/UR-EC-BC-COMBI-LOW-1_compressed.pdf\" target=\"_blank\" rel=\"noopener\"><img loading=\"lazy\" decoding=\"async\" class=\"alignnone wp-image-355 size-full\" src=\"https:\/\/mpfred.com\/wp-content\/uploads\/2023\/11\/pdf.png\" alt=\"\" width=\"64\" height=\"64\" \/><\/a><\/p>\n<p style=\"text-align: left;\">\u00a0 \u00a0 \u00a0 \u00a0 <a href=\"https:\/\/mpfred.com\/wp-content\/uploads\/2023\/12\/UR-EC-BC-COMBI-LOW-1_compressed.pdf\" target=\"_blank\" rel=\"noopener\">Cat\u00e0leg PDF<\/a><\/p>\n","protected":false},"excerpt":{"rendered":"<p>\u00a0Evaporador y Condensador de alta eficiencia, con bater\u00edas de aletas en cobre-aluminio y tubos de cobre. \u00a0Chapa de acero galvanizado de alta resistencia a la corrosi\u00f3n. \u00a0Filtros de clase G (opcionalmente se puede instalar filtros de mayor eficacia). \u00a0La secci\u00f3n de bomba de calor se equipa con un compresor totalmente herm\u00e9tico. Se utiliza v\u00e1lvula de [&hellip;]<\/p>\n","protected":false},"featured_media":1210,"template":"","meta":{"_seopress_robots_primary_cat":"none","_seopress_titles_title":"","_seopress_titles_desc":"","_seopress_robots_index":""},"product_brand":[136],"product_cat":[50],"product_tag":[],"class_list":{"0":"post-1207","1":"product","2":"type-product","3":"status-publish","4":"has-post-thumbnail","6":"product_brand-luymar","7":"product_cat-recuperadors","9":"first","10":"instock","11":"featured","12":"shipping-taxable","13":"product-type-simple"},"_links":{"self":[{"href":"https:\/\/mpfred.com\/es\/wp-json\/wp\/v2\/product\/1207","targetHints":{"allow":["GET"]}}],"collection":[{"href":"https:\/\/mpfred.com\/es\/wp-json\/wp\/v2\/product"}],"about":[{"href":"https:\/\/mpfred.com\/es\/wp-json\/wp\/v2\/types\/product"}],"wp:featuredmedia":[{"embeddable":true,"href":"https:\/\/mpfred.com\/es\/wp-json\/wp\/v2\/media\/1210"}],"wp:attachment":[{"href":"https:\/\/mpfred.com\/es\/wp-json\/wp\/v2\/media?parent=1207"}],"wp:term":[{"taxonomy":"product_brand","embeddable":true,"href":"https:\/\/mpfred.com\/es\/wp-json\/wp\/v2\/product_brand?post=1207"},{"taxonomy":"product_cat","embeddable":true,"href":"https:\/\/mpfred.com\/es\/wp-json\/wp\/v2\/product_cat?post=1207"},{"taxonomy":"product_tag","embeddable":true,"href":"https:\/\/mpfred.com\/es\/wp-json\/wp\/v2\/product_tag?post=1207"}],"curies":[{"name":"wp","href":"https:\/\/api.w.org\/{rel}","templated":true}]}}