{"id":1202,"date":"2023-12-14T15:21:56","date_gmt":"2023-12-14T14:21:56","guid":{"rendered":"https:\/\/mpfred.com\/?post_type=product&#038;p=1202"},"modified":"2025-08-01T10:42:43","modified_gmt":"2025-08-01T09:42:43","slug":"ur-ec-recuperadores-gama-comercial","status":"publish","type":"product","link":"https:\/\/mpfred.com\/es\/producte\/ur-ec-recuperadores-gama-comercial\/","title":{"rendered":"UR-EC Recuperadores Gama Comercial"},"content":{"rendered":"<ul>\n<li>Gama con caudales desde 700 hasta 6.500 m3\/h cumpliendo con el reglamento europeo de dise\u00f1o ecol\u00f3gico (1253\/2014).<\/li>\n<li>Motores electr\u00f3nicos con tecnolog\u00eda EC para un bajo consumo el\u00e9ctrico.<\/li>\n<li>Intercambiador alta eficiencia (&gt;73%), certificado por Eurovent.<\/li>\n<li>By-pass y control integrado de serie.<\/li>\n<li>Filtros seg\u00fan normativa R.I.T.E, f\u00e1cilmente extra\u00edbles. Opcional F7+F9 en impulsi\u00f3n.<\/li>\n<li>Estructura modular en chapa galvanizada<\/li>\n<li>Sistema de drenaje de condensados.<\/li>\n<li>Aislamiento perimetral de 20 mm y sandwich en techo y suelo.<\/li>\n<\/ul>\n<p>&nbsp;<\/p>\n<ul>\n<li>CONTROL DE SERIE INCLUIDO (MONTADO Y CABLEADO)<br \/>\nGesti\u00f3n del ypass en modo manual o autom\u00e1tico (por sondas de temperaturas \u2013 incluidas).<br \/>\nGesti\u00f3n manual de la velocidad de los ventiladores.<br \/>\nAlarma de filtros sucios por presostaton diferencial y por timer indicacion visual en display).<br \/>\nProgramaci\u00f3n semanal (hasta 2 arranques\/paros por d\u00eda).<br \/>\nMando a distancia con pantalla LCD (3 hilos).<\/li>\n<\/ul>\n<p><a href=\"https:\/\/mpfred.com\/wp-content\/uploads\/2023\/12\/RECUPERADOR-UR-EC-WEB-21_compressed.pdf\" target=\"_blank\" rel=\"noopener\"><img loading=\"lazy\" decoding=\"async\" class=\"alignnone wp-image-355 size-full\" src=\"https:\/\/mpfred.com\/wp-content\/uploads\/2023\/11\/pdf.png\" alt=\"\" width=\"64\" height=\"64\" \/><\/a><\/p>\n<p style=\"text-align: left;\">\u00a0 \u00a0 \u00a0 \u00a0 <a href=\"https:\/\/mpfred.com\/wp-content\/uploads\/2023\/12\/RECUPERADOR-UR-EC-WEB-21_compressed.pdf\" target=\"_blank\" rel=\"noopener\">Cat\u00e0leg PDF<\/a><\/p>\n","protected":false},"excerpt":{"rendered":"<p>Gama con caudales desde 700 hasta 6.500 m3\/h cumpliendo con el reglamento europeo de dise\u00f1o ecol\u00f3gico (1253\/2014). Motores electr\u00f3nicos con tecnolog\u00eda EC para un bajo consumo el\u00e9ctrico. Intercambiador alta eficiencia (&gt;73%), certificado por Eurovent. By-pass y control integrado de serie. Filtros seg\u00fan normativa R.I.T.E, f\u00e1cilmente extra\u00edbles. Opcional F7+F9 en impulsi\u00f3n. Estructura modular en chapa galvanizada [&hellip;]<\/p>\n","protected":false},"featured_media":1203,"template":"","meta":{"_seopress_robots_primary_cat":"none","_seopress_titles_title":"","_seopress_titles_desc":"","_seopress_robots_index":""},"product_brand":[136],"product_cat":[50],"product_tag":[],"class_list":{"0":"post-1202","1":"product","2":"type-product","3":"status-publish","4":"has-post-thumbnail","6":"product_brand-luymar","7":"product_cat-recuperadors","9":"first","10":"instock","11":"featured","12":"shipping-taxable","13":"product-type-simple"},"_links":{"self":[{"href":"https:\/\/mpfred.com\/es\/wp-json\/wp\/v2\/product\/1202","targetHints":{"allow":["GET"]}}],"collection":[{"href":"https:\/\/mpfred.com\/es\/wp-json\/wp\/v2\/product"}],"about":[{"href":"https:\/\/mpfred.com\/es\/wp-json\/wp\/v2\/types\/product"}],"wp:featuredmedia":[{"embeddable":true,"href":"https:\/\/mpfred.com\/es\/wp-json\/wp\/v2\/media\/1203"}],"wp:attachment":[{"href":"https:\/\/mpfred.com\/es\/wp-json\/wp\/v2\/media?parent=1202"}],"wp:term":[{"taxonomy":"product_brand","embeddable":true,"href":"https:\/\/mpfred.com\/es\/wp-json\/wp\/v2\/product_brand?post=1202"},{"taxonomy":"product_cat","embeddable":true,"href":"https:\/\/mpfred.com\/es\/wp-json\/wp\/v2\/product_cat?post=1202"},{"taxonomy":"product_tag","embeddable":true,"href":"https:\/\/mpfred.com\/es\/wp-json\/wp\/v2\/product_tag?post=1202"}],"curies":[{"name":"wp","href":"https:\/\/api.w.org\/{rel}","templated":true}]}}